{"id":7,"date":"2013-11-15T11:49:44","date_gmt":"2013-11-15T11:49:44","guid":{"rendered":"https:\/\/blogs.ua.es\/elche8\/?page_id=7"},"modified":"2014-01-13T23:09:07","modified_gmt":"2014-01-13T22:09:07","slug":"explicacion","status":"publish","type":"page","link":"https:\/\/blogs.ua.es\/elche8\/explicacion\/","title":{"rendered":"Explicaci\u00f3n"},"content":{"rendered":"<p>Los 3 integrantes de este grupo de trabajo para la creaci\u00f3n de este blog \u00a0tenemos como objetivo de acercar a todos los internautas, todos los elementos publicitarios que se pueden divisar en la 3\u00ba ciudad de la Comunidad Valenciana, pero tambi\u00e9n ir m\u00e1s all\u00e1 buscando la esencia del anuncio \u00bfCual es la esencia? pues como todo en esta vida las empresas o instituciones que est\u00e1n detr\u00e1s de estos anuncios tienen una historia que contar y eso es lo que queremos plasmar en este trabajo. Solo esperar que sea de vuestro agrado y que recib\u00e1is un saludo de los creadores de este blog.<\/p>\n","protected":false},"excerpt":{"rendered":"<p>Los 3 integrantes de este grupo de trabajo para la creaci\u00f3n de este blog \u00a0tenemos como objetivo de acercar a todos los internautas, todos los elementos publicitarios que se pueden divisar en la 3\u00ba ciudad de la Comunidad Valenciana, pero tambi\u00e9n ir m\u00e1s all\u00e1 buscando la esencia del anuncio \u00bfCual es la esencia? pues como [&hellip;]<\/p>\n","protected":false},"author":3328,"featured_media":0,"parent":0,"menu_order":1,"comment_status":"open","ping_status":"open","template":"","meta":{"footnotes":""},"class_list":["post-7","page","type-page","status-publish","hentry"],"_links":{"self":[{"href":"https:\/\/blogs.ua.es\/elche8\/wp-json\/wp\/v2\/pages\/7","targetHints":{"allow":["GET"]}}],"collection":[{"href":"https:\/\/blogs.ua.es\/elche8\/wp-json\/wp\/v2\/pages"}],"about":[{"href":"https:\/\/blogs.ua.es\/elche8\/wp-json\/wp\/v2\/types\/page"}],"author":[{"embeddable":true,"href":"https:\/\/blogs.ua.es\/elche8\/wp-json\/wp\/v2\/users\/3328"}],"replies":[{"embeddable":true,"href":"https:\/\/blogs.ua.es\/elche8\/wp-json\/wp\/v2\/comments?post=7"}],"version-history":[{"count":3,"href":"https:\/\/blogs.ua.es\/elche8\/wp-json\/wp\/v2\/pages\/7\/revisions"}],"predecessor-version":[{"id":305,"href":"https:\/\/blogs.ua.es\/elche8\/wp-json\/wp\/v2\/pages\/7\/revisions\/305"}],"wp:attachment":[{"href":"https:\/\/blogs.ua.es\/elche8\/wp-json\/wp\/v2\/media?parent=7"}],"curies":[{"name":"wp","href":"https:\/\/api.w.org\/{rel}","templated":true}]}}