{"id":146,"date":"2010-11-08T15:24:32","date_gmt":"2010-11-08T13:24:32","guid":{"rendered":"https:\/\/blogs.ua.es\/elconcurs\/"},"modified":"2013-10-08T13:40:00","modified_gmt":"2013-10-08T11:40:00","slug":"bases-del-concurs","status":"publish","type":"page","link":"https:\/\/blogs.ua.es\/elconcurs\/bases-del-concurs\/","title":{"rendered":"Bases del concurs"},"content":{"rendered":"<p><strong>VI CONCURS DE CURTMETRATGES, VIDEOCLIPS I AUDIOVISUALS PUBLICITARIS (2013)<\/strong><\/p>\n<p>La Facultat de Ci\u00e8ncies Econ\u00f2miques i Empresarials, l&#8217;Escola Polit\u00e8cnica Superior i el Vicerectorat de Cultura, Esports i Pol\u00edtica Ling\u00fc\u00edstica de la Universitat d&#8217;Alacant convoquen el VI Concurs de Curtmetratges, Videoclips i Audiovisuals Publicitaris de la Universitat d&#8217;Alacant d&#8217;acord amb les bases seg\u00fcents:<\/p>\n<p><strong>Participants<\/strong><\/p>\n<p>1. Hi pot conc\u00f3rrer qualsevol persona vinculada a la Universitat d&#8217;Alacant: alumnes, professorat, membres del personal d&#8217;administraci\u00f3 i serveis i exalumnes. A aquest efecte, es consideren estudiants de la UA les persones matriculades en estudis de 1r, 2n, 3r cicle i cursos de postgrau oficials i propis, en estudis de formaci\u00f3 cont\u00ednua (cursos organitzats per l&#8217;Institut de Ci\u00e8ncies de l&#8217;Educaci\u00f3) i en estudis de formaci\u00f3 complement\u00e0ria (cursos organitzats pel Centre Coordinador de Seus Universit\u00e0ries, per AULAS, pel Centre d&#8217;Estudis Orientals, pel Servei de Promoci\u00f3 del Valenci\u00e0, pel Secretariat de Cultura, per la Universitat Permanent i per la Universitat d&#8217;Estiu Rafael Altamira). En el cas d&#8217;equips participants, nom\u00e9s caldr\u00e0 que el representant de l&#8217;equip tinga vinculaci\u00f3 amb la UA.<\/p>\n<p><strong>Condicions t\u00e8cniques dels curtmetratges<\/strong><\/p>\n<p>2. Els curtmetratges hauran de tenir una durada m\u00e0xima de 25 minuts (incloent-hi els cr\u00e8dits).<\/p>\n<p>3. Els curtmetratges hauran de ser en format v\u00eddeo digital.<\/p>\n<p>4. Els curtmetratges hauran de ser en valenci\u00e0, amb guions originals i in\u00e8dits, no premiats en concursos anteriors. Es recomana als autors que necessiten suport ling\u00fc\u00edstic que s&#8217;adrecen al Servei de Pol\u00edtica Ling\u00fc\u00edstica.<\/p>\n<p>5. Les obres han d&#8217;estar produ\u00efdes despr\u00e9s de l&#8217;1 de gener del 2012.<\/p>\n<p><strong>Condicions t\u00e8cniques dels videoclips i els audiovisuals publicitaris<\/strong><\/p>\n<p>6. Els videoclips i els audiovisuals publicitaris hauran de tenir una durada m\u00e0xima de 10 minuts (incloent-hi els cr\u00e8dits).<\/p>\n<p>7. Els videoclips i els audiovisuals publicitaris hauran de ser en format v\u00eddeo digital.<\/p>\n<p>8. Els videoclips i els audiovisuals publicitaris hauran de ser en valenci\u00e0. Es recomana als autors que necessiten suport ling\u00fc\u00edstic que s&#8217;adrecen al Servei de Pol\u00edtica Ling\u00fc\u00edstica.<\/p>\n<p>9. Les obres han d&#8217;estar produ\u00efdes despr\u00e9s de l&#8217;1 de gener del 2012.<\/p>\n<p><strong>Premis<\/strong><\/p>\n<p>10. S&#8217;estableixen els premis seg\u00fcents:<\/p>\n<p>10.1 Primer Premi al Millor Curtmetratge, dotat amb 500 \u20ac.<\/p>\n<p>10.2 Segon Premi al Millor Curtmetratge, dotat amb 250 \u20ac.<\/p>\n<p>10.2 Primer Premi al Millor Videoclip o Espot Publicitari, dotat amb 500 \u20ac.<\/p>\n<p>10.3 Segon Premi al Millor Videoclip o Espot Publicitari, dotat amb 250 \u20ac.<\/p>\n<p>10.4 En el cas que algun d&#8217;aquests premis quede desert, el jurat es reserva la possibilitat de distribuir la dotaci\u00f3 corresponent entre les altres obres premiades.<\/p>\n<p>10.5 Es podran concedir, a m\u00e9s, mencions als curtmetratges, videoclips i espots publicitaris amb una dotaci\u00f3 de 100 \u20ac.<\/p>\n<p><strong>Participaci\u00f3 en el concurs<\/strong><\/p>\n<p>11. Els treballs s&#8217;han de presentar en un sobre tancat en l&#8217;exterior del qual ha de figurar el t\u00edtol de l&#8217;obra. En l&#8217;interior del sobre cal introduir:<\/p>\n<p>11.1 El nom, adre\u00e7a, tel\u00e8fon i correu electr\u00f2nic de l&#8217;autor o del representant dels autors.<\/p>\n<p>11.2 Fotoc\u00f2pia del DNI, del rebut de matr\u00edcula de la Universitat d&#8217;Alacant (o certificaci\u00f3 d&#8217;haver sigut alumne de la UA) i de la cartilla del compte bancari on s&#8217;ha de fer l&#8217;ingr\u00e9s en cas de ser premiat.<\/p>\n<p>11.3 C\u00f2pia en DVD format PAL degudament retolat amb el t\u00edtol del curtmetratge, videoclip o audiovisual publicitari.<\/p>\n<p>11.4 Dues fotografies de l&#8217;obra (en format jpg).<\/p>\n<p>11.5 Dossier que incloga un CD amb la fitxa t\u00e8cnica, fitxa art\u00edstica i sinopsi (en format odt, doc, rtf o txt).<\/p>\n<p>12. Cal presentar o enviar el sobre a la sala Aifos. Edifici C de Filosofia i Lletres (apartat de correus 99, 03080 Alacant).<\/p>\n<p>13. El termini de presentaci\u00f3 de treballs comen\u00e7a el 25 d&#8217;abril del 2013 i finalitza el 30 de novembre del 2013.<\/p>\n<p><strong>Jurat<\/strong><\/p>\n<p>14. El jurat estar\u00e0 format per representants dels centres i el vicerectorat convocants.<\/p>\n<p>15. La resoluci\u00f3 del jurat es publicar\u00e0 en la p\u00e0gina web del Vicerectorat de Cultura, Esports i Pol\u00edtica Ling\u00fc\u00edstica. L&#8217;acte de lliurament dels premis es far\u00e0 el dimecres 11 de desembre. Els autors premiats hauran d&#8217;assistir personalment, o per mitj\u00e0 de representant en cas de resultar-los impossible, a aquest acte.<\/p>\n<p><strong>Treballs presentats<\/strong><\/p>\n<p>16. Els treballs presentats passaran a formar part del fons de l&#8217;Aula de Cinema de la Universitat d&#8217;Alacant. La Universitat es reserva el dret d&#8217;utilitzar els treballs presentats per a finalitats no comercials, per a l&#8217;exhibici\u00f3 sense \u00e0nim de lucre en activitats de promoci\u00f3 del cinema en valenci\u00e0 o de suport a la doc\u00e8ncia.<\/p>\n<p>17. Els autors i autores podran fer \u00fas de les obres premiades sempre que facen constar en els t\u00edtols de cr\u00e8dit el premi atorgat per la Universitat d&#8217;Alacant.<\/p>\n<p>18. La participaci\u00f3 en aquesta convocat\u00f2ria comporta l&#8217;acceptaci\u00f3 d&#8217;aquestes bases, que podran ser interpretades pel jurat i les entitats convocants en aquells aspectes no previstos inicialment.<\/p>\n","protected":false},"excerpt":{"rendered":"<p>VI CONCURS DE CURTMETRATGES, VIDEOCLIPS I AUDIOVISUALS PUBLICITARIS (2013) La Facultat de Ci\u00e8ncies Econ\u00f2miques i Empresarials, l&#8217;Escola Polit\u00e8cnica Superior i el Vicerectorat de Cultura, Esports i Pol\u00edtica Ling\u00fc\u00edstica de la Universitat d&#8217;Alacant convoquen el VI Concurs de Curtmetratges, Videoclips i Audiovisuals Publicitaris de la Universitat d&#8217;Alacant d&#8217;acord amb les bases seg\u00fcents: Participants 1. Hi pot [&hellip;]<\/p>\n","protected":false},"author":1493,"featured_media":0,"parent":0,"menu_order":0,"comment_status":"closed","ping_status":"open","template":"","meta":{"footnotes":""},"class_list":["post-146","page","type-page","status-publish","hentry"],"_links":{"self":[{"href":"https:\/\/blogs.ua.es\/elconcurs\/wp-json\/wp\/v2\/pages\/146","targetHints":{"allow":["GET"]}}],"collection":[{"href":"https:\/\/blogs.ua.es\/elconcurs\/wp-json\/wp\/v2\/pages"}],"about":[{"href":"https:\/\/blogs.ua.es\/elconcurs\/wp-json\/wp\/v2\/types\/page"}],"author":[{"embeddable":true,"href":"https:\/\/blogs.ua.es\/elconcurs\/wp-json\/wp\/v2\/users\/1493"}],"replies":[{"embeddable":true,"href":"https:\/\/blogs.ua.es\/elconcurs\/wp-json\/wp\/v2\/comments?post=146"}],"version-history":[{"count":16,"href":"https:\/\/blogs.ua.es\/elconcurs\/wp-json\/wp\/v2\/pages\/146\/revisions"}],"predecessor-version":[{"id":150,"href":"https:\/\/blogs.ua.es\/elconcurs\/wp-json\/wp\/v2\/pages\/146\/revisions\/150"}],"wp:attachment":[{"href":"https:\/\/blogs.ua.es\/elconcurs\/wp-json\/wp\/v2\/media?parent=146"}],"curies":[{"name":"wp","href":"https:\/\/api.w.org\/{rel}","templated":true}]}}