{"id":176,"date":"2010-11-08T19:25:33","date_gmt":"2010-11-08T17:25:33","guid":{"rendered":"https:\/\/blogs.ua.es\/elconcurs\/"},"modified":"2011-10-25T10:25:49","modified_gmt":"2011-10-25T08:25:49","slug":"edicio-2009-2010","status":"publish","type":"page","link":"https:\/\/blogs.ua.es\/elconcurs\/edicions-anteriors-2\/edicio-2009-2010\/","title":{"rendered":"III edici\u00f3 (2009-2010)"},"content":{"rendered":"<h4>Obres premiades en l&#8217;edici\u00f3 2009-2010 del concurs (<a title=\"Acta 2009-2010\" href=\"https:\/\/blogs.ua.es\/elconcurs\/files\/2010\/11\/acta_2009_2010.pdf\">acc\u00e9s a l&#8217;acta en pdf<\/a>).<\/h4>\n<h4><span style=\"color: #008000\">&#8211; 1r Premi als Videoclips<\/span><\/h4>\n<p><strong><em>Balla<\/em> (Whiskin\u2019s)<\/strong>, de Javier Mart\u00ednez Jim\u00e9nez, Raquel Bellot Navarro, Eduardo Melgosa Sancho i \u00c1lavaro Renzullo Marfil<\/p>\n<p><code>[kml_flashembed movie=\"http:\/\/www.youtube.com\/v\/yefmzR9FBU0\" width=\"480\" height=\"385\" <\/code><code>wmode=\"transparent\" \/]<\/code><\/p>\n<h4><span style=\"color: #008000\">&#8211; Menci\u00f3 a la qualitat t\u00e8cnica (videoclips)<\/span><\/h4>\n<p><strong><em>Corren<\/em> (Gossos)<\/strong>, de M\u00edriam Juan Sanz, Adri\u00e1n Mart\u00ednez Pina, Ana Blasco Guirau, Jacobo Ram\u00f3n \u00c1lvarez i Isabel Garc\u00eda Gonz\u00e1lez<\/p>\n<p><code>[kml_flashembed movie=\"http:\/\/www.youtube.com\/v\/SE86ruiGF1o\" width=\"480\" height=\"385\" <\/code><code>wmode=\"transparent\" \/]<\/code><\/p>\n<h4><span style=\"color: #008000\">&#8211; Menci\u00f3 a la millor animaci\u00f3 (videoclips)<\/span><\/h4>\n<p><strong><em>Mentides<\/em> (Sant Gatxo)<\/strong>, d\u2019Iris Rocamora Parga, Estefan\u00eda Garc\u00eda Copete, Roc\u00edo Rodr\u00edguez Maldonado i V\u00edctor Rico Reche<\/p>\n<p><code>[kml_flashembed movie=\"http:\/\/www.youtube.com\/v\/Ej_eGbH2c_E\" width=\"480\" height=\"385\" <\/code><code>wmode=\"transparent\" \/]<\/code><\/p>\n<h4><span style=\"color: #008000\">&#8211; Menci\u00f3 a la capacitat de fer confluir una hist\u00f2ria de ficci\u00f3 amb una reivindicaci\u00f3 social (curtmetratge)<\/span><\/h4>\n<p><strong><em>En silenci<\/em><\/strong>, d\u2019Alba Brotons Moyano<\/p>\n<p><code>[kml_flashembed movie=\"http:\/\/www.youtube.com\/v\/W4f0958hJUo\" width=\"480\" height=\"385\" <\/code><code>wmode=\"transparent\" \/]<\/code><\/p>\n<h4><span style=\"color: #008000\">&#8211; Menci\u00f3 a la capacitat suggeridora (curtmetratge)<\/span><\/h4>\n<p><strong><em>100 segons<\/em><\/strong>, d\u2019\u00c1ngel Puado Veloso<\/p>\n<p><code>[kml_flashembed movie=\"http:\/\/www.youtube.com\/v\/P61HQTMP8BM\" width=\"480\" height=\"385\" <\/code><code>wmode=\"transparent\" \/]<\/code><\/p>\n","protected":false},"excerpt":{"rendered":"<p>Obres premiades en l&#8217;edici\u00f3 2009-2010 del concurs (acc\u00e9s a l&#8217;acta en pdf). &#8211; 1r Premi als Videoclips Balla (Whiskin\u2019s), de Javier Mart\u00ednez Jim\u00e9nez, Raquel Bellot Navarro, Eduardo Melgosa Sancho i \u00c1lavaro Renzullo Marfil [kml_flashembed movie=&#8221;http:\/\/www.youtube.com\/v\/yefmzR9FBU0&#8243; width=&#8221;480&#8243; height=&#8221;385&#8243; wmode=&#8221;transparent&#8221; \/] &#8211; Menci\u00f3 a la qualitat t\u00e8cnica (videoclips) Corren (Gossos), de M\u00edriam Juan Sanz, Adri\u00e1n Mart\u00ednez Pina, [&hellip;]<\/p>\n","protected":false},"author":1493,"featured_media":0,"parent":173,"menu_order":2,"comment_status":"open","ping_status":"closed","template":"","meta":{"footnotes":""},"class_list":["post-176","page","type-page","status-publish","hentry"],"_links":{"self":[{"href":"https:\/\/blogs.ua.es\/elconcurs\/wp-json\/wp\/v2\/pages\/176","targetHints":{"allow":["GET"]}}],"collection":[{"href":"https:\/\/blogs.ua.es\/elconcurs\/wp-json\/wp\/v2\/pages"}],"about":[{"href":"https:\/\/blogs.ua.es\/elconcurs\/wp-json\/wp\/v2\/types\/page"}],"author":[{"embeddable":true,"href":"https:\/\/blogs.ua.es\/elconcurs\/wp-json\/wp\/v2\/users\/1493"}],"replies":[{"embeddable":true,"href":"https:\/\/blogs.ua.es\/elconcurs\/wp-json\/wp\/v2\/comments?post=176"}],"version-history":[{"count":29,"href":"https:\/\/blogs.ua.es\/elconcurs\/wp-json\/wp\/v2\/pages\/176\/revisions"}],"predecessor-version":[{"id":185,"href":"https:\/\/blogs.ua.es\/elconcurs\/wp-json\/wp\/v2\/pages\/176\/revisions\/185"}],"up":[{"embeddable":true,"href":"https:\/\/blogs.ua.es\/elconcurs\/wp-json\/wp\/v2\/pages\/173"}],"wp:attachment":[{"href":"https:\/\/blogs.ua.es\/elconcurs\/wp-json\/wp\/v2\/media?parent=176"}],"curies":[{"name":"wp","href":"https:\/\/api.w.org\/{rel}","templated":true}]}}