{"id":345,"date":"2011-10-25T10:18:06","date_gmt":"2011-10-25T08:18:06","guid":{"rendered":"https:\/\/blogs.ua.es\/elconcurs\/?page_id=345"},"modified":"2011-10-25T12:12:30","modified_gmt":"2011-10-25T10:12:30","slug":"iv-edicio-2010-2011","status":"publish","type":"page","link":"https:\/\/blogs.ua.es\/elconcurs\/edicions-anteriors-2\/iv-edicio-2010-2011\/","title":{"rendered":"IV edici\u00f3 (2010-2011)"},"content":{"rendered":"<h4>Obres premiades en la IV edici\u00f3\u00a0del concurs (2010-2011) \u00a0(<a title=\"Acta 2010-2011\" href=\"https:\/\/blogs.ua.es\/elconcurs\/files\/2011\/10\/acta_2010_2011.pdf\">acc\u00e9s a l&#8217;acta en pdf<\/a>).<\/h4>\n<p>&nbsp;<\/p>\n<h4><span style=\"color: #008000\">&#8211; 1r Premi en la secci\u00f3 de Curtmetratges<\/span><\/h4>\n<p><strong><em>El somni de Ll\u00facia<\/em><\/strong>, d&#8217;Ed\u00e9n Serrano Picazo<\/p>\n<p><code>[kml_flashembed movie=\"http:\/\/www.youtube.com\/v\/a015EETnUEo\" width=\"480\" height=\"385\"\u00a0<\/code><code>wmode=\"transparent\" \/]<\/code><\/p>\n<h4><\/h4>\n<h4><span style=\"color: #008000\">&#8211; 1r Premi en la secci\u00f3 de Videoclips<\/span><\/h4>\n<p><strong><em>Cansat de caminar <\/em>(del grup Pellikana)<\/strong>, de Carlos Mart\u00ednez D\u00edez<\/p>\n<p><code>[kml_flashembed movie=\"http:\/\/www.youtube.com\/v\/jEMWH4R5kiA\" width=\"480\" height=\"385\"\u00a0<\/code><code>wmode=\"transparent\" \/]<\/code><\/p>\n<h4><\/h4>\n<h4><span style=\"color: #008000\">&#8211; Mencions al treball d\u2019animaci\u00f3, direcci\u00f3 art\u00edstica i originalitat (secci\u00f3 Videoclips)<\/span><\/h4>\n<p><strong><em>Rid\u00edcul<\/em> (del grup Fes-te fotre)<\/strong>, de Cristina Carb\u00f3 Sanchis<\/p>\n<p><code>[kml_flashembed movie=\"http:\/\/www.youtube.com\/v\/TRFvwq15rco\" width=\"480\" height=\"385\"\u00a0<\/code><code>wmode=\"transparent\" \/]<\/code><\/p>\n<h4><\/h4>\n<h4><span style=\"color: #008000\">&#8211; Mencions a la po\u00e8tica visual i la capacitat suggeridora (secci\u00f3 Videoclips)<\/span><\/h4>\n<p><strong><em>La meva terra \u00e9s el mar<\/em> (del grup Lax\u2019n\u2019Busto)<\/strong>, de Mar\u00eda Isabel Deltell Riquelme<\/p>\n<p><code>[kml_flashembed movie=\"http:\/\/www.youtube.com\/v\/nfe6ROuJdkk\" width=\"480\" height=\"385\"\u00a0<\/code><code>wmode=\"transparent\" \/]<\/code><\/p>\n<h4><\/h4>\n<h4><span style=\"color: #008000\">&#8211; Menci\u00f3 a la capacitat narrativa (secci\u00f3 Videoclips)<\/span><\/h4>\n<p><strong><em>Jean Luc<\/em> (del grup Els amics de les arts)<\/strong>, de Llu\u00eds Arnau Juan<\/p>\n<p><code>[kml_flashembed movie=\"http:\/\/www.youtube.com\/v\/r9jstwt4j0w\" width=\"480\" height=\"385\"\u00a0<\/code><code>wmode=\"transparent\" \/]<\/code><\/p>\n","protected":false},"excerpt":{"rendered":"<p>Obres premiades en la IV edici\u00f3\u00a0del concurs (2010-2011) \u00a0(acc\u00e9s a l&#8217;acta en pdf). &nbsp; &#8211; 1r Premi en la secci\u00f3 de Curtmetratges El somni de Ll\u00facia, d&#8217;Ed\u00e9n Serrano Picazo [kml_flashembed movie=&#8221;http:\/\/www.youtube.com\/v\/a015EETnUEo&#8221; width=&#8221;480&#8243; height=&#8221;385&#8243;\u00a0wmode=&#8221;transparent&#8221; \/] &#8211; 1r Premi en la secci\u00f3 de Videoclips Cansat de caminar (del grup Pellikana), de Carlos Mart\u00ednez D\u00edez [kml_flashembed movie=&#8221;http:\/\/www.youtube.com\/v\/jEMWH4R5kiA&#8221; width=&#8221;480&#8243; [&hellip;]<\/p>\n","protected":false},"author":1493,"featured_media":0,"parent":173,"menu_order":1,"comment_status":"open","ping_status":"closed","template":"","meta":{"footnotes":""},"class_list":["post-345","page","type-page","status-publish","hentry"],"_links":{"self":[{"href":"https:\/\/blogs.ua.es\/elconcurs\/wp-json\/wp\/v2\/pages\/345","targetHints":{"allow":["GET"]}}],"collection":[{"href":"https:\/\/blogs.ua.es\/elconcurs\/wp-json\/wp\/v2\/pages"}],"about":[{"href":"https:\/\/blogs.ua.es\/elconcurs\/wp-json\/wp\/v2\/types\/page"}],"author":[{"embeddable":true,"href":"https:\/\/blogs.ua.es\/elconcurs\/wp-json\/wp\/v2\/users\/1493"}],"replies":[{"embeddable":true,"href":"https:\/\/blogs.ua.es\/elconcurs\/wp-json\/wp\/v2\/comments?post=345"}],"version-history":[{"count":23,"href":"https:\/\/blogs.ua.es\/elconcurs\/wp-json\/wp\/v2\/pages\/345\/revisions"}],"predecessor-version":[{"id":353,"href":"https:\/\/blogs.ua.es\/elconcurs\/wp-json\/wp\/v2\/pages\/345\/revisions\/353"}],"up":[{"embeddable":true,"href":"https:\/\/blogs.ua.es\/elconcurs\/wp-json\/wp\/v2\/pages\/173"}],"wp:attachment":[{"href":"https:\/\/blogs.ua.es\/elconcurs\/wp-json\/wp\/v2\/media?parent=345"}],"curies":[{"name":"wp","href":"https:\/\/api.w.org\/{rel}","templated":true}]}}