{"id":399,"date":"2012-10-16T17:06:58","date_gmt":"2012-10-16T15:06:58","guid":{"rendered":"https:\/\/blogs.ua.es\/elconcurs\/?page_id=399"},"modified":"2012-10-16T17:12:25","modified_gmt":"2012-10-16T15:12:25","slug":"v-edicio-2011-2012","status":"publish","type":"page","link":"https:\/\/blogs.ua.es\/elconcurs\/edicions-anteriors-2\/v-edicio-2011-2012\/","title":{"rendered":"V edici\u00f3 (2011-2012)"},"content":{"rendered":"<p>Obres premiades en l&#8217;edici\u00f3 2011-2012 del concurs (<a title=\"Resoluci\u00f3 V Concurs\" href=\"http:\/\/www.veu.ua.es\/va\/noticia\/4267\" target=\"_blank\">acc\u00e9s a la Resoluci\u00f3<\/a>).<\/p>\n<h2><strong>1r Premi als Curtmetratges<\/strong><\/h2>\n<p><em>Defectes<\/em>, d\u2019\u00c0ngel Montenegro Beneyto<br \/>\n<iframe loading=\"lazy\" title=\"Defectes - 1r Premi Curtmetratges UA 2012\" width=\"580\" height=\"326\" src=\"https:\/\/www.youtube.com\/embed\/QCziT5rUbJs?feature=oembed\" frameborder=\"0\" allow=\"accelerometer; autoplay; clipboard-write; encrypted-media; gyroscope; picture-in-picture; web-share\" referrerpolicy=\"strict-origin-when-cross-origin\" allowfullscreen><\/iframe><\/p>\n<h2><strong>1r Premi als Videoclips<\/strong><\/h2>\n<p><em>A aquestes al\u00e7ades de la pel\u00b7l\u00edcula<\/em> (del grup Els amics de les arts, de l\u2019\u00e0lbum <em>Esp\u00e8cies per catalogar<\/em>-2012), de Mar\u00eda Jim\u00e9nez Santonja.<br \/>\n<iframe loading=\"lazy\" title=\"A aquestes al\u00e7ades de la pelicula - 1r Premi Videoclips UA 2012\" width=\"580\" height=\"326\" src=\"https:\/\/www.youtube.com\/embed\/xCFIVTAcIqQ?feature=oembed\" frameborder=\"0\" allow=\"accelerometer; autoplay; clipboard-write; encrypted-media; gyroscope; picture-in-picture; web-share\" referrerpolicy=\"strict-origin-when-cross-origin\" allowfullscreen><\/iframe><\/p>\n<h2><strong>1r Premi als Audiovisuals Publicitaris<\/strong><\/h2>\n<p><em>Massa Fum<\/em>, de Patricia Cecilia Gadea Herrera.<br \/>\n<iframe loading=\"lazy\" title=\"Massa Fum - 1r Premi Audiovisuals Publicitaris UA 2012\" width=\"580\" height=\"326\" src=\"https:\/\/www.youtube.com\/embed\/KwXoMfsDPAk?feature=oembed\" frameborder=\"0\" allow=\"accelerometer; autoplay; clipboard-write; encrypted-media; gyroscope; picture-in-picture; web-share\" referrerpolicy=\"strict-origin-when-cross-origin\" allowfullscreen><\/iframe><\/p>\n<h2><strong>Menci\u00f3 a la capacitat t\u00e8cnica (secci\u00f3 Videoclips)<\/strong><\/h2>\n<p><em>Soroll<\/em> (del grup Els Pets), de Cristina Domene Bevi\u00e1.<br \/>\n<iframe loading=\"lazy\" title=\"Soroll - Menci\u00f3 a la capacitat t\u00e8cnica Videoclips UA 2012\" width=\"580\" height=\"326\" src=\"https:\/\/www.youtube.com\/embed\/UBFcTzNTmpk?feature=oembed\" frameborder=\"0\" allow=\"accelerometer; autoplay; clipboard-write; encrypted-media; gyroscope; picture-in-picture; web-share\" referrerpolicy=\"strict-origin-when-cross-origin\" allowfullscreen><\/iframe><\/p>\n","protected":false},"excerpt":{"rendered":"<p>Obres premiades en l&#8217;edici\u00f3 2011-2012 del concurs (acc\u00e9s a la Resoluci\u00f3). 1r Premi als Curtmetratges Defectes, d\u2019\u00c0ngel Montenegro Beneyto 1r Premi als Videoclips A aquestes al\u00e7ades de la pel\u00b7l\u00edcula (del grup Els amics de les arts, de l\u2019\u00e0lbum Esp\u00e8cies per catalogar-2012), de Mar\u00eda Jim\u00e9nez Santonja. 1r Premi als Audiovisuals Publicitaris Massa Fum, de Patricia Cecilia [&hellip;]<\/p>\n","protected":false},"author":1493,"featured_media":0,"parent":173,"menu_order":0,"comment_status":"open","ping_status":"open","template":"","meta":{"footnotes":""},"class_list":["post-399","page","type-page","status-publish","hentry"],"_links":{"self":[{"href":"https:\/\/blogs.ua.es\/elconcurs\/wp-json\/wp\/v2\/pages\/399","targetHints":{"allow":["GET"]}}],"collection":[{"href":"https:\/\/blogs.ua.es\/elconcurs\/wp-json\/wp\/v2\/pages"}],"about":[{"href":"https:\/\/blogs.ua.es\/elconcurs\/wp-json\/wp\/v2\/types\/page"}],"author":[{"embeddable":true,"href":"https:\/\/blogs.ua.es\/elconcurs\/wp-json\/wp\/v2\/users\/1493"}],"replies":[{"embeddable":true,"href":"https:\/\/blogs.ua.es\/elconcurs\/wp-json\/wp\/v2\/comments?post=399"}],"version-history":[{"count":15,"href":"https:\/\/blogs.ua.es\/elconcurs\/wp-json\/wp\/v2\/pages\/399\/revisions"}],"predecessor-version":[{"id":411,"href":"https:\/\/blogs.ua.es\/elconcurs\/wp-json\/wp\/v2\/pages\/399\/revisions\/411"}],"up":[{"embeddable":true,"href":"https:\/\/blogs.ua.es\/elconcurs\/wp-json\/wp\/v2\/pages\/173"}],"wp:attachment":[{"href":"https:\/\/blogs.ua.es\/elconcurs\/wp-json\/wp\/v2\/media?parent=399"}],"curies":[{"name":"wp","href":"https:\/\/api.w.org\/{rel}","templated":true}]}}