{"id":4,"date":"2013-11-15T11:48:47","date_gmt":"2013-11-15T11:48:47","guid":{"rendered":"https:\/\/blogs.ua.es\/elda2\/?page_id=4"},"modified":"2013-11-15T11:48:47","modified_gmt":"2013-11-15T11:48:47","slug":"presentacion","status":"publish","type":"page","link":"https:\/\/blogs.ua.es\/elda2\/presentacion\/","title":{"rendered":"Presentaci\u00f3n"},"content":{"rendered":"<p>Somos los alumnos <strong>Andrea Garc\u00eda Carlos<\/strong> y <strong>Adri\u00e1n Garc\u00eda Guerrero. <\/strong>Estamos cursando el primer curso del grado de Historia en la <a title=\"Universidad de Alicante\" href=\"http:\/\/www.ua.es\" target=\"_blank\">Universidad\u00a0 de Alicante<\/a>. Vamos a realizar un trabajo de escrituras expuestas sobre la localidad de Elda para la asignatura de <em>Fuentes y Documentos para la Historia. <\/em>Las categor\u00edas de las que vamos a hablar son : Inscripciones y placas oficiales, Grafitis textuales y Grafitis iconogr\u00e1ficos.<\/p>\n","protected":false},"excerpt":{"rendered":"<p>Somos los alumnos Andrea Garc\u00eda Carlos y Adri\u00e1n Garc\u00eda Guerrero. Estamos cursando el primer curso del grado de Historia en la Universidad\u00a0 de Alicante. Vamos a realizar un trabajo de escrituras expuestas sobre la localidad de Elda para la asignatura &hellip; <a href=\"https:\/\/blogs.ua.es\/elda2\/presentacion\/\">Continue reading <span class=\"meta-nav\">&rarr;<\/span><\/a><\/p>\n","protected":false},"author":3305,"featured_media":0,"parent":0,"menu_order":0,"comment_status":"open","ping_status":"open","template":"","meta":{"footnotes":""},"class_list":["post-4","page","type-page","status-publish","hentry"],"_links":{"self":[{"href":"https:\/\/blogs.ua.es\/elda2\/wp-json\/wp\/v2\/pages\/4","targetHints":{"allow":["GET"]}}],"collection":[{"href":"https:\/\/blogs.ua.es\/elda2\/wp-json\/wp\/v2\/pages"}],"about":[{"href":"https:\/\/blogs.ua.es\/elda2\/wp-json\/wp\/v2\/types\/page"}],"author":[{"embeddable":true,"href":"https:\/\/blogs.ua.es\/elda2\/wp-json\/wp\/v2\/users\/3305"}],"replies":[{"embeddable":true,"href":"https:\/\/blogs.ua.es\/elda2\/wp-json\/wp\/v2\/comments?post=4"}],"version-history":[{"count":1,"href":"https:\/\/blogs.ua.es\/elda2\/wp-json\/wp\/v2\/pages\/4\/revisions"}],"predecessor-version":[{"id":5,"href":"https:\/\/blogs.ua.es\/elda2\/wp-json\/wp\/v2\/pages\/4\/revisions\/5"}],"wp:attachment":[{"href":"https:\/\/blogs.ua.es\/elda2\/wp-json\/wp\/v2\/media?parent=4"}],"curies":[{"name":"wp","href":"https:\/\/api.w.org\/{rel}","templated":true}]}}