{"id":33,"date":"2013-01-25T17:01:26","date_gmt":"2013-01-25T16:01:26","guid":{"rendered":"https:\/\/blogs.ua.es\/eleccionesalicante1977\/?page_id=33"},"modified":"2013-01-28T17:25:36","modified_gmt":"2013-01-28T16:25:36","slug":"introduccion-del-tema","status":"publish","type":"page","link":"https:\/\/blogs.ua.es\/eleccionesalicante1977\/introduccion-del-tema\/","title":{"rendered":"Introducci\u00f3n del Tema"},"content":{"rendered":"<p>En este blog vamos a conocer a nuestros visitantes como fu\u00e9 las Elecciones Generales de 1977 en Alicante; cuales fueron sus principales figuras pol\u00edticas, como se estructuro y se organizaron los partidos pol\u00edticos para estas elecciones tan importantes ya que se celebraban cuarenta y un a\u00f1os despu\u00e9s de las \u00faltimas elecciones generales en Espa\u00f1a\u00a0que se hicieron \u00a0durante la Segunda Republica, los espa\u00f1oles volv\u00edan a decidir su destino en las urnas.<\/p>\n<p>En la prov\u00edncia de Alicante, el partido mas votado fue \u00a0el Partido Socialista Obrero Espa\u00f1ol (PSOE), seguido del partido Uni\u00f3n Centro-Democratico(UCD) y el Partido Comunista Espa\u00f1ol (PCE).<\/p>\n<p>&nbsp;<\/p>\n<p>&nbsp;<\/p>\n<p>&nbsp;<\/p>\n<p>&nbsp;<\/p>\n","protected":false},"excerpt":{"rendered":"<p>En este blog vamos a conocer a nuestros visitantes como fu\u00e9 las Elecciones Generales de 1977 en Alicante; cuales fueron sus principales figuras pol\u00edticas, como se estructuro y se organizaron los partidos pol\u00edticos para estas elecciones tan importantes ya que se celebraban cuarenta y un a\u00f1os despu\u00e9s de las \u00faltimas elecciones generales en Espa\u00f1a\u00a0que se [&hellip;]<\/p>\n","protected":false},"author":2966,"featured_media":0,"parent":0,"menu_order":0,"comment_status":"open","ping_status":"open","template":"","meta":{"footnotes":""},"class_list":["post-33","page","type-page","status-publish","hentry"],"_links":{"self":[{"href":"https:\/\/blogs.ua.es\/eleccionesalicante1977\/wp-json\/wp\/v2\/pages\/33","targetHints":{"allow":["GET"]}}],"collection":[{"href":"https:\/\/blogs.ua.es\/eleccionesalicante1977\/wp-json\/wp\/v2\/pages"}],"about":[{"href":"https:\/\/blogs.ua.es\/eleccionesalicante1977\/wp-json\/wp\/v2\/types\/page"}],"author":[{"embeddable":true,"href":"https:\/\/blogs.ua.es\/eleccionesalicante1977\/wp-json\/wp\/v2\/users\/2966"}],"replies":[{"embeddable":true,"href":"https:\/\/blogs.ua.es\/eleccionesalicante1977\/wp-json\/wp\/v2\/comments?post=33"}],"version-history":[{"count":5,"href":"https:\/\/blogs.ua.es\/eleccionesalicante1977\/wp-json\/wp\/v2\/pages\/33\/revisions"}],"predecessor-version":[{"id":35,"href":"https:\/\/blogs.ua.es\/eleccionesalicante1977\/wp-json\/wp\/v2\/pages\/33\/revisions\/35"}],"wp:attachment":[{"href":"https:\/\/blogs.ua.es\/eleccionesalicante1977\/wp-json\/wp\/v2\/media?parent=33"}],"curies":[{"name":"wp","href":"https:\/\/api.w.org\/{rel}","templated":true}]}}