{"id":36,"date":"2013-01-25T17:03:44","date_gmt":"2013-01-25T16:03:44","guid":{"rendered":"https:\/\/blogs.ua.es\/eleccionesalicante1977\/?page_id=36"},"modified":"2013-01-27T22:35:38","modified_gmt":"2013-01-27T21:35:38","slug":"meteodologia","status":"publish","type":"page","link":"https:\/\/blogs.ua.es\/eleccionesalicante1977\/meteodologia\/","title":{"rendered":"Meteodolog\u00eda"},"content":{"rendered":"<p>En primer lugar, para crear un blog de la UA debemos entrar a su <a title=\"p\u00e1gina\" href=\"http:\/\/www.ua.es\/\">p\u00e1gina<\/a>, seguidamente a &#8220;recursos&#8221;, &#8220;recursos tecnol\u00f3gicos&#8221; y &#8220;blogsUA.<\/p>\n<p>Una vez dentro,accedemos a &#8220;crear mi blog&#8221;, rellenaremos nuestros datos y seguiremos los pasos corretos, y una vez completados, ya tendremos nuestro blog creado y listo para ser configurado y para escribir sobre nuestro tema.<\/p>\n<p>En este blog hemos empleado la NORMA ISO 690:2010, aplicable a todo tipo de documentos y en cualquier soporte, incluyendo los recursos electr\u00f3nicos en l\u00ednea, regulando as\u00ed m\u00e9todos de citas y referencias bibliogr\u00e1ficas.<\/p>\n<p style=\"text-align: center\"><em>DOCUMENTOS IMPRESOS<\/em><\/p>\n<p style=\"text-align: justify\"><strong>Monograf\u00edas:<\/strong><br \/>\nAPELLIDOS, Nombre1. T\u00edtulo. (Otros colaboradores: traductor, editor, etc. se podr\u00edan hacer constar\u00a0con la forma directa de nombre APELLIDOS). Edici\u00f3n. Lugar: Editor, a\u00f1o. Extensi\u00f3n (opcional).\u00a0(Serie; n\u00ba). ISBN.<br \/>\nSi el autor principal es corporativo, se hace constar el nombre directo en MAY\u00daSCULAS.<\/p>\n<p><strong>Parte de una monograf\u00eda:<\/strong><br \/>\n(Autor\/res de la parte) APELLIDOS, Nombre. T\u00edtulo de la parte. En: T\u00edtulo de la obra completa.\u00a0Edici\u00f3n. Lugar de edici\u00f3n: editor, a\u00f1o, pp. (p\u00e1ginas). ISBN.<br \/>\n<strong>Publicaciones en serie<\/strong> (revista completa):<br \/>\nT\u00edtulo de la revista. Responsabilidad (si fuera necesario para identificarla por tratarse de un t\u00edtulo\u00a0muy gen\u00e9rico). A\u00f1o de inicio-A\u00f1o de cierre2 (este \u00faltimo dato s\u00f3lo se\u00a0usa en el caso de revistas que han dejado de publicarse). ISSN.<\/p>\n<p style=\"text-align: justify\"><strong>Art\u00edculos de revistas:<\/strong><br \/>\n(Autor\/es de la contribuci\u00f3n) APELLIDOS, Nombre. T\u00edtulo del art\u00edculo. T\u00edtulo de la revista.\u00a0(Localizaci\u00f3n de la parte en el n\u00famero de la revista) A\u00f1o, volumen (n\u00ba), pp. ISSN.<\/p>\n<p>\u00a0 \u00a0 \u00a0 \u00a0 \u00a0 \u00a0 \u00a0 \u00a0 \u00a0 \u00a0 \u00a0 \u00a0 \u00a0 \u00a0 \u00a0 \u00a0 \u00a0 \u00a0<em> \u00a0 DOCUMENTOS ELECTR\u00d3NICOS<\/em><\/p>\n<p><strong>Libros electr\u00f3nicos y monografias en l\u00ednea:<\/strong><br \/>\nAPELLIDOS, Nombre. T\u00edtulo [en l\u00ednea]. Lugar de publicaci\u00f3n: editor, fecha de publicaci\u00f3n[Consulta: fecha de consulta]. Formato (pdf, etc), tama\u00f1o del fichero (MB). Disponible en: http:\/\/<\/p>\n<p><strong>Parte de monograf\u00eda en l\u00ednea:<\/strong><br \/>\n(Autor\/es de la parte) APELLIDOS, Nombre. T\u00edtulo de la parte. En: T\u00edtulo de la obra completa [en\u00a0l\u00ednea]. Lugar de publicaci\u00f3n: editor, a\u00f1o, pp. [consulta: fecha de consulta]. Disponible en: http.\/\/<\/p>\n<p><strong>Revista en l\u00ednea:<\/strong><\/p>\n<p>1. Modelo de revista de un paquete de revistas electr\u00f3nicas con una base de datos com\u00fan:<\/p>\n<p>T\u00edtulo [en linea]. Lugar de edici\u00f3n: editor, fecha de publicaci\u00f3n, volumen, n\u00famero [consulta: fecha\u00a0de consulta]. Nombre de la base de datos. ISSN. Disponible en: http:\/\/<\/p>\n<p>2. Modelo de revista con acceso en l\u00ednea individualizado:<br \/>\nT\u00edtulo [en l\u00ednea]. Lugar de edici\u00f3n: editor, fecha de publicaci\u00f3n, volumen, n\u00famero [consulta: fecha\u00a0de consulta]. ISSN. Disponible en: http:\/\/<br \/>\n<strong>Art\u00edculo de revista en l\u00ednea:<\/strong><br \/>\n(Autor\/es del art\u00edculo) APELLIDOS, Nombre. T\u00edtulo del art\u00edculo. T\u00edtulo de lare vista [en l\u00ednea].\u00a0Lugar: editor, fecha de publicaci\u00f3n, vol\u00famen, n\u00famero [consulta: fecha de consulta]. ISSN.\u00a0Disponible en: http:\/\/<\/p>\n<p><strong>Sitio web:<\/strong><br \/>\nT\u00edtulo de la web. Editor, a\u00f1o [consulta: fecha de consulta]. Disponible en: http:\/\/<\/p>\n<p><strong>Parte de un sitio web:<\/strong><br \/>\n\u2022 Ejemplo de p\u00e1gina sin autor o autor colectivo:<br \/>\nT\u00edtulo de la p\u00e1gina. T\u00edtulo del sitio web [en l\u00ednea]. Fecha y hora de edici\u00f3n o actualizaci\u00f3n\u00a0[consulta: fecha de cosulta]. Disponible en: http:\/\/<\/p>\n<p><strong>\u2022 Ejemplo de p\u00e1gina o parte de un sitio web con autor<\/strong>:<br \/>\nAPELLIDOS, Nombre. T\u00edtulo de la p\u00e1gina o la parte. En: T\u00edtulo del sitio web [en l\u00ednea]. Fecha y\u00a0hora de edici\u00f3n [consulta: fecha y hora de consulta]. Disponible en: http:\/\/<\/p>\n<p><em>\u00a0 \u00a0 \u00a0 \u00a0 \u00a0 \u00a0 \u00a0 \u00a0 \u00a0 \u00a0 \u00a0 \u00a0 \u00a0 \u00a0 \u00a0 \u00a0 \u00a0 \u00a0 \u00a0 \u00a0 \u00a0 \u00a0 \u00a0 DOCUMENTOS ESPECIALES<\/em><br \/>\n<strong>Mapas<\/strong><br \/>\nEn papel:<br \/>\nT\u00edtulo. Escala. Lugar: Editor, a\u00f1o. Dimensiones (mm). Lugar donde se conserva y signatura.<\/p>\n<p>En Internet:<\/p>\n<p>T\u00edtulo [en l\u00ednea]. Ubicaci\u00f3n y colecci\u00f3n [consulta: fecha de consulta]. Disponible en: http:\/\/<\/p>\n<p><em>\u00a0<\/em><strong>PEL\u00cdCULAS<\/strong><\/p>\n<p>T\u00edtulo de la pel\u00edcula [Pel\u00edcula]. Dirigida por Nombre APELLIDOS. Pa\u00eds: Productora, a\u00f1o. Lugar:distribuida en Espa\u00f1a por&#8230;<br \/>\nEjemplo de documental o programa de emisi\u00f3n de TV:<br \/>\nTitulo. Nombre de la cadena de televisi\u00f3n, fecha.<\/p>\n<p><em><\/em><strong>\u00a0IMAGENES<\/strong><\/p>\n<p>APELLIDOS, Nombre. T\u00edtulo de la obra. A\u00f1o [imagen digital]. Museo&#8230; [consulta: fecha de\u00a0consulta]. Disponible en: http:\/\/<\/p>\n","protected":false},"excerpt":{"rendered":"<p>En primer lugar, para crear un blog de la UA debemos entrar a su p\u00e1gina, seguidamente a &#8220;recursos&#8221;, &#8220;recursos tecnol\u00f3gicos&#8221; y &#8220;blogsUA. Una vez dentro,accedemos a &#8220;crear mi blog&#8221;, rellenaremos nuestros datos y seguiremos los pasos corretos, y una vez completados, ya tendremos nuestro blog creado y listo para ser configurado y para escribir sobre [&hellip;]<\/p>\n","protected":false},"author":2966,"featured_media":0,"parent":0,"menu_order":0,"comment_status":"open","ping_status":"open","template":"","meta":{"footnotes":""},"class_list":["post-36","page","type-page","status-publish","hentry"],"_links":{"self":[{"href":"https:\/\/blogs.ua.es\/eleccionesalicante1977\/wp-json\/wp\/v2\/pages\/36","targetHints":{"allow":["GET"]}}],"collection":[{"href":"https:\/\/blogs.ua.es\/eleccionesalicante1977\/wp-json\/wp\/v2\/pages"}],"about":[{"href":"https:\/\/blogs.ua.es\/eleccionesalicante1977\/wp-json\/wp\/v2\/types\/page"}],"author":[{"embeddable":true,"href":"https:\/\/blogs.ua.es\/eleccionesalicante1977\/wp-json\/wp\/v2\/users\/2966"}],"replies":[{"embeddable":true,"href":"https:\/\/blogs.ua.es\/eleccionesalicante1977\/wp-json\/wp\/v2\/comments?post=36"}],"version-history":[{"count":8,"href":"https:\/\/blogs.ua.es\/eleccionesalicante1977\/wp-json\/wp\/v2\/pages\/36\/revisions"}],"predecessor-version":[{"id":42,"href":"https:\/\/blogs.ua.es\/eleccionesalicante1977\/wp-json\/wp\/v2\/pages\/36\/revisions\/42"}],"wp:attachment":[{"href":"https:\/\/blogs.ua.es\/eleccionesalicante1977\/wp-json\/wp\/v2\/media?parent=36"}],"curies":[{"name":"wp","href":"https:\/\/api.w.org\/{rel}","templated":true}]}}