{"id":7,"date":"2012-12-07T12:09:08","date_gmt":"2012-12-07T12:09:08","guid":{"rendered":"https:\/\/blogs.ua.es\/eleccionesalicante1977\/?page_id=7"},"modified":"2013-01-24T20:56:25","modified_gmt":"2013-01-24T19:56:25","slug":"presentacion","status":"publish","type":"page","link":"https:\/\/blogs.ua.es\/eleccionesalicante1977\/presentacion\/","title":{"rendered":"Presentaci\u00f3n del Blog"},"content":{"rendered":"<p>&nbsp;<\/p>\n<p>Este Blog sobre las Elecciones Generales de 1977 en la prov\u00edncia de Alicante est\u00e0 realizado por V\u00edctor Fern\u00e0ndez D\u00edez,alumno del grado de Geografia y Ordenaci\u00f3n en la Universidad de Alicante, cursando el primer a\u00f1o.<\/p>\n<p>&nbsp;<\/p>\n<p>Este blog esta elaborado en\u00a0la asignatura de Fuentes y Documentos para la Historia, y haremos una recopilacion de toda la informaci\u00f3n aportada a lo largo de los a\u00f1os sobre el tema de las Elecciones Generales de 1977 en la prov\u00edncia de Alicante. Todo esto siguiendo \u00a0los conocimientos ense\u00f1ados en la asignatura sobre todo en cuanto a las referencia y su adecuacion en la norma ISO 690-2010<\/p>\n<p><a href=\"https:\/\/blogs.ua.es\/eleccionesalicante1977\/files\/2012\/12\/logo-ua.png\"><img loading=\"lazy\" decoding=\"async\" class=\"alignleft size-full wp-image-10\" src=\"https:\/\/blogs.ua.es\/eleccionesalicante1977\/files\/2012\/12\/logo-ua.png\" alt=\"Universitat d'Alacant\" width=\"263\" height=\"45\" \/><\/a><\/p>\n","protected":false},"excerpt":{"rendered":"<p>&nbsp; Este Blog sobre las Elecciones Generales de 1977 en la prov\u00edncia de Alicante est\u00e0 realizado por V\u00edctor Fern\u00e0ndez D\u00edez,alumno del grado de Geografia y Ordenaci\u00f3n en la Universidad de Alicante, cursando el primer a\u00f1o. &nbsp; Este blog esta elaborado en\u00a0la asignatura de Fuentes y Documentos para la Historia, y haremos una recopilacion de toda [&hellip;]<\/p>\n","protected":false},"author":2966,"featured_media":0,"parent":0,"menu_order":0,"comment_status":"open","ping_status":"open","template":"","meta":{"footnotes":""},"class_list":["post-7","page","type-page","status-publish","hentry"],"_links":{"self":[{"href":"https:\/\/blogs.ua.es\/eleccionesalicante1977\/wp-json\/wp\/v2\/pages\/7","targetHints":{"allow":["GET"]}}],"collection":[{"href":"https:\/\/blogs.ua.es\/eleccionesalicante1977\/wp-json\/wp\/v2\/pages"}],"about":[{"href":"https:\/\/blogs.ua.es\/eleccionesalicante1977\/wp-json\/wp\/v2\/types\/page"}],"author":[{"embeddable":true,"href":"https:\/\/blogs.ua.es\/eleccionesalicante1977\/wp-json\/wp\/v2\/users\/2966"}],"replies":[{"embeddable":true,"href":"https:\/\/blogs.ua.es\/eleccionesalicante1977\/wp-json\/wp\/v2\/comments?post=7"}],"version-history":[{"count":8,"href":"https:\/\/blogs.ua.es\/eleccionesalicante1977\/wp-json\/wp\/v2\/pages\/7\/revisions"}],"predecessor-version":[{"id":29,"href":"https:\/\/blogs.ua.es\/eleccionesalicante1977\/wp-json\/wp\/v2\/pages\/7\/revisions\/29"}],"wp:attachment":[{"href":"https:\/\/blogs.ua.es\/eleccionesalicante1977\/wp-json\/wp\/v2\/media?parent=7"}],"curies":[{"name":"wp","href":"https:\/\/api.w.org\/{rel}","templated":true}]}}