{"id":14,"date":"2013-10-23T20:35:17","date_gmt":"2013-10-23T20:35:17","guid":{"rendered":"https:\/\/blogs.ua.es\/elei\/?page_id=14"},"modified":"2013-12-18T00:19:26","modified_gmt":"2013-12-17T22:19:26","slug":"presentacion","status":"publish","type":"page","link":"https:\/\/blogs.ua.es\/elei\/presentacion\/","title":{"rendered":"Presentaci\u00f3n"},"content":{"rendered":"<p style=\"text-align: center\"><span style=\"color: #000000\"><b>\u00bfQu\u00e9 es una Evaluaci\u00f3n de Impacto Social?<\/b><\/span><\/p>\n<p style=\"text-align: justify\"><strong>A)<\/strong> La Evaluaci\u00f3n de Impacto Social (EIS) surge ante la necesidad de incluir en los proyectos\u00a0 de desarrollo el estudio de, por una parte, las consecuencias o impactos sociales de dichos proyectos y, por otra, los efectos de lo social en tales proyectos. As\u00ed la EIS tiene como finalidad solventar las deficiencias en la \u201ccontabilidad social\u201d de cualquier proyecto que produzca cambio social en las comunidades afectadas o intervenidas. La EIS se puede aplicar a proyectos, actuaciones o intervenciones tales como: proyectos de cooperaci\u00f3n y desarrollo, ambientales, tur\u00edsticos, instalaciones industriales, obras p\u00fablicas, planes de urbanismo, cambios o modificaciones en instituciones de salud o ense\u00f1anza, programas de intervenci\u00f3n social as\u00ed como espec\u00edficamente completar el an\u00e1lisis social en los\u00a0 Estudios de Impacto Ambiental (EIA).<\/p>\n<p><strong>B)<\/strong> El EIS ofrece una metodolog\u00eda estructurada para llevar a cabo un cambio en la forma de entender y gestionar los aspectos sociales intervinientes en estos procesos. Hasta muy recientemente, lo social se han tratado como un coste. La EIS propone entender lo social como un recurso y su correcta gesti\u00f3n asegura una mayor probabilidad de \u00e9xito.<\/p>\n<p><span style=\"text-decoration: underline\"><b>Objetivos del Curso<\/b><\/span><\/p>\n<p><strong>Objetivo general del curso<\/strong><\/p>\n<p style=\"text-align: justify\">Formar en los fundamentos te\u00f3ricos, epistemol\u00f3gicos, metodol\u00f3gicos y t\u00e9cnicos de la Evaluaci\u00f3n de Impacto Social en el marco del dise\u00f1o y desarrollo de proyectos de intervenci\u00f3n p\u00fablica y\/o privada en el medio ambiente.<\/p>\n<p style=\"text-align: justify\">Comparar casos de diferentes contextos ambientales, socio-econ\u00f3micos y tem\u00e1ticos \u2013centrados en la regi\u00f3n latinoamericana- con el objeto de entender la multiplicidad causal de los impactos sociales y sus consecuencias sobre distintas comunidades y territorios<\/p>\n<p><b>Objetivos espec\u00edficos<\/b><\/p>\n<p>1. Conocer el contexto ambiental en el que surge la necesidad de la EIA y la EIS: historia y actualidad.<\/p>\n<p>2. Conocer el marco te\u00f3rico de la EIS: principales corrientes y tem\u00e1ticas.<\/p>\n<p>3. Conocer el fundamento epistemol\u00f3gico de la EIS y su axiolog\u00eda.<\/p>\n<p>4. Conocer las fases de ejecuci\u00f3n en un proceso de evaluaci\u00f3n de impacto social.<\/p>\n<p>5. Conocer las metodolog\u00edas existentes, sus procesos, caracter\u00edsticas y los principios que las fundamentan.<\/p>\n<p>6. Conocer las t\u00e9cnicas de investigaci\u00f3n social fundamentales en la EIS y c\u00f3mo se aplican.<\/p>\n<p>7. Conocer los procedimientos b\u00e1sicos de an\u00e1lisis de datos cuantitativos y cualitativos procedentes de las t\u00e9cnicas citadas.<\/p>\n<p><a href=\"https:\/\/blogs.ua.es\/elei\/files\/2013\/10\/Logo2-JORNADAS.jpg\"><img loading=\"lazy\" decoding=\"async\" class=\"size-full wp-image-165 aligncenter\" alt=\"Logo-JORNADAS\" src=\"https:\/\/blogs.ua.es\/elei\/files\/2013\/10\/Logo2-JORNADAS.jpg\" width=\"2041\" height=\"600\" srcset=\"https:\/\/blogs.ua.es\/elei\/files\/2013\/10\/Logo2-JORNADAS.jpg 2041w, https:\/\/blogs.ua.es\/elei\/files\/2013\/10\/Logo2-JORNADAS-300x88.jpg 300w, https:\/\/blogs.ua.es\/elei\/files\/2013\/10\/Logo2-JORNADAS-1024x301.jpg 1024w\" sizes=\"auto, (max-width: 2041px) 100vw, 2041px\" \/><\/a><\/p>\n<p>&nbsp;<\/p>\n","protected":false},"excerpt":{"rendered":"<p>\u00bfQu\u00e9 es una Evaluaci\u00f3n de Impacto Social? A) La Evaluaci\u00f3n de Impacto Social (EIS) surge ante la necesidad de incluir en los proyectos\u00a0 de desarrollo el estudio de, por una parte, las consecuencias o impactos sociales de dichos proyectos y, por otra, los efectos de lo social en tales proyectos. As\u00ed la EIS tiene como &hellip; <a href=\"https:\/\/blogs.ua.es\/elei\/presentacion\/\" class=\"more-link\">Continue reading <span class=\"screen-reader-text\">Presentaci\u00f3n<\/span> <span class=\"meta-nav\">&rarr;<\/span><\/a><\/p>\n","protected":false},"author":3226,"featured_media":0,"parent":0,"menu_order":0,"comment_status":"closed","ping_status":"open","template":"","meta":{"footnotes":""},"class_list":["post-14","page","type-page","status-publish","hentry"],"_links":{"self":[{"href":"https:\/\/blogs.ua.es\/elei\/wp-json\/wp\/v2\/pages\/14","targetHints":{"allow":["GET"]}}],"collection":[{"href":"https:\/\/blogs.ua.es\/elei\/wp-json\/wp\/v2\/pages"}],"about":[{"href":"https:\/\/blogs.ua.es\/elei\/wp-json\/wp\/v2\/types\/page"}],"author":[{"embeddable":true,"href":"https:\/\/blogs.ua.es\/elei\/wp-json\/wp\/v2\/users\/3226"}],"replies":[{"embeddable":true,"href":"https:\/\/blogs.ua.es\/elei\/wp-json\/wp\/v2\/comments?post=14"}],"version-history":[{"count":14,"href":"https:\/\/blogs.ua.es\/elei\/wp-json\/wp\/v2\/pages\/14\/revisions"}],"predecessor-version":[{"id":204,"href":"https:\/\/blogs.ua.es\/elei\/wp-json\/wp\/v2\/pages\/14\/revisions\/204"}],"wp:attachment":[{"href":"https:\/\/blogs.ua.es\/elei\/wp-json\/wp\/v2\/media?parent=14"}],"curies":[{"name":"wp","href":"https:\/\/api.w.org\/{rel}","templated":true}]}}