{"id":18,"date":"2013-10-23T20:36:12","date_gmt":"2013-10-23T20:36:12","guid":{"rendered":"https:\/\/blogs.ua.es\/elei\/?page_id=18"},"modified":"2014-04-22T10:49:22","modified_gmt":"2014-04-22T08:49:22","slug":"programacion","status":"publish","type":"page","link":"https:\/\/blogs.ua.es\/elei\/programacion\/","title":{"rendered":"Programaci\u00f3n-Descargar Ponencias"},"content":{"rendered":"<p><strong>LUNES TARDE<\/strong><\/p>\n<p>16.00 BIENVENIDA Y PRESENTACION &#8211; A\u00fan faltan ponencias<\/p>\n<p>16.30 INTRODUCCION AL EIS. Dr. Antonio Aledo (UA) \u00a0y Dr. Jos\u00e9 Andr\u00e9s Dom\u00ednguez (UHU- EISMethods)<\/p>\n<p><strong><span style=\"color: #0000ff\"><a href=\"http:\/\/www.mediafire.com\/view\/qyasfv6e84ud30u\/1.3_definicion_impacto_social.pptx\" target=\"_blank\"><span style=\"color: #0000ff\">Definici\u00f3n sobre impacto social<\/span><\/a><\/span><\/strong><\/p>\n<p><strong><span style=\"color: #0000ff\"><a href=\"http:\/\/www.mediafire.com\/view\/n8nxrx2a9v9ge3c\/1.4_definici\u00f3n_EIS.pptx\" target=\"_blank\"><span style=\"color: #0000ff\">Definici\u00f3n sobre EIS<\/span><\/a><\/span><\/strong><\/p>\n<p><strong><span style=\"color: #0000ff\"><a href=\"http:\/\/www.mediafire.com\/view\/7p2mfuul0l16061\/1.5._._enfoque_emic_etic.pptx\" target=\"_blank\"><span style=\"color: #0000ff\">Enfoque emic y epic<\/span><\/a><\/span><\/strong><\/p>\n<p>18.00. La pol\u00edtica del EIS y modelos: comunitario \/ as\u00e9ptico \/ integrador. Fases del EIS<\/p>\n<p>19:00 Documental: \u00a0Los discursos del agua: energ\u00eda, poder y desigualdad en Brasil. Antonio Aledo\/Hugo Garc\u00eda Andreu. Universidad de Alicante.<span style=\"color: #0000ff\"> <a href=\"http:\/\/rua.ua.es\/dspace\/handle\/10045\/17580\" target=\"_blank\"><span style=\"color: #0000ff\">http:\/\/rua.ua.es\/dspace\/handle\/10045\/17580<\/span><\/a><\/span><\/p>\n<p><strong>MARTES MA\u00d1ANA<\/strong><\/p>\n<p>9.15.10.45<\/p>\n<p>Ponencia. Mozart Fazito (UFRN, Brasil): Racionalidade Cr\u00edtica e o Conhecimento Produzido nas Pr\u00e1ticas Sociais Contextualizadas como subs\u00eddio \u00e0 an\u00e1lise de impactos socioambientais: uma hist\u00f3ria de resist\u00eancia na Reserva de Biosfera da Serra do Espinha\u00e7o, Brasil.<\/p>\n<p><strong><span style=\"color: #0000ff\"><a href=\"http:\/\/www.mediafire.com\/view\/nuqwqop3dhlouji\/Apresenta\u00e7\u00e3o_Mozart_Fazito.pptx\" target=\"_blank\"><span style=\"color: #0000ff\">Descargar<\/span><\/a><\/span><\/strong><\/p>\n<p>10: 00 Ponencia. Ana Lucia Santiago (FEI-Sao Paulo) : Licen\u00e7a social para operar na ind\u00fastria de minera\u00e7\u00e3o: um estudo da empresa brasileira Votorantim Metais e Siderurgia<\/p>\n<p><a href=\"http:\/\/www.mediafire.com\/view\/3z577k213d8qfi3\/Jornada_Licencia_Social_Operar__Ana_Santiago_Espanhol.pdf\" target=\"_blank\"><strong><span style=\"color: #0000ff\">Descargar en Espa\u00f1ol<\/span><\/strong><\/a><\/p>\n<p><a href=\"http:\/\/www.mediafire.com\/view\/tffj5u7yewuhsth\/Jornada_Licencia_Social_Operar_Ana_Santiago_Portugues.pdf\" target=\"_blank\"><strong><span style=\"color: #0000ff\">Descargar en Portugu\u00e9s<\/span><\/strong><\/a><\/p>\n<p>11.00 INAGURACION OFICIAL<\/p>\n<p>Dr. Joaqu\u00edn Melgarejo (Director del Instituto Universitario del Agua y de las Ciencias Ambientales, UA) y Dr. Ra\u00fal Ru\u00edz Callado (Director del Departamento de Sociolog\u00eda 1, UA)<\/p>\n<p>11.15 -12 CONFERENCIA DE APERTURA<\/p>\n<p>Prof. Celso Locatel (UFRN, Brasil): \u00a0Impactos socioecon\u00f3micos de los circuitos espaciales de producci\u00f3n de soja e ca\u00f1a-de-az\u00facar en el nordeste brasile\u00f1o.<\/p>\n<p><strong><span style=\"color: #0000ff\"><a href=\"http:\/\/www.mediafire.com\/view\/8863u300b99gl19\/Palestra_Alicante.pptx\" target=\"_blank\"><span style=\"color: #0000ff\">Descargar<\/span><\/a><\/span><\/strong><\/p>\n<p>12.00- 13.30 \u00a0PONENCIAS MEDIO AMBIENTE<\/p>\n<p>Ponencia. Francisca Fonseca (Universidad de la Frontera, Chile): Estrategias metodol\u00f3gicas para\u00a0 el estudio de riesgos ambientales como la escasez h\u00eddrica y la p\u00e9rdida de agrodiversidad en contextos campesinos, multiculturales y en conflicto. La Araucan\u00eda Chile<\/p>\n<p><strong><span style=\"color: #0000ff\"><a href=\"http:\/\/www.mediafire.com\/view\/i8j1w56djkjdbpm\/Presentaci\u00f3n_alicante.ppt\" target=\"_blank\"><span style=\"color: #0000ff\">Descargar<\/span><\/a><\/span><\/strong><\/p>\n<p>Ponencia. Jacques Demajorovic (FEI-Sao paulo): Impactos socioambientales de residuos electr\u00f3nicos y log\u00edstica reversa: experiencias internacionales y brasile\u00f1a.<\/p>\n<p><strong><span style=\"color: #0000ff\"><a href=\"http:\/\/www.mediafire.com\/view\/k8qifptd5c31ncd\/I_Jornada_de_Impactos_Socioambientales.ppt\" target=\"_blank\"><span style=\"color: #0000ff\">Descargar<\/span><\/a><\/span><\/strong><\/p>\n<p>Discusi\u00f3n. Coordinador Pedro Jacobi<\/p>\n<p><strong>MARTES TARDE<\/strong><\/p>\n<p>16.00. EIS: Enfoque Procesual<\/p>\n<p>Fases del EIS<\/p>\n<p>Plataforma de Stakeholders Dr. Barron Orr (The University of Arizona).<\/p>\n<p><strong><span style=\"color: #0000ff\"><a href=\"http:\/\/www.mediafire.com\/view\/dci6jjn6xu2yw34\/Orr_EIS_Jornadas_April2014.pptx\" target=\"_blank\"><span style=\"color: #0000ff\">Descarga<\/span><\/a><\/span><\/strong><\/p>\n<p>Selecci\u00f3n de indicadores: selecci\u00f3n de indicadores Susana Bautista (UA)<\/p>\n<p><strong><span style=\"color: #0000ff\"><a href=\"http:\/\/www.mediafire.com\/view\/8t2458fx84el169\/Jornadas_ISocAmb.ppt\" target=\"_blank\"><span style=\"color: #0000ff\">Descarga<\/span><\/a><\/span><\/strong><\/p>\n<p><span style=\"text-decoration: underline\">Marco legal<\/span><\/p>\n<p>Supenintendencia del Ministerio de Medio Ambiente (Chile) (Video-Conferencia)<\/p>\n<p><strong><span style=\"color: #0000ff\"><a href=\"http:\/\/www.mediafire.com\/view\/hyujzb6zjf8nqei\/PPT_Jornadas_EIS_31-03-2014.pptx\" target=\"_blank\"><span style=\"color: #0000ff\">Descarga Presentaci\u00f3n<\/span><\/a><\/span><\/strong><\/p>\n<p><strong><span style=\"color: #0000ff\"><a href=\"http:\/\/www.mediafire.com\/view\/aqj3a19i8z7qv74\/computationguideline_IAPro.xls\" target=\"_blank\"><span style=\"color: #0000ff\">Descarga Excel<\/span><\/a><\/span><\/strong><\/p>\n<p><strong>MI\u00c9RCOLES MA\u00d1ANA &#8211; Seminario 1 (Facultad de ciencias econ\u00f3micas y empresariales)\u00a0<\/strong><\/p>\n<p>PONENCIAS Y MESAS REDONDAS<\/p>\n<p>9.15-11.00 Ponencias y mesa redonda<\/p>\n<p>Ponencia .Dr. \u00a0Luis Galanes (Universidad de Puerto Rico): \u00a0La etnograf\u00eda como instrumento de evaluaci\u00f3n de impacto socio-ambiental: El caso de Vieques, Puerto Rico.<\/p>\n<p><strong><span style=\"color: #0000ff\"><a href=\"http:\/\/www.mediafire.com\/view\/m7t37gzrfqy4sa6\/Etnografia_como_Instrumento_de_Medicion_1.pptx\" target=\"_blank\"><span style=\"color: #0000ff\">Descarga<\/span><\/a><\/span><\/strong><\/p>\n<p>Ponencia. Dra. Priscila Sosa (Universidad del Caribe): \u00a0La vulnerabilidad como elemento a considerar en los EIS.<\/p>\n<p><strong><span style=\"color: #0000ff\"><a href=\"http:\/\/www.mediafire.com\/view\/5c5j9m2jrr84bs2\/EIS,_vulnerabilidad.pptx\" target=\"_blank\"><span style=\"color: #0000ff\">Descarga<\/span><\/a><\/span><\/strong><\/p>\n<p>Debate. Coordinador: Dr. Alfonso Jim\u00e9nez (Universidad Aut\u00f3noma de Guerrero)<\/p>\n<p>11.00-13.00 Ponencia y mesa redonda: MA<\/p>\n<p>Ponencia. Marcela Rom\u00e1n (ICE-Costa Rica) : Metodolog\u00eda Sitios Centinela. Estudio de caso: impacto del desarrollo asociado al turismo en dos modelos de desarrollo tur\u00edstico en Costa Rica<\/p>\n<p><strong><span style=\"color: #0000ff\"><a href=\"http:\/\/www.mediafire.com\/view\/dgs443h2ua7igns\/Marcela_Roman_Costa_Rica_Alicante.ppt\" target=\"_blank\"><span style=\"color: #0000ff\">Descarga<\/span><\/a><\/span><\/strong><\/p>\n<p>Ponencia Yara Camargo (Fundaci\u00f3n Vitoria Amanzonica): Impacto socioambiental na Bacia do Rio Negro.<\/p>\n<p><strong><span style=\"color: #0000ff\"><a href=\"http:\/\/www.mediafire.com\/view\/1uifzaabmds689g\/Alicante_Yara_Camargo.ppt\"><span style=\"color: #0000ff\">Descarga<\/span><\/a><\/span><\/strong><\/p>\n<p>Debate. Coordinadora: Francisca Fonseca<\/p>\n<p><strong>MI\u00c9RCOLES TARDE &#8211;\u00a0<strong>\u00a0Seminario 1 (Facultad de ciencias econ\u00f3micas y empresariales)\u00a0<\/strong><\/strong><\/p>\n<p>16.00 MODELO EIS. \u00a0Dr. Jos\u00e9 Andr\u00e9s Dom\u00ednguez<\/p>\n<p><strong><span style=\"color: #0000ff\"><a href=\"http:\/\/www.mediafire.com\/view\/8j8gjq3176d27gj\/Presentaci\u00f3n_GEIS2012.ppt\" target=\"_blank\"><span style=\"color: #0000ff\">Descarga Presentaci\u00f3n<\/span><\/a><\/span><\/strong><\/p>\n<p><strong><span style=\"color: #0000ff\"><a href=\"http:\/\/www.mediafire.com\/view\/wwcu96xo0gcvwl1\/Matriz_de_SH_y_cualificaci\u00f3n.xls\" target=\"_blank\"><span style=\"color: #0000ff\">Descarga Excel<\/span><\/a><\/span><\/strong><\/p>\n<p><strong><span style=\"color: #0000ff\"><a href=\"http:\/\/www.mediafire.com\/view\/i1w15tp2ikuki9o\/Matriz_de_impactos_y_cualificaci\u00f3n_DEF.xls\" target=\"_blank\"><span style=\"color: #0000ff\">Descarga Matriz<\/span><\/a><\/span><\/strong><\/p>\n<p>MODELO EIS Dr.\u00a0 Erminio Fernandes (UFRN, Brasil).<\/p>\n<p><strong><span style=\"color: #0000ff\"><a href=\"http:\/\/www.mediafire.com\/view\/h2bqz3rdw9u1llh\/Apresenta\u00e7\u00e3o_Identifica\u00e7\u00e3o_de_impactos_socio_ambientais_Erminio_Fernandes.pptx\" target=\"_blank\"><span style=\"color: #0000ff\">Descarga<\/span><\/a><\/span><\/strong><\/p>\n<p>La herramienta de MAPAS CAUSALES para la identificaci\u00f3n de impactos:<\/p>\n<p>&#8211; Dr. Hugo Garc\u00eda Andreu (UA) <strong><span style=\"color: #0000ff\"><a href=\"http:\/\/www.mediafire.com\/view\/2w58oplw3gmxxpg\/Redes_Causales_Impactos.pdf\" target=\"_blank\"><span style=\"color: #0000ff\">Descargar<\/span><\/a><\/span><\/strong><\/p>\n<p>&#8211; Ms. Fernando Relinque (UHU- EISMethods). <strong><span style=\"color: #0000ff\"><a href=\"http:\/\/www.mediafire.com\/download\/1dovs6cwo93kcb3\/redes+causales.ppt\" target=\"_blank\"><span style=\"color: #0000ff\">Descargar<\/span><\/a><\/span><\/strong><\/p>\n<p><strong>JUEVES MA\u00d1ANA &#8211;\u00a0<strong>\u00a0Seminario 1 (Facultad de ciencias econ\u00f3micas y empresariales)\u00a0<\/strong><\/strong><\/p>\n<p>PONENCIAS Y MESAS REDONDAS<\/p>\n<p>9,15 A 10.45 PONENCIAS MA<\/p>\n<p>Ponencia. Dr. Fransualdo Acevedo (UFRN- Brasil): \u00a0Impactos Socioambientais do Processo de Internacionaliza\u00e7\u00e3o do Turismo no Brasil e em Mo\u00e7ambique.<\/p>\n<p><strong><span style=\"color: #0000ff\"><a href=\"http:\/\/www.mediafire.com\/view\/n2eae29nbuanrxn\/APRESENTA\u00c7\u00c3O_FRANSUALDO_ALICANTE_2014.pptm\" target=\"_blank\"><span style=\"color: #0000ff\">Descarga<\/span><\/a><\/span><\/strong><\/p>\n<p>Ponencia: Dr. \u00a0Pedro Ba\u00f1os\/Isabel Ba\u00f1os (Universidad de Murcia). Evaluaci\u00f3n de Impacto Socio Ambiental: Actores sociales m\u00e1s relevantes en el conflicto socioambiental de la bah\u00eda de Portman.<\/p>\n<p><strong><span style=\"color: #0000ff\"><a href=\"http:\/\/www.mediafire.com\/view\/im7clisipcui3ig\/ConflictosSocioAmbientalesSierraMineraCartagenaLaUnion__Alicante3abril2014.pdf\" target=\"_blank\"><span style=\"color: #0000ff\">Descarga<\/span><\/a><\/span><\/strong><\/p>\n<p>Debate. Coordinador: Dr. Arturo Vallejos:<\/p>\n<p>11.00-13.00 TURISMO. PONENCIAS Y MESA REDONDA<\/p>\n<p>Ponencia. Dra. Maribel Osorio (Universidad Aut\u00f3noma del Estado de M\u00e9xico): Turismo residencial y desarrollo local. Impactos en la comunidad de Malinalco, estado de M\u00e9xico.<\/p>\n<p><strong><span style=\"color: #0000ff\"><a href=\"http:\/\/www.mediafire.com\/view\/f9ttmqmhytdtjzt\/Maribel_Jornadas_PP_Tur_Res_Alicante.pptx\"><span style=\"color: #0000ff\">Descarga<\/span><\/a><\/span><\/strong><\/p>\n<p>Ponencia. Dra. Nora Bringa (El Colegio de la Frontera Norte-M\u00e9xico) \u00a0&#8211; Los pros y los contras del desarrollo tur\u00edstico en el corredor costero Tijuana Rosarito Ensenada.<\/p>\n<p><strong><span style=\"color: #0000ff\"><a href=\"http:\/\/www.mediafire.com\/view\/sc8u53vcvx01fm5\/Nora-OT-Cocotren-VGpe_ALICANTE.ppt\"><span style=\"color: #0000ff\">Descarga<\/span><\/a><\/span><\/strong><\/p>\n<p>Debate: Dr. \u00a0Fransualdo Acevedo<\/p>\n<p>13h.00.\u00a0 CONFERENCIA DE CLAUSUSA\u00a0 Prof. Dr.\u00a0 Pedro Jacobi \u00a0(IEA &#8211; USP, Brasil) Gobernanza del agua y desastres en la Regi\u00f3n Metropolitana de S\u00e3o Paulo. &#8211; Sin presentaci\u00f3n.<\/p>\n<p><strong>JUEVES TARDE &#8211;\u00a0<strong>\u00a0Seminario 1 (Facultad de ciencias econ\u00f3micas y empresariales)\u00a0<\/strong><\/strong><\/p>\n<p>16.00. Dra. Ana Prades (CIEMA)T y Dr. Josep Espluga \u00a0(Universidad Aut\u00f3noma de Barcelona)- El m\u00e9todo STAVE: una innovadora propuesta para la exploraci\u00f3n y evaluaci\u00f3n de las dimensiones sociales de la sostenibilidad y la elaboraci\u00f3n de pol\u00edticas ambientales.<\/p>\n<p><strong><span style=\"color: #0000ff\"><a href=\"http:\/\/www.mediafire.com\/view\/a9qxzcnbqz3zc2q\/Jornadas_EIS-Alicante-_El_m\u00e9todo_STAVE_[VF]_Ana.pptx\" target=\"_blank\"><span style=\"color: #0000ff\">Descarga<\/span><\/a><\/span><\/strong><\/p>\n<p>Doctoranda Anna Maria Urgeghe y\u00a0Anah\u00ed Ocampo Melgar (UA) . Elaboraci\u00f3n de Propuestas: m\u00e9todos de m\u00faltiple elecci\u00f3n.<\/p>\n<p><strong><span style=\"color: #0000ff\"><a href=\"http:\/\/www.mediafire.com\/view\/cze4pcz45fpy99c\/Urgeghe_Jornada_EIAS_MCDA.ppt\" target=\"_blank\"><span style=\"color: #0000ff\">Descarga<\/span><\/a><\/span><\/strong><\/p>\n<p>Conferencia on-line: Patricio Carpio. \u00a0Fundaci\u00f3n OFIS (Oficina de Investigaciones Sociales y del Desarrollo. Ecuador. Debate coordinado por Dr. Fco. Javier Ull\u00e1n (UA)<\/p>\n<p>A modo de conclusi\u00f3n: \u00a0Maribel Osorio, Nora Bringas, Marcela Rom\u00e1n, Priscila Sosa, y Francisca Fonseca. Reflexiones al final de las Jornadas. Un enfoque de g\u00e9nero femenino<\/p>\n<p><strong><span style=\"color: #0000ff\"><a href=\"http:\/\/www.mediafire.com\/view\/u3wuu5fsdrshiju\/Alicante,_g\u00e9nero.ppt\"><span style=\"color: #0000ff\">Descarga<\/span><\/a><\/span><\/strong><\/p>\n<p><strong>Viernes on line Solo para alumnos asistentes<\/strong><\/p>\n<p>Dos documentales<\/p>\n<p>El canal de la Discordia. Universidad de Alicante. Antonio Aledo <strong><span style=\"color: #0000ff\"><a href=\"http:\/\/rua.ua.es\/dspace\/handle\/10045\/12324\" target=\"_blank\"><span style=\"color: #0000ff\">http:\/\/rua.ua.es\/dspace\/handle\/10045\/12324<\/span><\/a><\/span><\/strong><\/p>\n<p>\u201cSol y Sombras\u201d. Los impactos negativos del turismo en Centroam\u00e9rica y Caribe. Fundaci\u00f3n Luci\u00e9rnaga.<strong><span style=\"color: #0000ff\"> <a href=\"http:\/\/vimeo.com\/20734728\" target=\"_blank\"><span style=\"color: #0000ff\">http:\/\/vimeo.com\/20734728<\/span><\/a><\/span><\/strong><\/p>\n<p><a href=\"https:\/\/blogs.ua.es\/elei\/files\/2013\/10\/Logo3-JORNADAS.jpg\"><img loading=\"lazy\" decoding=\"async\" class=\"alignnone size-full wp-image-168\" alt=\"Logo3-JORNADAS\" src=\"https:\/\/blogs.ua.es\/elei\/files\/2013\/10\/Logo3-JORNADAS.jpg\" width=\"1681\" height=\"1081\" srcset=\"https:\/\/blogs.ua.es\/elei\/files\/2013\/10\/Logo3-JORNADAS.jpg 1681w, https:\/\/blogs.ua.es\/elei\/files\/2013\/10\/Logo3-JORNADAS-300x192.jpg 300w, https:\/\/blogs.ua.es\/elei\/files\/2013\/10\/Logo3-JORNADAS-1024x658.jpg 1024w\" sizes=\"auto, (max-width: 1681px) 100vw, 1681px\" \/><\/a><\/p>\n","protected":false},"excerpt":{"rendered":"<p>LUNES TARDE 16.00 BIENVENIDA Y PRESENTACION &#8211; A\u00fan faltan ponencias 16.30 INTRODUCCION AL EIS. Dr. Antonio Aledo (UA) \u00a0y Dr. Jos\u00e9 Andr\u00e9s Dom\u00ednguez (UHU- EISMethods) Definici\u00f3n sobre impacto social Definici\u00f3n sobre EIS Enfoque emic y epic 18.00. La pol\u00edtica del EIS y modelos: comunitario \/ as\u00e9ptico \/ integrador. Fases del EIS 19:00 Documental: \u00a0Los discursos &hellip; <a href=\"https:\/\/blogs.ua.es\/elei\/programacion\/\" class=\"more-link\">Continue reading <span class=\"screen-reader-text\">Programaci\u00f3n-Descargar Ponencias<\/span> <span class=\"meta-nav\">&rarr;<\/span><\/a><\/p>\n","protected":false},"author":3226,"featured_media":0,"parent":0,"menu_order":0,"comment_status":"open","ping_status":"open","template":"","meta":{"footnotes":""},"class_list":["post-18","page","type-page","status-publish","hentry"],"_links":{"self":[{"href":"https:\/\/blogs.ua.es\/elei\/wp-json\/wp\/v2\/pages\/18","targetHints":{"allow":["GET"]}}],"collection":[{"href":"https:\/\/blogs.ua.es\/elei\/wp-json\/wp\/v2\/pages"}],"about":[{"href":"https:\/\/blogs.ua.es\/elei\/wp-json\/wp\/v2\/types\/page"}],"author":[{"embeddable":true,"href":"https:\/\/blogs.ua.es\/elei\/wp-json\/wp\/v2\/users\/3226"}],"replies":[{"embeddable":true,"href":"https:\/\/blogs.ua.es\/elei\/wp-json\/wp\/v2\/comments?post=18"}],"version-history":[{"count":33,"href":"https:\/\/blogs.ua.es\/elei\/wp-json\/wp\/v2\/pages\/18\/revisions"}],"predecessor-version":[{"id":313,"href":"https:\/\/blogs.ua.es\/elei\/wp-json\/wp\/v2\/pages\/18\/revisions\/313"}],"wp:attachment":[{"href":"https:\/\/blogs.ua.es\/elei\/wp-json\/wp\/v2\/media?parent=18"}],"curies":[{"name":"wp","href":"https:\/\/api.w.org\/{rel}","templated":true}]}}