{"id":184,"date":"2014-02-05T12:27:59","date_gmt":"2014-02-05T10:27:59","guid":{"rendered":"https:\/\/blogs.ua.es\/elei\/?page_id=184"},"modified":"2014-02-25T01:22:32","modified_gmt":"2014-02-24T23:22:32","slug":"comite-cientifico","status":"publish","type":"page","link":"https:\/\/blogs.ua.es\/elei\/comite-cientifico\/","title":{"rendered":"Comit\u00e9 Cient\u00edfico"},"content":{"rendered":"<p><span style=\"color: #000000\"><strong>Miembros<\/strong><\/span><\/p>\n<p><span style=\"color: #000000\">Dr. Antonio Aledo \u00a0<\/span><\/p>\n<p><span style=\"color: #000000\">Dr. Artemio Baigorri<\/span><\/p>\n<p><span style=\"color: #000000\">Dr. J.A. Dom\u00ednguez<\/span><\/p>\n<p><span style=\"color: #000000\">Dr. Joaqu\u00edn Melgarejo<\/span><\/p>\n<p><span style=\"color: #000000\">Dr. Jos\u00e9 Ram\u00f3n Navarro<\/span><\/p>\n<p><span style=\"color: #000000\">Dr. Christian Oltra<\/span><\/p>\n<p><span style=\"color: #000000\">Dra. Mercedes Pardo<\/span><\/p>\n<p><span style=\"color: #000000\">Dr. Ra\u00fal Ruiz<\/span><\/p>\n<p><span style=\"color: #000000\">Dra. Maite Algado<\/span><\/p>\n","protected":false},"excerpt":{"rendered":"<p>Miembros Dr. Antonio Aledo \u00a0 Dr. Artemio Baigorri Dr. J.A. Dom\u00ednguez Dr. Joaqu\u00edn Melgarejo Dr. Jos\u00e9 Ram\u00f3n Navarro Dr. Christian Oltra Dra. Mercedes Pardo Dr. Ra\u00fal Ruiz Dra. Maite Algado<\/p>\n","protected":false},"author":3226,"featured_media":0,"parent":0,"menu_order":0,"comment_status":"closed","ping_status":"open","template":"","meta":{"footnotes":""},"class_list":["post-184","page","type-page","status-publish","hentry"],"_links":{"self":[{"href":"https:\/\/blogs.ua.es\/elei\/wp-json\/wp\/v2\/pages\/184","targetHints":{"allow":["GET"]}}],"collection":[{"href":"https:\/\/blogs.ua.es\/elei\/wp-json\/wp\/v2\/pages"}],"about":[{"href":"https:\/\/blogs.ua.es\/elei\/wp-json\/wp\/v2\/types\/page"}],"author":[{"embeddable":true,"href":"https:\/\/blogs.ua.es\/elei\/wp-json\/wp\/v2\/users\/3226"}],"replies":[{"embeddable":true,"href":"https:\/\/blogs.ua.es\/elei\/wp-json\/wp\/v2\/comments?post=184"}],"version-history":[{"count":3,"href":"https:\/\/blogs.ua.es\/elei\/wp-json\/wp\/v2\/pages\/184\/revisions"}],"predecessor-version":[{"id":223,"href":"https:\/\/blogs.ua.es\/elei\/wp-json\/wp\/v2\/pages\/184\/revisions\/223"}],"wp:attachment":[{"href":"https:\/\/blogs.ua.es\/elei\/wp-json\/wp\/v2\/media?parent=184"}],"curies":[{"name":"wp","href":"https:\/\/api.w.org\/{rel}","templated":true}]}}