{"id":186,"date":"2014-02-05T12:29:04","date_gmt":"2014-02-05T10:29:04","guid":{"rendered":"https:\/\/blogs.ua.es\/elei\/?page_id=186"},"modified":"2014-02-06T00:19:34","modified_gmt":"2014-02-05T22:19:34","slug":"comite-organizador","status":"publish","type":"page","link":"https:\/\/blogs.ua.es\/elei\/comite-organizador\/","title":{"rendered":"Comit\u00e9 Organizador"},"content":{"rendered":"<p><strong><span style=\"color: #000000\">COMIT\u00c9 ORGANIZADOR<\/span><\/strong><\/p>\n<p>Direcci\u00f3n: Dr. Antonio Aledo y Dr. J.A. Dom\u00ednguez<\/p>\n<p>Dr. Hugo Garc\u00eda Andreu<\/p>\n<p>Dra. Guadalupe Ortiz<\/p>\n<p>Do\u00f1a Jessica Ben\u00edtez Ben\u00edtez<\/p>\n<p>Do\u00f1a Sole G\u00e1zquez Garc\u00eda<\/p>\n<p>Do\u00f1a Isabel Juan Amat<\/p>\n<p>Don Santiago Pardilla Fern\u00e1ndez<\/p>\n<p>Do\u00f1a Ar\u00e1nzazu Prieto Arag\u00f3n<\/p>\n<p>Do\u00f1a Patricia Such Cortijo<\/p>\n<p>Do\u00f1a Lucia Rubio Escuderos<\/p>\n","protected":false},"excerpt":{"rendered":"<p>COMIT\u00c9 ORGANIZADOR Direcci\u00f3n: Dr. Antonio Aledo y Dr. J.A. Dom\u00ednguez Dr. Hugo Garc\u00eda Andreu Dra. Guadalupe Ortiz Do\u00f1a Jessica Ben\u00edtez Ben\u00edtez Do\u00f1a Sole G\u00e1zquez Garc\u00eda Do\u00f1a Isabel Juan Amat Don Santiago Pardilla Fern\u00e1ndez Do\u00f1a Ar\u00e1nzazu Prieto Arag\u00f3n Do\u00f1a Patricia Such Cortijo Do\u00f1a Lucia Rubio Escuderos<\/p>\n","protected":false},"author":3226,"featured_media":0,"parent":0,"menu_order":0,"comment_status":"closed","ping_status":"open","template":"","meta":{"footnotes":""},"class_list":["post-186","page","type-page","status-publish","hentry"],"_links":{"self":[{"href":"https:\/\/blogs.ua.es\/elei\/wp-json\/wp\/v2\/pages\/186","targetHints":{"allow":["GET"]}}],"collection":[{"href":"https:\/\/blogs.ua.es\/elei\/wp-json\/wp\/v2\/pages"}],"about":[{"href":"https:\/\/blogs.ua.es\/elei\/wp-json\/wp\/v2\/types\/page"}],"author":[{"embeddable":true,"href":"https:\/\/blogs.ua.es\/elei\/wp-json\/wp\/v2\/users\/3226"}],"replies":[{"embeddable":true,"href":"https:\/\/blogs.ua.es\/elei\/wp-json\/wp\/v2\/comments?post=186"}],"version-history":[{"count":6,"href":"https:\/\/blogs.ua.es\/elei\/wp-json\/wp\/v2\/pages\/186\/revisions"}],"predecessor-version":[{"id":193,"href":"https:\/\/blogs.ua.es\/elei\/wp-json\/wp\/v2\/pages\/186\/revisions\/193"}],"wp:attachment":[{"href":"https:\/\/blogs.ua.es\/elei\/wp-json\/wp\/v2\/media?parent=186"}],"curies":[{"name":"wp","href":"https:\/\/api.w.org\/{rel}","templated":true}]}}