{"id":230,"date":"2014-03-11T11:54:33","date_gmt":"2014-03-11T09:54:33","guid":{"rendered":"https:\/\/blogs.ua.es\/elei\/?page_id=230"},"modified":"2014-03-13T20:23:48","modified_gmt":"2014-03-13T18:23:48","slug":"participantes","status":"publish","type":"page","link":"https:\/\/blogs.ua.es\/elei\/participantes\/","title":{"rendered":"Participantes"},"content":{"rendered":"<p>Profesorado e investigadores que colaboran en estas Jornadas.<\/p>\n<table border=\"1\" cellspacing=\"0\" cellpadding=\"0\">\n<tbody>\n<tr>\n<td valign=\"top\" width=\"219\">Fransualdo Acevedo<\/td>\n<td valign=\"top\" width=\"219\">Universidad Federal de R\u00edo Grande del Norte<\/td>\n<\/tr>\n<tr>\n<td valign=\"top\" width=\"219\">Pedro Ba\u00f1os<\/td>\n<td valign=\"top\" width=\"219\">Universidad de Murcia<\/td>\n<\/tr>\n<tr>\n<td valign=\"top\" width=\"219\">Isabel Ba\u00f1os<\/td>\n<td valign=\"top\" width=\"219\">Universidad de Murcia<\/td>\n<\/tr>\n<tr>\n<td valign=\"top\" width=\"219\">Susana Bautista<\/td>\n<td valign=\"top\" width=\"219\">Universidad de Alicante<\/td>\n<\/tr>\n<tr>\n<td valign=\"top\" width=\"219\">Nora Bringas<\/td>\n<td valign=\"top\" width=\"219\">Colegio de la Frontera Norte<\/td>\n<\/tr>\n<tr>\n<td valign=\"top\" width=\"219\">Yara Camargo<\/td>\n<td valign=\"top\" width=\"219\">Fundaci\u00f3n Victoria Amaz\u00f3nica<\/td>\n<\/tr>\n<tr>\n<td valign=\"top\" width=\"219\">Ernest Ca\u00f1ada<\/td>\n<td valign=\"top\" width=\"219\">Albasud-GIST\/UIB. Managua. Nicaragua<\/td>\n<\/tr>\n<tr>\n<td valign=\"top\" width=\"219\">Jacques Demajorovic<\/td>\n<td valign=\"top\" width=\"219\">Centro Universitario de FEI<\/td>\n<\/tr>\n<tr>\n<td valign=\"top\" width=\"219\">Josep Espluga<\/td>\n<td valign=\"top\" width=\"219\">Universidad Aut\u00f3noma de Barcelona<\/td>\n<\/tr>\n<tr>\n<td valign=\"top\" width=\"219\">Erminio Fernandes<\/td>\n<td valign=\"top\" width=\"219\">Universidad Federal de R\u00edo Grande del Norte<\/td>\n<\/tr>\n<tr>\n<td valign=\"top\" width=\"219\">Francisca Fonseca<\/td>\n<td valign=\"top\" width=\"219\">Universidad de La Frontera<\/td>\n<\/tr>\n<tr>\n<td valign=\"top\" width=\"219\">Luis Galanes<\/td>\n<td valign=\"top\" width=\"219\">Universidad de Puerto Rico en Cayey<\/td>\n<\/tr>\n<tr>\n<td valign=\"top\" width=\"219\">Hugo Garc\u00eda Andreu<\/td>\n<td valign=\"top\" width=\"219\">Universidad de Alicante<\/td>\n<\/tr>\n<tr>\n<td valign=\"top\" width=\"219\">Pedro Jacobi<\/td>\n<td valign=\"top\" width=\"219\">Universidad de Sao Paulo<\/td>\n<\/tr>\n<tr>\n<td valign=\"top\" width=\"219\">Alfonso Jim\u00e9nez<\/td>\n<td valign=\"top\" width=\"219\">Universidad Aut\u00f3noma de Guerrero<\/td>\n<\/tr>\n<tr>\n<td valign=\"top\" width=\"219\">Celso Locatel<\/td>\n<td valign=\"top\" width=\"219\">Universidad Federal de R\u00edo Grande del Norte<\/td>\n<\/tr>\n<tr>\n<td valign=\"top\" width=\"219\">Gustavo Mantilla<\/td>\n<td valign=\"top\" width=\"219\">Universidad de Santander UDES. Bucaramanga-Colombia<\/td>\n<\/tr>\n<tr>\n<td valign=\"top\" width=\"219\">Andr\u00e9s Molina<\/td>\n<td valign=\"top\" width=\"219\">Universidad de Alicante<\/td>\n<\/tr>\n<tr>\n<td valign=\"top\" width=\"219\">Consuelo Moreno<\/td>\n<td valign=\"top\" width=\"219\">Universidad de Santander UDES. Bucaramanga-Colombia<\/td>\n<\/tr>\n<tr>\n<td valign=\"top\" width=\"219\">Barron Orr<\/td>\n<td valign=\"top\" width=\"219\">University of Arizona<\/td>\n<\/tr>\n<tr>\n<td valign=\"top\" width=\"219\">Maribel Osorio<\/td>\n<td valign=\"top\" width=\"219\">Universidad Aut\u00f3noma del Estado de M\u00e9xico<\/td>\n<\/tr>\n<tr>\n<td valign=\"top\" width=\"219\">Guadalupe Ortiz<\/td>\n<td valign=\"top\" width=\"219\">Universidad de Alicante<\/td>\n<\/tr>\n<tr>\n<td valign=\"top\" width=\"219\">Ana Prades<\/td>\n<td valign=\"top\" width=\"219\">CIEMAT<\/td>\n<\/tr>\n<tr>\n<td valign=\"top\" width=\"219\">Fernando Relinque<\/td>\n<td valign=\"top\" width=\"219\">Universidad de Huelva<\/td>\n<\/tr>\n<tr>\n<td valign=\"top\" width=\"219\">Marcela Rom\u00e1n<\/td>\n<td valign=\"top\" width=\"219\">Universidad de Costa Rica<\/td>\n<\/tr>\n<tr>\n<td valign=\"top\" width=\"219\">Ana Luc\u00eda Santiago<\/td>\n<td valign=\"top\" width=\"219\">FEI Sao Paulo<\/td>\n<\/tr>\n<tr>\n<td valign=\"top\" width=\"219\">Priscila Sosa<\/td>\n<td valign=\"top\" width=\"219\">Universidad del Caribe<\/td>\n<\/tr>\n<tr>\n<td valign=\"top\" width=\"219\">Anna Mar\u00eda Urgeghe<\/td>\n<td valign=\"top\" width=\"219\">Universidad de Alicante<\/td>\n<\/tr>\n<tr>\n<td valign=\"top\" width=\"219\">Arturo Vallejos<\/td>\n<td valign=\"top\" width=\"219\">Universidad de La Frontera<\/td>\n<\/tr>\n<\/tbody>\n<\/table>\n","protected":false},"excerpt":{"rendered":"<p>Profesorado e investigadores que colaboran en estas Jornadas. Fransualdo Acevedo Universidad Federal de R\u00edo Grande del Norte Pedro Ba\u00f1os Universidad de Murcia Isabel Ba\u00f1os Universidad de Murcia Susana Bautista Universidad de Alicante Nora Bringas Colegio de la Frontera Norte Yara Camargo Fundaci\u00f3n Victoria Amaz\u00f3nica Ernest Ca\u00f1ada Albasud-GIST\/UIB. Managua. Nicaragua Jacques Demajorovic Centro Universitario de FEI &hellip; <a href=\"https:\/\/blogs.ua.es\/elei\/participantes\/\" class=\"more-link\">Continue reading <span class=\"screen-reader-text\">Participantes<\/span> <span class=\"meta-nav\">&rarr;<\/span><\/a><\/p>\n","protected":false},"author":3226,"featured_media":0,"parent":0,"menu_order":0,"comment_status":"closed","ping_status":"open","template":"","meta":{"footnotes":""},"class_list":["post-230","page","type-page","status-publish","hentry"],"_links":{"self":[{"href":"https:\/\/blogs.ua.es\/elei\/wp-json\/wp\/v2\/pages\/230","targetHints":{"allow":["GET"]}}],"collection":[{"href":"https:\/\/blogs.ua.es\/elei\/wp-json\/wp\/v2\/pages"}],"about":[{"href":"https:\/\/blogs.ua.es\/elei\/wp-json\/wp\/v2\/types\/page"}],"author":[{"embeddable":true,"href":"https:\/\/blogs.ua.es\/elei\/wp-json\/wp\/v2\/users\/3226"}],"replies":[{"embeddable":true,"href":"https:\/\/blogs.ua.es\/elei\/wp-json\/wp\/v2\/comments?post=230"}],"version-history":[{"count":3,"href":"https:\/\/blogs.ua.es\/elei\/wp-json\/wp\/v2\/pages\/230\/revisions"}],"predecessor-version":[{"id":234,"href":"https:\/\/blogs.ua.es\/elei\/wp-json\/wp\/v2\/pages\/230\/revisions\/234"}],"wp:attachment":[{"href":"https:\/\/blogs.ua.es\/elei\/wp-json\/wp\/v2\/media?parent=230"}],"curies":[{"name":"wp","href":"https:\/\/api.w.org\/{rel}","templated":true}]}}