{"id":254,"date":"2014-04-08T12:17:35","date_gmt":"2014-04-08T10:17:35","guid":{"rendered":"https:\/\/blogs.ua.es\/elei\/?page_id=254"},"modified":"2014-04-08T18:55:27","modified_gmt":"2014-04-08T16:55:27","slug":"difusion-en-medios-de-comunicacion","status":"publish","type":"page","link":"https:\/\/blogs.ua.es\/elei\/difusion-en-medios-de-comunicacion\/","title":{"rendered":"Difusi\u00f3n en Medios de Comunicaci\u00f3n"},"content":{"rendered":"<p><strong>Medios de comunicaci\u00f3n, webs y blogs que se han hecho eco de la Jornadas:<\/strong><\/p>\n<p>Diario Informaci\u00f3n: <span style=\"color: #0000ff\"><a href=\"http:\/\/www.diarioinformacion.com\/alicante\/2014\/04\/01\/jornadas-impacto-social-obras\/1486058.html\" target=\"_blank\"><span style=\"color: #0000ff\">Jornadas sobre el impacto social de las obras<\/span><\/a><\/span><\/p>\n<p>Entrevista a Antonio Aledo en el diario informaci\u00f3n: <a href=\"http:\/\/web.ua.es\/es\/dsoc1\/documentos\/publicaciones-y-recortes-de-prensa\/2014-04-02-diario-informacion-antonio-aledo.pdf\" target=\"_blank\"><span style=\"color: #0000ff\"><span style=\"color: #0000ff\">La estaci\u00f3n del AVE es un ejemplo de la inoperancia de nuestros pol\u00edticos<\/span><\/span><\/a><\/p>\n<p>Entrevista a Antonio Aledo en la Cadena Cope: <span style=\"color: #0000ff\"><a href=\"http:\/\/www.cope.es\/player\/id=2014040314240001&amp;activo=10\" target=\"window_player\"><span style=\"color: #0000ff\">LA MA\u00d1ANA EN ALICANTE con Denis Rodriguez 03-04-2014 (minuto 54:10)<\/span><\/a><\/span><\/p>\n<p>Entrevista a Antonio Aledo en Onda Cero: <span style=\"color: #0000ff\"><a href=\"http:\/\/www.ondacero.es\/audios-online\/emisoras\/alicante\/alicante-onda-40414_2014040700070.html\" target=\"_blank\"><span style=\"color: #0000ff\">Alicante en la Onda (minuto 51:28)<\/span><\/a><\/span><\/p>\n<p>AlicanteExpress: <span style=\"color: #0000ff\"><a href=\"http:\/\/alicantepress.com\/2014\/03\/27\/jornadas-evaluaciones-de-impacto-socio-ambiental-en-la-ua\/\" target=\"_blank\"><span style=\"color: #0000ff\">I Jornadas Evaluaciones de Impacto Socio-ambiental en la UA<\/span><\/a><\/span><\/p>\n<p>La cronica virtual &#8211; Peri\u00f3dico digital independiente <span style=\"color: #0000ff\"><a href=\"http:\/\/www.lacronicavirtual.com\/index.php\/alicante\/5834-expertos-mundiales-abordan-en-la-ua-el-impacto-social-de-los-proyectos-urbanos\"><span style=\"color: #0000ff\">E<\/span><\/a><a href=\"http:\/\/www.lacronicavirtual.com\/index.php\/85-portada\/5834-expertos-mundiales-abordan-en-la-ua-el-impacto-social-de-los-proyectos-urbanos\" target=\"_blank\"><span style=\"color: #0000ff\">xpertos mundiales abordan en la UA el impacto social de los proyectos urbanos<\/span><\/a><\/span><\/p>\n<p>UA &#8211; Actualidad Universitaria: <span style=\"color: #0000ff\"><a href=\"http:\/\/web.ua.es\/es\/actualidad-universitaria\/2014\/marzo2014\/marzo2014-24-31\/expertos-mundiales-estudiaran-en-la-ua-como-evaluar-el-impacto-sobre-las-poblaciones-de-los-proyectos.html\" target=\"_blank\"><span style=\"color: #0000ff\">Expertos mundiales estudiar\u00e1n en la UA c\u00f3mo evaluar el impacto sobre las poblaciones de los proyectos<\/span><\/a><\/span><\/p>\n<p>EISMethods: <span style=\"color: #0000ff\"><a href=\"http:\/\/www.eismethods.com\/index.php\/noticias\/jornadas-y-congresos\/117-seminario-internacional-eval-de-impacto-social\" target=\"_blank\"><span style=\"color: #0000ff\">Seminario Internacional Eval. de Impacto Social<\/span><\/a><\/span><\/p>\n<p>Ssoci\u00f3logos &#8211; Blog de Actualidad y Sociolog\u00eda: <span style=\"color: #0000ff\"><a href=\"http:\/\/ssociologos.com\/2014\/02\/25\/i-jornadas-de-evaluaciones-de-impacto-socio-ambiental\/\" target=\"_blank\"><span style=\"color: #0000ff\">I Jornadas de Evaluaciones de Impacto\u00a0Socio-ambiental<\/span><\/a><\/span><\/p>\n<p>Cisolog &#8211; ciencia social: <span style=\"color: #0000ff\"><a href=\"http:\/\/cisolog.com\/sociologia\/i-jornadas-de-evaluaciones-de-impacto-socio-ambientales\/\" target=\"_blank\"><span style=\"color: #0000ff\">I Jornadas de Evaluaciones de Impacto Socio-ambientales<\/span><\/a><\/span><\/p>\n<p>Fundaci\u00f3n iS+D:<span style=\"color: #0000ff\"> <a href=\"http:\/\/blog.isdfundacion.org\/2014\/03\/13\/i-jornadas-de-evaluaciones-de-impacto-socio-ambiental\/\" target=\"_blank\"><span style=\"color: #0000ff\"> I Jornadas de Evaluaciones de Impacto Socio-ambiental <\/span><\/a><\/span><\/p>\n<p>Albasud: <span style=\"color: #0000ff\"><a href=\"http:\/\/www.albasud.org\/noticia\/es\/550\/1as-jornadas-de-evaluaciones-de-impactos-socio-ambiental-teor-a-m-todos-y-casos\" target=\"_blank\"><span style=\"color: #0000ff\">1as. Jornadas de Evaluaciones de Impactos Socio-Ambiental. Teor\u00eda, m\u00e9todos y casos<\/span><\/a><\/span><\/p>\n","protected":false},"excerpt":{"rendered":"<p>Medios de comunicaci\u00f3n, webs y blogs que se han hecho eco de la Jornadas: Diario Informaci\u00f3n: Jornadas sobre el impacto social de las obras Entrevista a Antonio Aledo en el diario informaci\u00f3n: La estaci\u00f3n del AVE es un ejemplo de la inoperancia de nuestros pol\u00edticos Entrevista a Antonio Aledo en la Cadena Cope: LA MA\u00d1ANA &hellip; <a href=\"https:\/\/blogs.ua.es\/elei\/difusion-en-medios-de-comunicacion\/\" class=\"more-link\">Continue reading <span class=\"screen-reader-text\">Difusi\u00f3n en Medios de Comunicaci\u00f3n<\/span> <span class=\"meta-nav\">&rarr;<\/span><\/a><\/p>\n","protected":false},"author":3226,"featured_media":0,"parent":0,"menu_order":0,"comment_status":"closed","ping_status":"open","template":"","meta":{"footnotes":""},"class_list":["post-254","page","type-page","status-publish","hentry"],"_links":{"self":[{"href":"https:\/\/blogs.ua.es\/elei\/wp-json\/wp\/v2\/pages\/254","targetHints":{"allow":["GET"]}}],"collection":[{"href":"https:\/\/blogs.ua.es\/elei\/wp-json\/wp\/v2\/pages"}],"about":[{"href":"https:\/\/blogs.ua.es\/elei\/wp-json\/wp\/v2\/types\/page"}],"author":[{"embeddable":true,"href":"https:\/\/blogs.ua.es\/elei\/wp-json\/wp\/v2\/users\/3226"}],"replies":[{"embeddable":true,"href":"https:\/\/blogs.ua.es\/elei\/wp-json\/wp\/v2\/comments?post=254"}],"version-history":[{"count":9,"href":"https:\/\/blogs.ua.es\/elei\/wp-json\/wp\/v2\/pages\/254\/revisions"}],"predecessor-version":[{"id":273,"href":"https:\/\/blogs.ua.es\/elei\/wp-json\/wp\/v2\/pages\/254\/revisions\/273"}],"wp:attachment":[{"href":"https:\/\/blogs.ua.es\/elei\/wp-json\/wp\/v2\/media?parent=254"}],"curies":[{"name":"wp","href":"https:\/\/api.w.org\/{rel}","templated":true}]}}