{"id":39,"date":"2013-10-23T23:38:36","date_gmt":"2013-10-23T21:38:36","guid":{"rendered":"https:\/\/blogs.ua.es\/elei\/?page_id=39"},"modified":"2014-02-06T11:17:50","modified_gmt":"2014-02-06T09:17:50","slug":"i-encuentro-latinoamericano-sobre-evaluacion-de-impacto","status":"publish","type":"page","link":"https:\/\/blogs.ua.es\/elei\/","title":{"rendered":""},"content":{"rendered":"<p style=\"text-align: justify\"><strong>Estas Jornadas que se celebrar\u00e1n desde 31 de marzo al 4 de abril en la Universidad de Alicante, tienen como objetivo la formaci\u00f3n de estudiantes, t\u00e9cnicos y expertos en las Metodolog\u00edas de Evaluaci\u00f3n de Impacto Social.<\/strong><\/p>\n<p style=\"text-align: justify\">Una definici\u00f3n com\u00fanmente aceptada de EIS la entiende como metodolog\u00edas que \u201cincluyen los procesos de an\u00e1lisis, seguimiento y gesti\u00f3n de las consecuencias sociales previstas e imprevistas, tanto positivas como negativas, de las intervenciones planificadas (pol\u00edticas, programas, planes, proyectos) y de cualquier proceso de cambio social inducido por esas intervenciones\u201d.<\/p>\n<p style=\"text-align: justify\">Las evaluaciones de impacto social se est\u00e1n convirtiendo en una exigencia por parte de las grandes instituciones globales y regionales para el dise\u00f1o y ejecuci\u00f3n de proyectos de desarrollo, obras de ingenier\u00eda o intervenciones sociales.<\/p>\n<p style=\"text-align: justify\">La EIS se presenta como un instrumento orientado a fortalecer el proceso de toma de decisiones relacionadas con el dise\u00f1o, ejecuci\u00f3n y manejo del proyecto. Este enfoque pretende contribuir al <i>risk management<\/i> de las intervenciones en cuanto que se orienta a la reducci\u00f3n de costes econ\u00f3micos, sociales y ambientales tanto de aquellos que recaen sobre las empresas o instituciones impulsoras de la actuaci\u00f3n como sobre las comunidades locales afectadas. Enfatiza que la EIS debe incorporarse desde el inicio como una herramienta del dise\u00f1o, y acompa\u00f1ar al proyecto como una pieza importante en su gesti\u00f3n y su seguimiento. Este enfoque ampl\u00eda el concepto de proyecto m\u00e1s all\u00e1 de la obra o intervenci\u00f3n al estudiarlo en todas las fases de su ciclo y al entenderlo como un proceso social y no solo como un ejercicio t\u00e9cnico.<\/p>\n<p><a href=\"https:\/\/blogs.ua.es\/elei\/files\/2013\/10\/DSC00233.jpg\"><img loading=\"lazy\" decoding=\"async\" class=\"alignnone size-full wp-image-120\" alt=\"DSC00233\" src=\"https:\/\/blogs.ua.es\/elei\/files\/2013\/10\/DSC00233.jpg\" width=\"2592\" height=\"1944\" srcset=\"https:\/\/blogs.ua.es\/elei\/files\/2013\/10\/DSC00233.jpg 2592w, https:\/\/blogs.ua.es\/elei\/files\/2013\/10\/DSC00233-300x225.jpg 300w, https:\/\/blogs.ua.es\/elei\/files\/2013\/10\/DSC00233-1024x768.jpg 1024w\" sizes=\"auto, (max-width: 2592px) 100vw, 2592px\" \/><\/a><\/p>\n","protected":false},"excerpt":{"rendered":"<p>Estas Jornadas que se celebrar\u00e1n desde 31 de marzo al 4 de abril en la Universidad de Alicante, tienen como objetivo la formaci\u00f3n de estudiantes, t\u00e9cnicos y expertos en las Metodolog\u00edas de Evaluaci\u00f3n de Impacto Social. Una definici\u00f3n com\u00fanmente aceptada de EIS la entiende como metodolog\u00edas que \u201cincluyen los procesos de an\u00e1lisis, seguimiento y gesti\u00f3n &hellip; <a href=\"https:\/\/blogs.ua.es\/elei\/\" class=\"more-link\">Continue reading <span class=\"screen-reader-text\"><\/span> <span class=\"meta-nav\">&rarr;<\/span><\/a><\/p>\n","protected":false},"author":3226,"featured_media":0,"parent":0,"menu_order":0,"comment_status":"closed","ping_status":"closed","template":"","meta":{"footnotes":""},"class_list":["post-39","page","type-page","status-publish","hentry"],"_links":{"self":[{"href":"https:\/\/blogs.ua.es\/elei\/wp-json\/wp\/v2\/pages\/39","targetHints":{"allow":["GET"]}}],"collection":[{"href":"https:\/\/blogs.ua.es\/elei\/wp-json\/wp\/v2\/pages"}],"about":[{"href":"https:\/\/blogs.ua.es\/elei\/wp-json\/wp\/v2\/types\/page"}],"author":[{"embeddable":true,"href":"https:\/\/blogs.ua.es\/elei\/wp-json\/wp\/v2\/users\/3226"}],"replies":[{"embeddable":true,"href":"https:\/\/blogs.ua.es\/elei\/wp-json\/wp\/v2\/comments?post=39"}],"version-history":[{"count":18,"href":"https:\/\/blogs.ua.es\/elei\/wp-json\/wp\/v2\/pages\/39\/revisions"}],"predecessor-version":[{"id":203,"href":"https:\/\/blogs.ua.es\/elei\/wp-json\/wp\/v2\/pages\/39\/revisions\/203"}],"wp:attachment":[{"href":"https:\/\/blogs.ua.es\/elei\/wp-json\/wp\/v2\/media?parent=39"}],"curies":[{"name":"wp","href":"https:\/\/api.w.org\/{rel}","templated":true}]}}