{"id":98,"date":"2013-11-09T18:32:05","date_gmt":"2013-11-09T16:32:05","guid":{"rendered":"https:\/\/blogs.ua.es\/elei\/?page_id=98"},"modified":"2013-11-27T21:14:59","modified_gmt":"2013-11-27T19:14:59","slug":"entidades-colaboradoras","status":"publish","type":"page","link":"https:\/\/blogs.ua.es\/elei\/entidades-colaboradoras\/","title":{"rendered":"Entidades colaboradoras"},"content":{"rendered":"<h4 style=\"text-align: center\"><span style=\"color: #000000\">Universidad de Alicante<\/span><\/h4>\n<h4><a href=\"https:\/\/blogs.ua.es\/elei\/files\/2013\/11\/alicante.jpg\"><img loading=\"lazy\" decoding=\"async\" class=\"size-full wp-image-99 aligncenter\" alt=\"alicante\" src=\"https:\/\/blogs.ua.es\/elei\/files\/2013\/11\/alicante.jpg\" width=\"185\" height=\"104\" \/><\/a><\/h4>\n<h4 style=\"text-align: center\"><span style=\"color: #000000\">Instituto del Agua y de las Ciencias Ambientales<\/span><\/h4>\n<p><img decoding=\"async\" class=\"aligncenter\" alt=\"http:\/\/web.ua.es\/es\/secretaria-gral\/memoria\/1997-98\/_borders\/Instituto_del_Agua.gif\" src=\"http:\/\/web.ua.es\/es\/secretaria-gral\/memoria\/1997-98\/_borders\/Instituto_del_Agua.gif\" \/><\/p>\n<h4 style=\"text-align: center\"><span style=\"color: #000000\">Facultad de Ciencias Econ\u00f3micas y Empresariales<\/span> de la Universidad de Alicante<\/h4>\n<p><a href=\"https:\/\/blogs.ua.es\/elei\/files\/2013\/11\/Sin-t\u00edtulo-4.jpg\"><img loading=\"lazy\" decoding=\"async\" class=\"size-full wp-image-101 aligncenter\" alt=\"Sin t\u00edtulo 4\" src=\"https:\/\/blogs.ua.es\/elei\/files\/2013\/11\/Sin-t\u00edtulo-4.jpg\" width=\"545\" height=\"76\" srcset=\"https:\/\/blogs.ua.es\/elei\/files\/2013\/11\/Sin-t\u00edtulo-4.jpg 545w, https:\/\/blogs.ua.es\/elei\/files\/2013\/11\/Sin-t\u00edtulo-4-300x41.jpg 300w\" sizes=\"auto, (max-width: 545px) 100vw, 545px\" \/><\/a><\/p>\n<h4 style=\"text-align: center\"><span style=\"color: #000000\">Departamento de Sociolog\u00eda I<\/span><\/h4>\n<p><a href=\"https:\/\/blogs.ua.es\/elei\/files\/2013\/11\/departametno-de-sociolog\u00eda-I.jpg\"><img loading=\"lazy\" decoding=\"async\" class=\"size-full wp-image-100 aligncenter\" alt=\"departametno de sociolog\u00eda I\" src=\"https:\/\/blogs.ua.es\/elei\/files\/2013\/11\/departametno-de-sociolog\u00eda-I.jpg\" width=\"214\" height=\"70\" \/><\/a><\/p>\n<h4 style=\"text-align: center\"><span style=\"color: #000000\">EIS Methods<\/span><\/h4>\n<p style=\"text-align: center\"><a href=\"https:\/\/blogs.ua.es\/elei\/files\/2013\/11\/logoeismethods.jpg\"><img loading=\"lazy\" decoding=\"async\" class=\"wp-image-110 aligncenter\" alt=\"logoeismethods\" src=\"https:\/\/blogs.ua.es\/elei\/files\/2013\/11\/logoeismethods.jpg\" width=\"435\" height=\"240\" \/><\/a><\/p>\n<p style=\"text-align: center\"><strong>Alba Sud<\/strong><\/p>\n<p><a href=\"https:\/\/blogs.ua.es\/elei\/files\/2013\/11\/logo1.jpg\"><img loading=\"lazy\" decoding=\"async\" class=\" wp-image-151\" alt=\"logo1\" src=\"https:\/\/blogs.ua.es\/elei\/files\/2013\/11\/logo1.jpg\" width=\"750\" height=\"180\" \/><\/a><\/p>\n<p style=\"text-align: center\"><strong>Ssoci\u00f3logos.com<\/strong><\/p>\n<p style=\"text-align: center\"><a href=\"http:\/\/ssociologos.com\/\" target=\"_blank\"><img loading=\"lazy\" decoding=\"async\" class=\" wp-image-143 aligncenter\" alt=\"LOGO BLOG\" src=\"https:\/\/blogs.ua.es\/elei\/files\/2013\/11\/LOGO-BLOG.jpg\" width=\"513\" height=\"130\" srcset=\"https:\/\/blogs.ua.es\/elei\/files\/2013\/11\/LOGO-BLOG.jpg 533w, https:\/\/blogs.ua.es\/elei\/files\/2013\/11\/LOGO-BLOG-300x75.jpg 300w\" sizes=\"auto, (max-width: 513px) 100vw, 513px\" \/><\/a><\/p>\n","protected":false},"excerpt":{"rendered":"<p>Universidad de Alicante Instituto del Agua y de las Ciencias Ambientales Facultad de Ciencias Econ\u00f3micas y Empresariales de la Universidad de Alicante Departamento de Sociolog\u00eda I EIS Methods Alba Sud Ssoci\u00f3logos.com<\/p>\n","protected":false},"author":3226,"featured_media":0,"parent":0,"menu_order":0,"comment_status":"closed","ping_status":"open","template":"","meta":{"footnotes":""},"class_list":["post-98","page","type-page","status-publish","hentry"],"_links":{"self":[{"href":"https:\/\/blogs.ua.es\/elei\/wp-json\/wp\/v2\/pages\/98","targetHints":{"allow":["GET"]}}],"collection":[{"href":"https:\/\/blogs.ua.es\/elei\/wp-json\/wp\/v2\/pages"}],"about":[{"href":"https:\/\/blogs.ua.es\/elei\/wp-json\/wp\/v2\/types\/page"}],"author":[{"embeddable":true,"href":"https:\/\/blogs.ua.es\/elei\/wp-json\/wp\/v2\/users\/3226"}],"replies":[{"embeddable":true,"href":"https:\/\/blogs.ua.es\/elei\/wp-json\/wp\/v2\/comments?post=98"}],"version-history":[{"count":10,"href":"https:\/\/blogs.ua.es\/elei\/wp-json\/wp\/v2\/pages\/98\/revisions"}],"predecessor-version":[{"id":154,"href":"https:\/\/blogs.ua.es\/elei\/wp-json\/wp\/v2\/pages\/98\/revisions\/154"}],"wp:attachment":[{"href":"https:\/\/blogs.ua.es\/elei\/wp-json\/wp\/v2\/media?parent=98"}],"curies":[{"name":"wp","href":"https:\/\/api.w.org\/{rel}","templated":true}]}}