{"id":295,"date":"2022-08-12T11:01:36","date_gmt":"2022-08-12T11:01:36","guid":{"rendered":"https:\/\/blogs.ua.es\/elespejodecarmesina\/?page_id=295"},"modified":"2022-08-12T11:01:36","modified_gmt":"2022-08-12T11:01:36","slug":"douglas-adams","status":"publish","type":"page","link":"https:\/\/blogs.ua.es\/elespejodecarmesina\/autoes\/douglas-adams\/","title":{"rendered":"Douglas Adams"},"content":{"rendered":"<h3>Biograf\u00eda<\/h3>\n<p><img loading=\"lazy\" decoding=\"async\" class=\"size-medium wp-image-191 alignright\" src=\"https:\/\/blogs.ua.es\/elespejodecarmesina\/files\/2022\/07\/zafarris_seo-update_2-e1658492004397-192x300.jpg\" alt=\"\" width=\"192\" height=\"300\" srcset=\"https:\/\/blogs.ua.es\/elespejodecarmesina\/files\/2022\/07\/zafarris_seo-update_2-e1658492004397-192x300.jpg 192w, https:\/\/blogs.ua.es\/elespejodecarmesina\/files\/2022\/07\/zafarris_seo-update_2-e1658492004397.jpg 432w\" sizes=\"auto, (max-width: 192px) 100vw, 192px\" \/> Douglas No\u00ebl Adams fue un guionista radiof\u00f3nico, as\u00ed como escritor y licenciado en filolog\u00eda , de origen ingl\u00e9s. Naci\u00f3 en Cambridge el 11 de marzo de 1952, y muri\u00f3 en California en mayo de 2001<\/p>\n<p>Fue principalmente conocido por <em>La Gu\u00eda del Autoestopista Gal\u00e1ctico<\/em>, y tambi\u00e9n trabaj\u00f3 en el grupo c\u00f3mico <em>Footlights<\/em> &#8211; que acabar\u00eda por convertirse en el ic\u00f3nico grupo de comedia ingl\u00e9s <em>Monty Python<\/em>. Adem\u00e1s, tambi\u00e9n trabaj\u00f3 como guionista en algunos cap\u00edtulos de <em>Doctor Who<\/em>.<\/p>\n<p>En su carrera como escritor tambi\u00e9n destacan los libros de <em>Dirk Gently, agencia de investigaciones hol\u00edsticas<\/em>, que fueron adaptados por Netflix en una serie de televisi\u00f3n estrenada en 2016.<\/p>\n<p>&nbsp;<\/p>\n<h3>Libros rese\u00f1ados<\/h3>\n<h5><a href=\"https:\/\/blogs.ua.es\/elespejodecarmesina\/2022\/07\/18\/la-guia-del-autoestopista-galactico\/\">La Gu\u00eda del Autoestopista Gal\u00e1ctico<\/a><\/h5>\n<p>&nbsp;<\/p>\n<p>&nbsp;<\/p>\n","protected":false},"excerpt":{"rendered":"<p>Biograf\u00eda Douglas No\u00ebl Adams fue un guionista radiof\u00f3nico, as\u00ed como escritor y licenciado en filolog\u00eda , de origen ingl\u00e9s. Naci\u00f3 en Cambridge el 11 de marzo de 1952, y muri\u00f3 en California en mayo de 2001 Fue principalmente conocido por La Gu\u00eda del Autoestopista Gal\u00e1ctico, y tambi\u00e9n trabaj\u00f3 en el grupo c\u00f3mico Footlights &#8211; que &hellip; <a href=\"https:\/\/blogs.ua.es\/elespejodecarmesina\/autoes\/douglas-adams\/\" class=\"more-link\">Continue reading <span class=\"screen-reader-text\">Douglas Adams<\/span> <span class=\"meta-nav\">&rarr;<\/span><\/a><\/p>\n","protected":false},"author":4528,"featured_media":0,"parent":51,"menu_order":0,"comment_status":"closed","ping_status":"closed","template":"","meta":{"footnotes":""},"class_list":["post-295","page","type-page","status-publish","hentry"],"_links":{"self":[{"href":"https:\/\/blogs.ua.es\/elespejodecarmesina\/wp-json\/wp\/v2\/pages\/295","targetHints":{"allow":["GET"]}}],"collection":[{"href":"https:\/\/blogs.ua.es\/elespejodecarmesina\/wp-json\/wp\/v2\/pages"}],"about":[{"href":"https:\/\/blogs.ua.es\/elespejodecarmesina\/wp-json\/wp\/v2\/types\/page"}],"author":[{"embeddable":true,"href":"https:\/\/blogs.ua.es\/elespejodecarmesina\/wp-json\/wp\/v2\/users\/4528"}],"replies":[{"embeddable":true,"href":"https:\/\/blogs.ua.es\/elespejodecarmesina\/wp-json\/wp\/v2\/comments?post=295"}],"version-history":[{"count":3,"href":"https:\/\/blogs.ua.es\/elespejodecarmesina\/wp-json\/wp\/v2\/pages\/295\/revisions"}],"predecessor-version":[{"id":298,"href":"https:\/\/blogs.ua.es\/elespejodecarmesina\/wp-json\/wp\/v2\/pages\/295\/revisions\/298"}],"up":[{"embeddable":true,"href":"https:\/\/blogs.ua.es\/elespejodecarmesina\/wp-json\/wp\/v2\/pages\/51"}],"wp:attachment":[{"href":"https:\/\/blogs.ua.es\/elespejodecarmesina\/wp-json\/wp\/v2\/media?parent=295"}],"curies":[{"name":"wp","href":"https:\/\/api.w.org\/{rel}","templated":true}]}}