{"id":304,"date":"2022-08-12T11:13:37","date_gmt":"2022-08-12T11:13:37","guid":{"rendered":"https:\/\/blogs.ua.es\/elespejodecarmesina\/?page_id=304"},"modified":"2022-08-12T11:17:02","modified_gmt":"2022-08-12T11:17:02","slug":"louisa-may-alcott","status":"publish","type":"page","link":"https:\/\/blogs.ua.es\/elespejodecarmesina\/autoes\/louisa-may-alcott\/","title":{"rendered":"Louisa May Alcott"},"content":{"rendered":"<h3>Biograf\u00eda<\/h3>\n<p><img loading=\"lazy\" decoding=\"async\" class=\"size-medium wp-image-215 alignright\" src=\"https:\/\/blogs.ua.es\/elespejodecarmesina\/files\/2022\/07\/lma-e1658760112108-216x300.jpg\" alt=\"\" width=\"216\" height=\"300\" srcset=\"https:\/\/blogs.ua.es\/elespejodecarmesina\/files\/2022\/07\/lma-e1658760112108-216x300.jpg 216w, https:\/\/blogs.ua.es\/elespejodecarmesina\/files\/2022\/07\/lma-e1658760112108.jpg 250w\" sizes=\"auto, (max-width: 216px) 100vw, 216px\" \/>Louisa May Alcott fue una escritora estadounidense fuertemente comprometida con el movimiento abolicionista respecto a la esclavitud, as\u00ed como con el sufragismo.<\/p>\n<p>Naci\u00f3 en Pensilvania el 29 de noviembre de 1832, y falleci\u00f3 en Massachusetts el 6 de marzo de 1888.<\/p>\n<p>Escribi\u00f3 una serie de novelas y de historias en que trataba temas tab\u00fa para la \u00e9poca en la que eran publicadas, tales como el adulterio y el incesto; sin embargo, la novela por la que m\u00e1s se le reconoce es por <em>Mujercitas.<\/em><\/p>\n<p>&nbsp;<\/p>\n<h3>Libros rese\u00f1ados<\/h3>\n<h5><a href=\"https:\/\/blogs.ua.es\/elespejodecarmesina\/2022\/07\/26\/mujercitas\/\">Mujercitas\u200b<\/a><\/h5>\n","protected":false},"excerpt":{"rendered":"<p>Biograf\u00eda Louisa May Alcott fue una escritora estadounidense fuertemente comprometida con el movimiento abolicionista respecto a la esclavitud, as\u00ed como con el sufragismo. Naci\u00f3 en Pensilvania el 29 de noviembre de 1832, y falleci\u00f3 en Massachusetts el 6 de marzo de 1888. Escribi\u00f3 una serie de novelas y de historias en que trataba temas tab\u00fa &hellip; <a href=\"https:\/\/blogs.ua.es\/elespejodecarmesina\/autoes\/louisa-may-alcott\/\" class=\"more-link\">Continue reading <span class=\"screen-reader-text\">Louisa May Alcott<\/span> <span class=\"meta-nav\">&rarr;<\/span><\/a><\/p>\n","protected":false},"author":4528,"featured_media":0,"parent":51,"menu_order":0,"comment_status":"closed","ping_status":"closed","template":"","meta":{"footnotes":""},"class_list":["post-304","page","type-page","status-publish","hentry"],"_links":{"self":[{"href":"https:\/\/blogs.ua.es\/elespejodecarmesina\/wp-json\/wp\/v2\/pages\/304","targetHints":{"allow":["GET"]}}],"collection":[{"href":"https:\/\/blogs.ua.es\/elespejodecarmesina\/wp-json\/wp\/v2\/pages"}],"about":[{"href":"https:\/\/blogs.ua.es\/elespejodecarmesina\/wp-json\/wp\/v2\/types\/page"}],"author":[{"embeddable":true,"href":"https:\/\/blogs.ua.es\/elespejodecarmesina\/wp-json\/wp\/v2\/users\/4528"}],"replies":[{"embeddable":true,"href":"https:\/\/blogs.ua.es\/elespejodecarmesina\/wp-json\/wp\/v2\/comments?post=304"}],"version-history":[{"count":2,"href":"https:\/\/blogs.ua.es\/elespejodecarmesina\/wp-json\/wp\/v2\/pages\/304\/revisions"}],"predecessor-version":[{"id":311,"href":"https:\/\/blogs.ua.es\/elespejodecarmesina\/wp-json\/wp\/v2\/pages\/304\/revisions\/311"}],"up":[{"embeddable":true,"href":"https:\/\/blogs.ua.es\/elespejodecarmesina\/wp-json\/wp\/v2\/pages\/51"}],"wp:attachment":[{"href":"https:\/\/blogs.ua.es\/elespejodecarmesina\/wp-json\/wp\/v2\/media?parent=304"}],"curies":[{"name":"wp","href":"https:\/\/api.w.org\/{rel}","templated":true}]}}