{"id":309,"date":"2022-08-12T11:25:43","date_gmt":"2022-08-12T11:25:43","guid":{"rendered":"https:\/\/blogs.ua.es\/elespejodecarmesina\/?page_id=309"},"modified":"2022-08-12T11:25:55","modified_gmt":"2022-08-12T11:25:55","slug":"holly-black-2","status":"publish","type":"page","link":"https:\/\/blogs.ua.es\/elespejodecarmesina\/autoes\/holly-black-2\/","title":{"rendered":"Holly Black"},"content":{"rendered":"<h3>Biograf\u00eda<\/h3>\n<p><img loading=\"lazy\" decoding=\"async\" class=\"size-medium wp-image-291 alignright\" src=\"https:\/\/blogs.ua.es\/elespejodecarmesina\/files\/2022\/08\/holly-black-200x300.jpg\" alt=\"\" width=\"200\" height=\"300\" srcset=\"https:\/\/blogs.ua.es\/elespejodecarmesina\/files\/2022\/08\/holly-black-200x300.jpg 200w, https:\/\/blogs.ua.es\/elespejodecarmesina\/files\/2022\/08\/holly-black.jpg 250w\" sizes=\"auto, (max-width: 200px) 100vw, 200px\" \/><b><\/b><\/p>\n<p>Holly Black es una escritora estadounidense conocida por varias sagas de fantas\u00eda destinadas a p\u00fablico infantil y juvenil.<\/p>\n<p>Naci\u00f3 en Nueva Jersey el 10 de noviembre de 1971, y gracias a su sitio web &#8211; <a href=\"https:\/\/blackholly.com\/\">blackholly.com<\/a>&#8211; podemos obtener noticias tanto de sus libros ya publicados como de aquellos que se van anunciando.<\/p>\n<p>Una de sus sagas m\u00e1s conocidas de literatura infantil son <em>Las cr\u00f3nicas de Spiderwick<\/em>, as\u00ed como la serie de libros <em>Magisterium<\/em>, coescrita junto con Cassandra Clare. Sin embargo, la trilog\u00eda que le ha hecho saltar a la fama entre el p\u00fablico juvenil es la serie de <em>Los Habitantes del Aire<\/em>.<\/p>\n<p>&nbsp;<\/p>\n<h3>Libros rese\u00f1ados<\/h3>\n<h5><a href=\"https:\/\/blogs.ua.es\/elespejodecarmesina\/tag\/los-habitantes-del-aire\/\">Saga: Los Habitantes del Aire<\/a><\/h5>\n","protected":false},"excerpt":{"rendered":"<p>Biograf\u00eda Holly Black es una escritora estadounidense conocida por varias sagas de fantas\u00eda destinadas a p\u00fablico infantil y juvenil. Naci\u00f3 en Nueva Jersey el 10 de noviembre de 1971, y gracias a su sitio web &#8211; blackholly.com&#8211; podemos obtener noticias tanto de sus libros ya publicados como de aquellos que se van anunciando. Una de &hellip; <a href=\"https:\/\/blogs.ua.es\/elespejodecarmesina\/autoes\/holly-black-2\/\" class=\"more-link\">Continue reading <span class=\"screen-reader-text\">Holly Black<\/span> <span class=\"meta-nav\">&rarr;<\/span><\/a><\/p>\n","protected":false},"author":4528,"featured_media":0,"parent":51,"menu_order":0,"comment_status":"closed","ping_status":"closed","template":"","meta":{"footnotes":""},"class_list":["post-309","page","type-page","status-publish","hentry"],"_links":{"self":[{"href":"https:\/\/blogs.ua.es\/elespejodecarmesina\/wp-json\/wp\/v2\/pages\/309","targetHints":{"allow":["GET"]}}],"collection":[{"href":"https:\/\/blogs.ua.es\/elespejodecarmesina\/wp-json\/wp\/v2\/pages"}],"about":[{"href":"https:\/\/blogs.ua.es\/elespejodecarmesina\/wp-json\/wp\/v2\/types\/page"}],"author":[{"embeddable":true,"href":"https:\/\/blogs.ua.es\/elespejodecarmesina\/wp-json\/wp\/v2\/users\/4528"}],"replies":[{"embeddable":true,"href":"https:\/\/blogs.ua.es\/elespejodecarmesina\/wp-json\/wp\/v2\/comments?post=309"}],"version-history":[{"count":3,"href":"https:\/\/blogs.ua.es\/elespejodecarmesina\/wp-json\/wp\/v2\/pages\/309\/revisions"}],"predecessor-version":[{"id":313,"href":"https:\/\/blogs.ua.es\/elespejodecarmesina\/wp-json\/wp\/v2\/pages\/309\/revisions\/313"}],"up":[{"embeddable":true,"href":"https:\/\/blogs.ua.es\/elespejodecarmesina\/wp-json\/wp\/v2\/pages\/51"}],"wp:attachment":[{"href":"https:\/\/blogs.ua.es\/elespejodecarmesina\/wp-json\/wp\/v2\/media?parent=309"}],"curies":[{"name":"wp","href":"https:\/\/api.w.org\/{rel}","templated":true}]}}