{"id":323,"date":"2022-09-08T13:46:50","date_gmt":"2022-09-08T13:46:50","guid":{"rendered":"https:\/\/blogs.ua.es\/elespejodecarmesina\/?page_id=323"},"modified":"2022-09-08T13:46:50","modified_gmt":"2022-09-08T13:46:50","slug":"philip-k-dick","status":"publish","type":"page","link":"https:\/\/blogs.ua.es\/elespejodecarmesina\/autoes\/philip-k-dick\/","title":{"rendered":"Philip K Dick"},"content":{"rendered":"<h4>Biograf\u00eda<\/h4>\n<p><img loading=\"lazy\" decoding=\"async\" class=\"size-medium wp-image-248 alignright\" src=\"https:\/\/blogs.ua.es\/elespejodecarmesina\/files\/2022\/08\/pkd-225x300.jpg\" alt=\"\" width=\"225\" height=\"300\" srcset=\"https:\/\/blogs.ua.es\/elespejodecarmesina\/files\/2022\/08\/pkd-225x300.jpg 225w, https:\/\/blogs.ua.es\/elespejodecarmesina\/files\/2022\/08\/pkd.jpg 275w\" sizes=\"auto, (max-width: 225px) 100vw, 225px\" \/>Philip Kindred Dick fue un escritor estadounidense conocido mayoritariamente por sus novelas de ciencia ficci\u00f3n, donde mediante futuros dist\u00f3picos se tratan temas de metaf\u00edsica y filosof\u00eda.<\/p>\n<p>Naci\u00f3 en Chicago el 16 de diciembre de 1928, y muri\u00f3 el 2 de marzo del 1982 con 53 a\u00f1os.<\/p>\n<p>Pese a que en vida sus obras no fueron muy reconocidas, la adaptaci\u00f3n tras su fallecimiento de <em>\u00bfSue\u00f1an los androides con ovejas el\u00e9ctricas?<\/em> en <em>Blade Runner<\/em> lo catapult\u00f3 a la fama.<\/p>\n<p>&nbsp;<\/p>\n<h4>Libros rese\u00f1ados<\/h4>\n<h5><a href=\"https:\/\/blogs.ua.es\/elespejodecarmesina\/2022\/08\/02\/el-hombre-en-el-castillo\/\">El hombre en el castillo<\/a><\/h5>\n","protected":false},"excerpt":{"rendered":"<p>Biograf\u00eda Philip Kindred Dick fue un escritor estadounidense conocido mayoritariamente por sus novelas de ciencia ficci\u00f3n, donde mediante futuros dist\u00f3picos se tratan temas de metaf\u00edsica y filosof\u00eda. Naci\u00f3 en Chicago el 16 de diciembre de 1928, y muri\u00f3 el 2 de marzo del 1982 con 53 a\u00f1os. Pese a que en vida sus obras no &hellip; <a href=\"https:\/\/blogs.ua.es\/elespejodecarmesina\/autoes\/philip-k-dick\/\" class=\"more-link\">Continue reading <span class=\"screen-reader-text\">Philip K Dick<\/span> <span class=\"meta-nav\">&rarr;<\/span><\/a><\/p>\n","protected":false},"author":4528,"featured_media":0,"parent":51,"menu_order":0,"comment_status":"closed","ping_status":"closed","template":"","meta":{"footnotes":""},"class_list":["post-323","page","type-page","status-publish","hentry"],"_links":{"self":[{"href":"https:\/\/blogs.ua.es\/elespejodecarmesina\/wp-json\/wp\/v2\/pages\/323","targetHints":{"allow":["GET"]}}],"collection":[{"href":"https:\/\/blogs.ua.es\/elespejodecarmesina\/wp-json\/wp\/v2\/pages"}],"about":[{"href":"https:\/\/blogs.ua.es\/elespejodecarmesina\/wp-json\/wp\/v2\/types\/page"}],"author":[{"embeddable":true,"href":"https:\/\/blogs.ua.es\/elespejodecarmesina\/wp-json\/wp\/v2\/users\/4528"}],"replies":[{"embeddable":true,"href":"https:\/\/blogs.ua.es\/elespejodecarmesina\/wp-json\/wp\/v2\/comments?post=323"}],"version-history":[{"count":2,"href":"https:\/\/blogs.ua.es\/elespejodecarmesina\/wp-json\/wp\/v2\/pages\/323\/revisions"}],"predecessor-version":[{"id":325,"href":"https:\/\/blogs.ua.es\/elespejodecarmesina\/wp-json\/wp\/v2\/pages\/323\/revisions\/325"}],"up":[{"embeddable":true,"href":"https:\/\/blogs.ua.es\/elespejodecarmesina\/wp-json\/wp\/v2\/pages\/51"}],"wp:attachment":[{"href":"https:\/\/blogs.ua.es\/elespejodecarmesina\/wp-json\/wp\/v2\/media?parent=323"}],"curies":[{"name":"wp","href":"https:\/\/api.w.org\/{rel}","templated":true}]}}