{"id":326,"date":"2022-09-08T13:53:29","date_gmt":"2022-09-08T13:53:29","guid":{"rendered":"https:\/\/blogs.ua.es\/elespejodecarmesina\/?page_id=326"},"modified":"2022-09-08T13:53:29","modified_gmt":"2022-09-08T13:53:29","slug":"george-rr-martin","status":"publish","type":"page","link":"https:\/\/blogs.ua.es\/elespejodecarmesina\/autoes\/george-rr-martin\/","title":{"rendered":"George RR Martin"},"content":{"rendered":"<h4>Biograf\u00eda<\/h4>\n<p><img loading=\"lazy\" decoding=\"async\" class=\"size-full wp-image-165 alignright\" src=\"https:\/\/blogs.ua.es\/elespejodecarmesina\/files\/2022\/07\/grrmartin.jpg\" alt=\"\" width=\"199\" height=\"253\" \/>George Raymond Richard Martin es un escritor y guionista estadounidense tanto de fantas\u00eda como de ciencia ficci\u00f3n y de terror.<\/p>\n<p>Naci\u00f3 el 20 de septiembre de 1948, y a sus 73 a\u00f1os reside en Santa Fe, donde a\u00fan se dedica a la escritura.<\/p>\n<p>Aunque es mayormente conocido por los libros de fantas\u00eda \u00e9pica de <em>Canci\u00f3n de Hielo y Fuego<\/em>, tambi\u00e9n ha colaborado en la serie televisiva <em>La Casa del Drag\u00f3n<\/em>, as\u00ed como en el videojuego <em>Elden Ring<\/em>.<\/p>\n<h4><\/h4>\n<h4>Libros rese\u00f1ados<\/h4>\n<h5><a href=\"https:\/\/blogs.ua.es\/elespejodecarmesina\/2022\/07\/15\/cancion-de-hielo-y-fuego-vs-juego-de-tronos\/\">Canci\u00f3n de Hielo y Fuego vs Juego de Tronos<\/a><\/h5>\n","protected":false},"excerpt":{"rendered":"<p>Biograf\u00eda George Raymond Richard Martin es un escritor y guionista estadounidense tanto de fantas\u00eda como de ciencia ficci\u00f3n y de terror. Naci\u00f3 el 20 de septiembre de 1948, y a sus 73 a\u00f1os reside en Santa Fe, donde a\u00fan se dedica a la escritura. Aunque es mayormente conocido por los libros de fantas\u00eda \u00e9pica de &hellip; <a href=\"https:\/\/blogs.ua.es\/elespejodecarmesina\/autoes\/george-rr-martin\/\" class=\"more-link\">Continue reading <span class=\"screen-reader-text\">George RR Martin<\/span> <span class=\"meta-nav\">&rarr;<\/span><\/a><\/p>\n","protected":false},"author":4528,"featured_media":0,"parent":51,"menu_order":0,"comment_status":"closed","ping_status":"closed","template":"","meta":{"footnotes":""},"class_list":["post-326","page","type-page","status-publish","hentry"],"_links":{"self":[{"href":"https:\/\/blogs.ua.es\/elespejodecarmesina\/wp-json\/wp\/v2\/pages\/326","targetHints":{"allow":["GET"]}}],"collection":[{"href":"https:\/\/blogs.ua.es\/elespejodecarmesina\/wp-json\/wp\/v2\/pages"}],"about":[{"href":"https:\/\/blogs.ua.es\/elespejodecarmesina\/wp-json\/wp\/v2\/types\/page"}],"author":[{"embeddable":true,"href":"https:\/\/blogs.ua.es\/elespejodecarmesina\/wp-json\/wp\/v2\/users\/4528"}],"replies":[{"embeddable":true,"href":"https:\/\/blogs.ua.es\/elespejodecarmesina\/wp-json\/wp\/v2\/comments?post=326"}],"version-history":[{"count":1,"href":"https:\/\/blogs.ua.es\/elespejodecarmesina\/wp-json\/wp\/v2\/pages\/326\/revisions"}],"predecessor-version":[{"id":327,"href":"https:\/\/blogs.ua.es\/elespejodecarmesina\/wp-json\/wp\/v2\/pages\/326\/revisions\/327"}],"up":[{"embeddable":true,"href":"https:\/\/blogs.ua.es\/elespejodecarmesina\/wp-json\/wp\/v2\/pages\/51"}],"wp:attachment":[{"href":"https:\/\/blogs.ua.es\/elespejodecarmesina\/wp-json\/wp\/v2\/media?parent=326"}],"curies":[{"name":"wp","href":"https:\/\/api.w.org\/{rel}","templated":true}]}}