{"id":328,"date":"2022-09-08T14:32:02","date_gmt":"2022-09-08T14:32:02","guid":{"rendered":"https:\/\/blogs.ua.es\/elespejodecarmesina\/?page_id=328"},"modified":"2022-09-08T14:33:29","modified_gmt":"2022-09-08T14:33:29","slug":"jrr-tolkien","status":"publish","type":"page","link":"https:\/\/blogs.ua.es\/elespejodecarmesina\/autoes\/jrr-tolkien\/","title":{"rendered":"JRR Tolkien"},"content":{"rendered":"<h4>Biograf\u00eda<\/h4>\n<p><img loading=\"lazy\" decoding=\"async\" class=\"size-full wp-image-166 alignright\" src=\"https:\/\/blogs.ua.es\/elespejodecarmesina\/files\/2022\/07\/tokien.jpg\" alt=\"\" width=\"183\" height=\"275\" \/>John Ronald Reuel Tolkien, m\u00e1s conocido como JRR Tolkien, fue un escritor, ling\u00fcista, fil\u00f3logo y profesor en las Universidades de Oxford y de Merton.\u00a0 \u00cdntimo amigo de CSS Lewis, fue nombrado\u00a0Comendador de la Orden del Imperio Brit\u00e1nico\u00a0por la reina\u00a0Isabel II.<\/p>\n<p>Naci\u00f3 el 3 de enero de 1892 en lo que ahora se conoce como Sud\u00e1frica, y muri\u00f3 a los 81 a\u00f1os, el 2 de septiembre de 1973, en Inglaterra.<\/p>\n<p>Con todos sus escritos, historias y leyendas sobre la Tierra Media cre\u00f3 lo que se conoce como el Legendarium, el cual contiene algunas de las obras de fantas\u00eda \u00e9pica m\u00e1s reconocidas e influyentes de la literatura universal.<\/p>\n<p>&nbsp;<\/p>\n<h4>Libros rese\u00f1ados<\/h4>\n<h5><a href=\"https:\/\/blogs.ua.es\/elespejodecarmesina\/2022\/07\/13\/el_hobbit\/\">El Hobbit<\/a><\/h5>\n","protected":false},"excerpt":{"rendered":"<p>Biograf\u00eda John Ronald Reuel Tolkien, m\u00e1s conocido como JRR Tolkien, fue un escritor, ling\u00fcista, fil\u00f3logo y profesor en las Universidades de Oxford y de Merton.\u00a0 \u00cdntimo amigo de CSS Lewis, fue nombrado\u00a0Comendador de la Orden del Imperio Brit\u00e1nico\u00a0por la reina\u00a0Isabel II. Naci\u00f3 el 3 de enero de 1892 en lo que ahora se conoce como &hellip; <a href=\"https:\/\/blogs.ua.es\/elespejodecarmesina\/autoes\/jrr-tolkien\/\" class=\"more-link\">Continue reading <span class=\"screen-reader-text\">JRR Tolkien<\/span> <span class=\"meta-nav\">&rarr;<\/span><\/a><\/p>\n","protected":false},"author":4528,"featured_media":0,"parent":51,"menu_order":0,"comment_status":"closed","ping_status":"closed","template":"","meta":{"footnotes":""},"class_list":["post-328","page","type-page","status-publish","hentry"],"_links":{"self":[{"href":"https:\/\/blogs.ua.es\/elespejodecarmesina\/wp-json\/wp\/v2\/pages\/328","targetHints":{"allow":["GET"]}}],"collection":[{"href":"https:\/\/blogs.ua.es\/elespejodecarmesina\/wp-json\/wp\/v2\/pages"}],"about":[{"href":"https:\/\/blogs.ua.es\/elespejodecarmesina\/wp-json\/wp\/v2\/types\/page"}],"author":[{"embeddable":true,"href":"https:\/\/blogs.ua.es\/elespejodecarmesina\/wp-json\/wp\/v2\/users\/4528"}],"replies":[{"embeddable":true,"href":"https:\/\/blogs.ua.es\/elespejodecarmesina\/wp-json\/wp\/v2\/comments?post=328"}],"version-history":[{"count":1,"href":"https:\/\/blogs.ua.es\/elespejodecarmesina\/wp-json\/wp\/v2\/pages\/328\/revisions"}],"predecessor-version":[{"id":329,"href":"https:\/\/blogs.ua.es\/elespejodecarmesina\/wp-json\/wp\/v2\/pages\/328\/revisions\/329"}],"up":[{"embeddable":true,"href":"https:\/\/blogs.ua.es\/elespejodecarmesina\/wp-json\/wp\/v2\/pages\/51"}],"wp:attachment":[{"href":"https:\/\/blogs.ua.es\/elespejodecarmesina\/wp-json\/wp\/v2\/media?parent=328"}],"curies":[{"name":"wp","href":"https:\/\/api.w.org\/{rel}","templated":true}]}}