{"id":348,"date":"2022-09-08T17:07:10","date_gmt":"2022-09-08T17:07:10","guid":{"rendered":"https:\/\/blogs.ua.es\/elespejodecarmesina\/?page_id=348"},"modified":"2022-09-08T17:07:10","modified_gmt":"2022-09-08T17:07:10","slug":"charlotte-perkins-gilman","status":"publish","type":"page","link":"https:\/\/blogs.ua.es\/elespejodecarmesina\/autoes\/charlotte-perkins-gilman\/","title":{"rendered":"Charlotte Perkins Gilman"},"content":{"rendered":"<h4>Biograf\u00eda<\/h4>\n<p><img loading=\"lazy\" decoding=\"async\" class=\"size-full wp-image-346 alignright\" src=\"https:\/\/blogs.ua.es\/elespejodecarmesina\/files\/2022\/09\/cpg.jpg\" alt=\"\" width=\"175\" height=\"273\" \/>Charlotte Perkins Gilman fue una intelectual y escritora estadounidense muy involucrada en el movimiento defensor de los derechos civiles de las mujeres entre las d\u00e9cadas de 1890 y 1920.<\/p>\n<p>Naci\u00f3 el 3 de julio de 1860 y muri\u00f3 a causa de suicidio el 17 de agosto de 1935, en Pasadena.<\/p>\n<p>Aunque su obra m\u00e1s conocida es <em>El Papel Amarillo<\/em>, tambi\u00e9n es muy conocida su utop\u00eda <em>Herland<\/em>, considerada la precursora de la ciencia ficci\u00f3n feminista moderna.<\/p>\n<p>&nbsp;<\/p>\n<h4>Libros rese\u00f1ados<\/h4>\n<h5><a href=\"https:\/\/blogs.ua.es\/elespejodecarmesina\/2022\/09\/08\/el-papel-amarillo\/\">El papel amarillo<\/a><\/h5>\n<p>&nbsp;<\/p>\n","protected":false},"excerpt":{"rendered":"<p>Biograf\u00eda Charlotte Perkins Gilman fue una intelectual y escritora estadounidense muy involucrada en el movimiento defensor de los derechos civiles de las mujeres entre las d\u00e9cadas de 1890 y 1920. Naci\u00f3 el 3 de julio de 1860 y muri\u00f3 a causa de suicidio el 17 de agosto de 1935, en Pasadena. Aunque su obra m\u00e1s &hellip; <a href=\"https:\/\/blogs.ua.es\/elespejodecarmesina\/autoes\/charlotte-perkins-gilman\/\" class=\"more-link\">Continue reading <span class=\"screen-reader-text\">Charlotte Perkins Gilman<\/span> <span class=\"meta-nav\">&rarr;<\/span><\/a><\/p>\n","protected":false},"author":4528,"featured_media":0,"parent":51,"menu_order":0,"comment_status":"closed","ping_status":"closed","template":"","meta":{"footnotes":""},"class_list":["post-348","page","type-page","status-publish","hentry"],"_links":{"self":[{"href":"https:\/\/blogs.ua.es\/elespejodecarmesina\/wp-json\/wp\/v2\/pages\/348","targetHints":{"allow":["GET"]}}],"collection":[{"href":"https:\/\/blogs.ua.es\/elespejodecarmesina\/wp-json\/wp\/v2\/pages"}],"about":[{"href":"https:\/\/blogs.ua.es\/elespejodecarmesina\/wp-json\/wp\/v2\/types\/page"}],"author":[{"embeddable":true,"href":"https:\/\/blogs.ua.es\/elespejodecarmesina\/wp-json\/wp\/v2\/users\/4528"}],"replies":[{"embeddable":true,"href":"https:\/\/blogs.ua.es\/elespejodecarmesina\/wp-json\/wp\/v2\/comments?post=348"}],"version-history":[{"count":1,"href":"https:\/\/blogs.ua.es\/elespejodecarmesina\/wp-json\/wp\/v2\/pages\/348\/revisions"}],"predecessor-version":[{"id":349,"href":"https:\/\/blogs.ua.es\/elespejodecarmesina\/wp-json\/wp\/v2\/pages\/348\/revisions\/349"}],"up":[{"embeddable":true,"href":"https:\/\/blogs.ua.es\/elespejodecarmesina\/wp-json\/wp\/v2\/pages\/51"}],"wp:attachment":[{"href":"https:\/\/blogs.ua.es\/elespejodecarmesina\/wp-json\/wp\/v2\/media?parent=348"}],"curies":[{"name":"wp","href":"https:\/\/api.w.org\/{rel}","templated":true}]}}