{"id":363,"date":"2022-09-18T19:33:58","date_gmt":"2022-09-18T19:33:58","guid":{"rendered":"https:\/\/blogs.ua.es\/elespejodecarmesina\/?page_id=363"},"modified":"2022-09-18T19:33:58","modified_gmt":"2022-09-18T19:33:58","slug":"samantha-shannon","status":"publish","type":"page","link":"https:\/\/blogs.ua.es\/elespejodecarmesina\/autoes\/samantha-shannon\/","title":{"rendered":"Samantha Shannon"},"content":{"rendered":"<h5>Biograf\u00eda<\/h5>\n<p><img loading=\"lazy\" decoding=\"async\" class=\"size-full wp-image-364 alignright\" src=\"https:\/\/blogs.ua.es\/elespejodecarmesina\/files\/2022\/09\/sammy.jpg\" alt=\"\" width=\"195\" height=\"259\" \/>Samantha Shannon es una escritora brit\u00e1nica de fantas\u00eda, as\u00ed como de ficci\u00f3n dist\u00f3pica y paranormal.<\/p>\n<p>Naci\u00f3 el 8 de noviembre de 1991, y a sus 30 a\u00f1os sus novelas ya son clave para el panorama de fantas\u00eda actual. Adem\u00e1s de\u00a0<em>El Priorato del Naranjo<\/em>, ha escrito la serie\u00a0<em>Era de Huesos,<\/em> as\u00ed como ciertos textos publicados en su blog: <a href=\"http:\/\/samantha-shannon.blogspot.com\">samantha-shannon.blogspot.com<\/a>.<\/p>\n<p>&nbsp;<\/p>\n<p>&nbsp;<\/p>\n<h5>Obras rese\u00f1adas<\/h5>\n<h6><a href=\"https:\/\/blogs.ua.es\/elespejodecarmesina\/2022\/09\/18\/el-priorato-del-naranjo\/\">El Priorato del Naranjo<\/a><\/h6>\n<p>&nbsp;<\/p>\n","protected":false},"excerpt":{"rendered":"<p>Biograf\u00eda Samantha Shannon es una escritora brit\u00e1nica de fantas\u00eda, as\u00ed como de ficci\u00f3n dist\u00f3pica y paranormal. Naci\u00f3 el 8 de noviembre de 1991, y a sus 30 a\u00f1os sus novelas ya son clave para el panorama de fantas\u00eda actual. Adem\u00e1s de\u00a0El Priorato del Naranjo, ha escrito la serie\u00a0Era de Huesos, as\u00ed como ciertos textos publicados &hellip; <a href=\"https:\/\/blogs.ua.es\/elespejodecarmesina\/autoes\/samantha-shannon\/\" class=\"more-link\">Continue reading <span class=\"screen-reader-text\">Samantha Shannon<\/span> <span class=\"meta-nav\">&rarr;<\/span><\/a><\/p>\n","protected":false},"author":4528,"featured_media":0,"parent":51,"menu_order":0,"comment_status":"closed","ping_status":"closed","template":"","meta":{"footnotes":""},"class_list":["post-363","page","type-page","status-publish","hentry"],"_links":{"self":[{"href":"https:\/\/blogs.ua.es\/elespejodecarmesina\/wp-json\/wp\/v2\/pages\/363","targetHints":{"allow":["GET"]}}],"collection":[{"href":"https:\/\/blogs.ua.es\/elespejodecarmesina\/wp-json\/wp\/v2\/pages"}],"about":[{"href":"https:\/\/blogs.ua.es\/elespejodecarmesina\/wp-json\/wp\/v2\/types\/page"}],"author":[{"embeddable":true,"href":"https:\/\/blogs.ua.es\/elespejodecarmesina\/wp-json\/wp\/v2\/users\/4528"}],"replies":[{"embeddable":true,"href":"https:\/\/blogs.ua.es\/elespejodecarmesina\/wp-json\/wp\/v2\/comments?post=363"}],"version-history":[{"count":1,"href":"https:\/\/blogs.ua.es\/elespejodecarmesina\/wp-json\/wp\/v2\/pages\/363\/revisions"}],"predecessor-version":[{"id":365,"href":"https:\/\/blogs.ua.es\/elespejodecarmesina\/wp-json\/wp\/v2\/pages\/363\/revisions\/365"}],"up":[{"embeddable":true,"href":"https:\/\/blogs.ua.es\/elespejodecarmesina\/wp-json\/wp\/v2\/pages\/51"}],"wp:attachment":[{"href":"https:\/\/blogs.ua.es\/elespejodecarmesina\/wp-json\/wp\/v2\/media?parent=363"}],"curies":[{"name":"wp","href":"https:\/\/api.w.org\/{rel}","templated":true}]}}