{"id":58,"date":"2022-07-13T09:03:31","date_gmt":"2022-07-13T09:03:31","guid":{"rendered":"https:\/\/blogs.ua.es\/elespejodecarmesina\/?page_id=58"},"modified":"2022-08-12T10:41:10","modified_gmt":"2022-08-12T10:41:10","slug":"generos","status":"publish","type":"page","link":"https:\/\/blogs.ua.es\/elespejodecarmesina\/generos\/","title":{"rendered":"G\u00e9neros"},"content":{"rendered":"<ul>\n<li>\n<h5><a href=\"https:\/\/blogs.ua.es\/elespejodecarmesina\/category\/ciencia-ficcion\/\">Ciencia ficci\u00f3n<\/a><\/h5>\n<\/li>\n<li>\n<h5><a href=\"https:\/\/blogs.ua.es\/elespejodecarmesina\/category\/clasicos\/\">Cl\u00e1sicos<\/a><\/h5>\n<\/li>\n<li>\n<h5><a href=\"https:\/\/blogs.ua.es\/elespejodecarmesina\/category\/distopico\/\">Dist\u00f3pico<\/a><\/h5>\n<\/li>\n<li>\n<h5><a href=\"https:\/\/blogs.ua.es\/elespejodecarmesina\/category\/fantasia\/\">Fantas\u00eda<\/a><\/h5>\n<\/li>\n<li>\n<h5><a href=\"https:\/\/blogs.ua.es\/elespejodecarmesina\/category\/humor\/\">Humor<\/a><\/h5>\n<\/li>\n<li>\n<h5><a href=\"https:\/\/blogs.ua.es\/elespejodecarmesina\/category\/romance\/\">Romance<\/a><\/h5>\n<\/li>\n<li>\n<h5><a href=\"https:\/\/blogs.ua.es\/elespejodecarmesina\/category\/young-adult\/\">Young Adult<\/a><\/h5>\n<\/li>\n<\/ul>\n","protected":false},"excerpt":{"rendered":"<p>Ciencia ficci\u00f3n Cl\u00e1sicos Dist\u00f3pico Fantas\u00eda Humor Romance Young Adult<\/p>\n","protected":false},"author":4528,"featured_media":0,"parent":0,"menu_order":0,"comment_status":"closed","ping_status":"closed","template":"","meta":{"footnotes":""},"class_list":["post-58","page","type-page","status-publish","hentry"],"_links":{"self":[{"href":"https:\/\/blogs.ua.es\/elespejodecarmesina\/wp-json\/wp\/v2\/pages\/58","targetHints":{"allow":["GET"]}}],"collection":[{"href":"https:\/\/blogs.ua.es\/elespejodecarmesina\/wp-json\/wp\/v2\/pages"}],"about":[{"href":"https:\/\/blogs.ua.es\/elespejodecarmesina\/wp-json\/wp\/v2\/types\/page"}],"author":[{"embeddable":true,"href":"https:\/\/blogs.ua.es\/elespejodecarmesina\/wp-json\/wp\/v2\/users\/4528"}],"replies":[{"embeddable":true,"href":"https:\/\/blogs.ua.es\/elespejodecarmesina\/wp-json\/wp\/v2\/comments?post=58"}],"version-history":[{"count":7,"href":"https:\/\/blogs.ua.es\/elespejodecarmesina\/wp-json\/wp\/v2\/pages\/58\/revisions"}],"predecessor-version":[{"id":290,"href":"https:\/\/blogs.ua.es\/elespejodecarmesina\/wp-json\/wp\/v2\/pages\/58\/revisions\/290"}],"wp:attachment":[{"href":"https:\/\/blogs.ua.es\/elespejodecarmesina\/wp-json\/wp\/v2\/media?parent=58"}],"curies":[{"name":"wp","href":"https:\/\/api.w.org\/{rel}","templated":true}]}}