{"id":14,"date":"2010-11-03T07:22:26","date_gmt":"2010-11-03T07:22:26","guid":{"rendered":"https:\/\/blogs.ua.es\/elgrancapitan\/"},"modified":"2010-11-20T17:44:36","modified_gmt":"2010-11-20T16:44:36","slug":"biografia","status":"publish","type":"page","link":"https:\/\/blogs.ua.es\/elgrancapitan\/biografia\/","title":{"rendered":"Biograf\u00eda"},"content":{"rendered":"<p><strong> <\/strong><\/p>\n<figure id=\"attachment_51\" aria-describedby=\"caption-attachment-51\" style=\"width: 278px\" class=\"wp-caption alignright\"><strong><a href=\"https:\/\/blogs.ua.es\/elgrancapitan\/files\/2010\/11\/El-Gran-Capit\u00e1n.png\"><img loading=\"lazy\" decoding=\"async\" class=\"size-full wp-image-51 \" src=\"https:\/\/blogs.ua.es\/elgrancapitan\/files\/2010\/11\/El-Gran-Capit\u00e1n.png\" alt=\"\" width=\"278\" height=\"352\" srcset=\"https:\/\/blogs.ua.es\/elgrancapitan\/files\/2010\/11\/El-Gran-Capit\u00e1n.png 278w, https:\/\/blogs.ua.es\/elgrancapitan\/files\/2010\/11\/El-Gran-Capit\u00e1n-236x300.png 236w\" sizes=\"auto, (max-width: 278px) 100vw, 278px\" \/><\/a><\/strong><figcaption id=\"caption-attachment-51\" class=\"wp-caption-text\">Gonzalo Fern\u00e1ndez de C\u00f3rdoba, el Gran Capit\u00e1n.<\/figcaption><\/figure>\n<p><strong>Gonzalo Fern\u00e1ndez de C\u00f3rdoba y Aguilar<\/strong> (Montilla, C\u00f3rdoba, 1453 &#8211; Granada, 1515), m\u00e1s conocido como el Gran Capit\u00e1n, fue un militar al servicio de los Reyes Cat\u00f3licos. Perteneciente a la casa de Aguilar, se form\u00f3 a caballo entre la tradici\u00f3n guerrera de la frontera andaluza y la corte real castellana. En las Guerras de Granada (1480-92) empez\u00f3 a practicar sus innovaciones t\u00e1cticas, que superaban la guerra medieval de choque entre l\u00edneas de caballer\u00eda por la mayor maniobrabilidad de una infanter\u00eda mercenaria encuadrada en unidades s\u00f3lidas; su habilidad para aprovechar todos los recursos, adaptando la t\u00e1ctica a las condiciones del momento (empleando, por ejemplo, esp\u00edas para disponer de la ventaja de la informaci\u00f3n, o practicando una lucha de guerrillas en alguna de sus campa\u00f1as), explica los \u00e9xitos de su carrera, que le convirtieron desde joven en el m\u00e1s destacado jefe militar de la monarqu\u00eda castellano-aragonesa.<\/p>\n<p>Gracias a sus relaciones diplom\u00e1ticas con el rey Boabdil de Granada, encomendadas por los Reyes Cat\u00f3licos, fue premiado con la delegaci\u00f3n de la Orden de Santiago, adem\u00e1s de otras recompensas econ\u00f3micas y territoriales. En consecuencia, tras la capitulaci\u00f3n de Granada en 1492 y la expulsi\u00f3n de los moriscos de la Pen\u00ednsula, el Gran Capit\u00e1n fue enviado a N\u00e1poles, donde dirigi\u00f3 una intensa campa\u00f1a que dur\u00f3 dos a\u00f1os (1494-96) contra los franceses de la casa Anjou, que reclamaban ese territorio para s\u00ed. Finalmente derrot\u00f3 a los franceses y repuso en el trono al rey napolitano -procedente de la familia real aragonesa-, gan\u00e1ndose en el acto su sobrenombre y el t\u00edtulo de duque de Sant\u00e1ngelo. Sin embargo, despu\u00e9s de volver a Espa\u00f1a en 1948, tuvo que regresar a Italia dos a\u00f1os m\u00e1s tarde para reconquistar el territorio que la Corona de Arag\u00f3n, a quien hab\u00eda defendido anteriormente, hab\u00eda dividido en dos y cedido en parte a Francia por el Tratado de Granada (1500).<\/p>\n<p>Este mismo expansionismo franc\u00e9s reabri\u00f3 la lucha contra Espa\u00f1a en 1500, y una vez m\u00e1s, se acudi\u00f3 al Gran capit\u00e1n, que se encontraba luchando contra los turcos, para dirigir el frente espa\u00f1ol. As\u00ed pues, Gonzalo encabez\u00f3 una persistente resistencia frente a la superioridad francesa que remat\u00f3 con un devastador contraataque al llegar los refuerzos que llev\u00f3 al Reino de Espa\u00f1a a la victoria en las batallas de Ceri\u00f1ola, Garellano y Gaeta (1503). N\u00e1poles pas\u00f3 as\u00ed al dominio espa\u00f1ol, bajo el cual se mantendr\u00eda hasta el siglo XVIII, quedando Gonzalo como gobernador del reino.<\/p>\n<p>La muerte de la reina Isabel en 1504 marc\u00f3 el inicio de la ca\u00edda en desgracia del\u00a0<em>Gran Capit\u00e1n<\/em>. Su enfrentamiento con Fernando\u00a0<em>el Cat\u00f3lico<\/em><em> <\/em>alcanz\u00f3 un punto culminante a ra\u00edz del Tratado de Blois (1505), por el que el rey devolvi\u00f3 a la Corona francesa las tierras napolitanas que Fern\u00e1ndez de C\u00f3rdoba hab\u00eda expropiado a los pr\u00edncipes de la Casa de Anjou y hab\u00eda repartido entre sus oficiales. En 1507 Fernando viaj\u00f3 a N\u00e1poles para tomar posesi\u00f3n de su nuevo reino, momento en que cuenta la leyenda que exigi\u00f3 al\u00a0<em>Gran Capit\u00e1n<\/em><em> <\/em>que rindiera cuentas de su gesti\u00f3n financiera; en todo caso, fue depuesto como gobernador de N\u00e1poles, adonde nunca regres\u00f3 a pesar de sus protestas.<\/p>\n","protected":false},"excerpt":{"rendered":"<p>Gonzalo Fern\u00e1ndez de C\u00f3rdoba y Aguilar (Montilla, C\u00f3rdoba, 1453 &#8211; Granada, 1515), m\u00e1s conocido como el Gran Capit\u00e1n, fue un militar al servicio de los Reyes Cat\u00f3licos. Perteneciente a la casa de Aguilar, se form\u00f3 a caballo entre la tradici\u00f3n guerrera de la frontera andaluza y la corte real castellana. En las Guerras de Granada [&hellip;]<\/p>\n","protected":false},"author":1885,"featured_media":0,"parent":0,"menu_order":0,"comment_status":"open","ping_status":"open","template":"","meta":{"footnotes":""},"class_list":["post-14","page","type-page","status-publish","hentry"],"_links":{"self":[{"href":"https:\/\/blogs.ua.es\/elgrancapitan\/wp-json\/wp\/v2\/pages\/14","targetHints":{"allow":["GET"]}}],"collection":[{"href":"https:\/\/blogs.ua.es\/elgrancapitan\/wp-json\/wp\/v2\/pages"}],"about":[{"href":"https:\/\/blogs.ua.es\/elgrancapitan\/wp-json\/wp\/v2\/types\/page"}],"author":[{"embeddable":true,"href":"https:\/\/blogs.ua.es\/elgrancapitan\/wp-json\/wp\/v2\/users\/1885"}],"replies":[{"embeddable":true,"href":"https:\/\/blogs.ua.es\/elgrancapitan\/wp-json\/wp\/v2\/comments?post=14"}],"version-history":[{"count":5,"href":"https:\/\/blogs.ua.es\/elgrancapitan\/wp-json\/wp\/v2\/pages\/14\/revisions"}],"predecessor-version":[{"id":54,"href":"https:\/\/blogs.ua.es\/elgrancapitan\/wp-json\/wp\/v2\/pages\/14\/revisions\/54"}],"wp:attachment":[{"href":"https:\/\/blogs.ua.es\/elgrancapitan\/wp-json\/wp\/v2\/media?parent=14"}],"curies":[{"name":"wp","href":"https:\/\/api.w.org\/{rel}","templated":true}]}}