{"id":2,"date":"2010-10-20T06:35:39","date_gmt":"2010-10-20T06:35:39","guid":{"rendered":"https:\/\/blogs.ua.es\/elgrancapitan\/?page_id=2"},"modified":"2011-01-15T23:34:32","modified_gmt":"2011-01-15T22:34:32","slug":"acerca-de","status":"publish","type":"page","link":"https:\/\/blogs.ua.es\/elgrancapitan\/acerca-de\/","title":{"rendered":"Presentaci\u00f3n"},"content":{"rendered":"<p>Este blog est\u00e1 realizado por dos alumnos de 2\u00ba de Historia de la Universidad de Alicante como parte del contenido pr\u00e1ctico de la asignatura Historia Moderna de Espa\u00f1a I, impartida por el profesor Cayetano Mas Galvany.<\/p>\n<p>En \u00e9l os comentaremos diversos aspectos de la vida y m\u00e9ritos de Gonzalo Fern\u00e1ndez de C\u00f3rdoba, m\u00e1s conocido como el Gran Capit\u00e1n, uno de los mejores generales del ej\u00e9rcito espa\u00f1ol de la historia, propulsor de una importante reforma militar que dar\u00eda lugar a los conocidos tercios y gran libertador del reino musulm\u00e1n de Granada y del reino de N\u00e1poles, del que incluso lleg\u00f3 a ser virrey.<\/p>\n<p>Esperamos que os guste y os sea de toda la ayuda posible.<\/p>\n","protected":false},"excerpt":{"rendered":"<p>Este blog est\u00e1 realizado por dos alumnos de 2\u00ba de Historia de la Universidad de Alicante como parte del contenido pr\u00e1ctico de la asignatura Historia Moderna de Espa\u00f1a I, impartida por el profesor Cayetano Mas Galvany. En \u00e9l os comentaremos diversos aspectos de la vida y m\u00e9ritos de Gonzalo Fern\u00e1ndez de C\u00f3rdoba, m\u00e1s conocido como [&hellip;]<\/p>\n","protected":false},"author":1885,"featured_media":0,"parent":0,"menu_order":0,"comment_status":"open","ping_status":"open","template":"","meta":{"footnotes":""},"class_list":["post-2","page","type-page","status-publish","hentry"],"_links":{"self":[{"href":"https:\/\/blogs.ua.es\/elgrancapitan\/wp-json\/wp\/v2\/pages\/2","targetHints":{"allow":["GET"]}}],"collection":[{"href":"https:\/\/blogs.ua.es\/elgrancapitan\/wp-json\/wp\/v2\/pages"}],"about":[{"href":"https:\/\/blogs.ua.es\/elgrancapitan\/wp-json\/wp\/v2\/types\/page"}],"author":[{"embeddable":true,"href":"https:\/\/blogs.ua.es\/elgrancapitan\/wp-json\/wp\/v2\/users\/1885"}],"replies":[{"embeddable":true,"href":"https:\/\/blogs.ua.es\/elgrancapitan\/wp-json\/wp\/v2\/comments?post=2"}],"version-history":[{"count":7,"href":"https:\/\/blogs.ua.es\/elgrancapitan\/wp-json\/wp\/v2\/pages\/2\/revisions"}],"predecessor-version":[{"id":134,"href":"https:\/\/blogs.ua.es\/elgrancapitan\/wp-json\/wp\/v2\/pages\/2\/revisions\/134"}],"wp:attachment":[{"href":"https:\/\/blogs.ua.es\/elgrancapitan\/wp-json\/wp\/v2\/media?parent=2"}],"curies":[{"name":"wp","href":"https:\/\/api.w.org\/{rel}","templated":true}]}}