{"id":20,"date":"2008-10-22T18:16:05","date_gmt":"2008-10-22T16:16:05","guid":{"rendered":"https:\/\/blogs.ua.es\/elprudente\/?page_id=20"},"modified":"2009-03-14T02:10:31","modified_gmt":"2009-03-14T00:10:31","slug":"biografia","status":"publish","type":"page","link":"https:\/\/blogs.ua.es\/elprudente\/biografia\/","title":{"rendered":"BIOGRAF\u00cdA"},"content":{"rendered":"<p><img decoding=\"async\" src=\"http:\/\/tbn0.google.com\/images?q=tbn:flaUF7_gb787HM:http:\/\/www.treveris.es\/imagenes\/publicaciones\/portada.jpg\" alt=\"Retrato Felipe II\" \/><\/p>\n<p align=\"justify\">Felipe I de Portugal y II de Espa\u00f1a, hijo de<a href=\"https:\/\/blogs.ua.es\/elprudente\/ascendientes\/\" target=\"_blank\"><span style=\"color: #339966\"> <\/span><span style=\"color: #000000\"><span><span style=\"color: #ffffff\">Carlos I<\/span><\/span><span> <\/span><\/span>y de Isabel de Portugal<\/a>, nacido en Valladolid, en 1527, contaba con amplia experiencia de gobierno cuando su padre Carlos V abdic\u00f3 en Bruselas. Los dominios heredados en 1555-1556 por Felipe II eran enormes, dispersos y muy diferentes. A los territorios tradicionales de las Coronas de Castilla y Arag\u00f3n, hab\u00eda que sumar los reinos peninsulares de Granada y Navarra; N\u00e1poles y Mil\u00e1n en Italia; las plazas del norte de \u00c1frica, las Islas Canarias y las Indias; y en especial la herencia borgo\u00f1ona: los Pa\u00edses Bajos y el Franco Condado. En contraste con su padre, Felipe II, una vez rey, viaj\u00f3 poco. Despu\u00e9s de su regreso a Espa\u00f1a en 1559 no volvi\u00f3 a abandonar la Pen\u00ednsula. Prefiri\u00f3 controlar sus territorios por medio del papel que por el contacto directo. Su af\u00e1n por estar al tanto de los asuntos hizo que, a pesar de su enorme capacidad de trabajo y de la colaboraci\u00f3n de secretarios y consejeros, la toma de decisiones sufriera retrasos, en parte estaban justificados por la distancia y la dificultad de las comunicaciones, pero en gran medida se deb\u00edan a la indecisi\u00f3n del propio Monarca, siempre pendiente de conocer una nueva opini\u00f3n antes de resolverse.<\/p>\n<p style=\"text-align: justify\">Felipe II mantuvo la estructura b\u00e1sica del gobierno instaurada por los Reyes Cat\u00f3licos. Al esquema de m\u00faltiples consejos que orientaban al rey en el gobierno a\u00f1adi\u00f3 los de Italia, Portugal y Flandes, s\u00edntoma de la complejidad de sus dominios. Hered\u00f3, incluso, a alguno de los secretarios importantes de su padre, como Gonzalo P\u00e9rez. As\u00ed, despu\u00e9s de viajar por Italia y los Pa\u00edses Bajos y tras ser reconocido como sucesor regio en los estados flamencos y por las Cortes castellanas, aragonesas y navarras, se dedic\u00f3 plenamente a gobernar desde la corte madrile\u00f1a con gran actividad y celo.<\/p>\n<p align=\"justify\">Entorno a la villa castellana se desarroll\u00f3 lo principal de la vida del Rey en los diferentes palacios rodeados de cotos de caza y en el grandioso monasterio de San Lorenzo de El Escorial, en el que pasaba grandes temporadas y donde el acceso a su persona era dif\u00edcil.<\/p>\n<p align=\"justify\">Felipe II se cas\u00f3 cuatro veces; la primera vez en Salamanca, en 1543, con su prima Mar\u00eda\u00a0Manuela de Portugal, hija de Juan III de Portugal y de Catalina, hermana de Carlos V. Felipe ten\u00eda dieciocho a\u00f1os. Dos a\u00f1os despu\u00e9s de la boda, en 1545 naci\u00f3 su \u00fanico hijo y heredero, el pr\u00edncipe Carlos, d\u00e9bil y deforme. Cuatro d\u00edas m\u00e1s tarde muri\u00f3 la madre, de fiebre puerperal.<\/p>\n<p align=\"justify\">Carlos V trat\u00f3 de concretar la alianza matrimonial de Felipe con otra prima, Mar\u00eda, hija de Enrique VIII y de Catalina de Arag\u00f3n. Felipe que contaba por aquel entonces con veintinueve a\u00f1os se resign\u00f3 a acatar la voluntad paterna. La boda se celebr\u00f3 en 1554, y Felipe permaneci\u00f3 algo m\u00e1s de un a\u00f1o en Inglaterra, no tuvo descendencia. Felipe retorn\u00f3 a los Pa\u00edses Bajos donde le esperaban los amores y el gobierno. La fr\u00e1gil existencia de Mar\u00eda Tudor se quebr\u00f3 en 1558.<\/p>\n<p align=\"justify\">La Paz de Cateau-Cambr\u00e9sis propici\u00f3 el tercer matrimonio de Felipe en 1559 con Isabel de Valois, hija de Enrique II de Francia y de Catalina de M\u00e9dicis. La nueva esposa ten\u00eda s\u00f3lo diecis\u00e9is a\u00f1os, su marido la trataba respetuosamente, pero sin pasi\u00f3n. Guadalajara y Toledo acogieron a la nueva pareja real con un fant\u00e1stico despliegue de colorido, danzas y banquetes. De Toledo, los esposos pasaron a Valladolid. Felipe decidi\u00f3 convertir a Madrid en la residencia real. Felipe quiso vivir como espa\u00f1ol. A 40 kil\u00f3metros de la capital inici\u00f3 la construcci\u00f3n de El Escorial. Felipe e Isabel tuvieron dos hijas, Catalina e Isabel y un hijo que fue el causante de su muere, ya que Catalina muri\u00f3 en el parto en 1568. Ese hijo tambi\u00e9n falleci\u00f3 prematuramente en 1579. A los 41 Felipe era viudo otra vez.<\/p>\n<p align=\"justify\">Su cuarta esposa, Ana de Austria, su sobrina, ya que era hija del emperador Maximiliano II y Mar\u00eda, hermana del propio Felipe, en el a\u00f1o 1570, \u00e9l ten\u00eda 43 a\u00f1os y ella 21. Durante el decenio que restaba vivir le dio cinco hijos entre ellos, en 1578, el \u00fanico var\u00f3n que sobrevivi\u00f3 al rey, Felipe III. Ana de Austria muri\u00f3 en 1580. Felipe II no se volvi\u00f3 a casar. Falleci\u00f3 en 1598.<\/p>\n<p align=\"justify\"><strong><\/strong><\/p>\n<p align=\"justify\"><strong><span style=\"text-decoration: underline\">La organizaci\u00f3n pol\u00edtica de su Monarqu\u00eda.<\/span><\/strong><\/p>\n<p align=\"justify\">En el interior peninsular destacan diferentes vertientes. La monarqu\u00eda personal de Felipe II se apoyaba en un gobierno por medio de consejos y de secretarios reales y en una poderosa administraci\u00f3n centralizada. Pese a todo su poder, las bancarrotas, las dificultades hacend\u00edsticas y los problemas fiscales fueron caracter\u00edsticos durante todo su reinado. Su recurso al Tribunal de la Inquisici\u00f3n fue frecuente. Pol\u00edticamente dicho tribunal fue utilizado para acabar con los conatos de protestantismo descubiertos en la Meseta castellana. As\u00ed, la unidad religiosa estaba tan presente en todos los aspectos de la vida de Felipe II que con todo rigor se vali\u00f3 de los autos de fe celebrados en Valladolid para afianzar la Contrarreforma cat\u00f3lica.<\/p>\n<p align=\"justify\"><strong><\/strong><\/p>\n<p align=\"justify\"><strong><span style=\"text-decoration: underline\">Pol\u00edtica exterior<\/span><\/strong><\/p>\n<p align=\"justify\">A la vez, los piratas berberiscos asolaban las costas mediterr\u00e1neas. Aunque la expedici\u00f3n naval de Garc\u00eda de Toledo consiguiera la victoria en Malta (1565), el problema morisco estaba en el interior. Los moriscos de las Alpujarras granadinas protagonizaron la principal sublevaci\u00f3n, que no terminar\u00eda hasta que don Juan de Austria les derrot\u00f3 (1569-1571).<\/p>\n<p align=\"justify\">El secretario Antonio P\u00e9rez (hijo de Gonzalo) tuvo una enorme influencia en los negocios p\u00fablicos hasta su ca\u00edda en 1579. Adem\u00e1s, en 1568 mor\u00eda el pr\u00edncipe Carlos (\u00bfenvenenado?), que hab\u00eda sido arrestado debido a sus contactos con los miembros de una presunta conjura sucesoria promovida por parte de la nobleza contra Felipe II. En ambos puntos empez\u00f3 a afianzarse la \u201cleyenda negra\u201d antiespa\u00f1ola y buena parte de los problemas internos de su reinado.<\/p>\n<p align=\"justify\">Internacionalmente, para mantener y proteger su Imperio, continuamente estuvo inmerso en todos los conflictos europeos. Durante su reinado los conflictos externos se sucedieron en varios frentes. Felipe II actuar\u00eda en todos ellos teniendo presentes siempre criterios pol\u00edticos y religiosos.<\/p>\n<p align=\"justify\">Heredero de la guerra contra Francia, a pesar de la Tregua de Vaucelles (1556) y nada m\u00e1s comenzar su reinado, ambas casas reales iniciaron su lucha por el control de N\u00e1poles y el Milanesado. En ese contexto, el duque de Alba defendi\u00f3 las plazas italianas, atacando los Estados Pontificios de Pablo IV para deshacer su alianza con Enrique II de Francia. Mientras tanto, los ej\u00e9rcitos castellanos y fuerzas mercenarias derrotaban a las tropas francesas en su propio territorio (San Quint\u00edn y Gravelinas 1557 y 1558), origen de las negociaciones de paz del tan beneficioso para los intereses felipistas Tratado de Cateau-Cambr\u00e9sis del a\u00f1o siguiente. No obstante, la pugna secular por el control europeo entre ambas monarqu\u00edas continu\u00f3 con la intervenci\u00f3n a favor de los cat\u00f3licos Guisa en las guerras de Religi\u00f3n francesas, hasta que Enrique de Borb\u00f3n abjur\u00f3 del protestantismo, rubric\u00e1ndose en 1598 la Paz de Vervins.<\/p>\n<p align=\"justify\">Paralelamente, otro gran problema estrat\u00e9gico, comercial y de unidad de la fe era el peligro de la pirater\u00eda, el bandidaje y las incursiones berberiscas y turcas en el Mediterr\u00e1neo. Para conjurar dicha amenaza, constituy\u00f3, con Venecia, G\u00e9nova y el Papado, el bloque principal de la Liga Santa contra el Imperio otomano. La flota al mando de don Juan de Austria \u2014con Luis de Requesens y Z\u00fa\u00f1iga, \u00c1lvaro de Baz\u00e1n, Colonna y Doria\u2014 obtuvo la renombrada aunque no decisiva victoria naval de Lepanto (1571).<\/p>\n<p align=\"justify\">Contra Inglaterra los resultados fueron menos afortunados, debido al control mar\u00edtimo militar ingl\u00e9s. Muerta su esposa Mar\u00eda Tudor, las relaciones con Isabel I se enrarecieron, hasta que chocaron sus contrapuestas pol\u00edticas religiosa y econ\u00f3mica. En su pugna permanente, apoyando a todos los enemigos castellanos, Isabel de Inglaterra acab\u00f3 con los cat\u00f3licos reyes escoceses, mientras apoyaba la pirater\u00eda en el Caribe (Francis Drake) y a los rebeldes holandeses. La conclusi\u00f3n militar vino determinada en 1588 por la derrota de la Armada Invencible capitaneada por el duque de Medinasidonia. A partir de entonces, el poder\u00edo naval espa\u00f1ol en el Atl\u00e1ntico comenzar\u00eda su declive.<\/p>\n<p align=\"justify\">Felipe II tampoco pudo solucionar el conflicto pol\u00edtico-religioso generado en los Pa\u00edses Bajos. Ninguno de sus sucesivos gobernadores, desde Margarita de Parma, pudieron conseguir sus objetivos. Tras las victorias del duque de Alba hasta 1573, ejecutando a Egmont y Hornes, ni Luis de Requesens, ni don Juan de Austria, ni Alejandro Farnesio doblegaron la rebeli\u00f3n de los \u201cmendigos del Mar\u201d calvinistas. Alternando procedimientos suaves con otros m\u00e9todos muy en\u00e9rgicos, no consiguieron aplacar la sublevaci\u00f3n de los Estados Generales y la definitiva emancipaci\u00f3n de Holanda, Zelanda y el resto de las Provincias Unidas.<\/p>\n<p align=\"justify\">En cambio, consigui\u00f3 un gran triunfo pol\u00edtico al conseguir la unidad ib\u00e9rica con la anexi\u00f3n de Portugal y sus dominios, haciendo valer sus derechos sucesorios en 1581 en las Cortes de Tomar.<\/p>\n","protected":false},"excerpt":{"rendered":"<p>Felipe I de Portugal y II de Espa\u00f1a, hijo de Carlos I y de Isabel de Portugal, nacido en Valladolid, en 1527, contaba con amplia experiencia de gobierno cuando su padre Carlos V abdic\u00f3 en Bruselas. Los dominios heredados en 1555-1556 por Felipe II eran enormes, dispersos y muy diferentes. A los territorios tradicionales de [&hellip;]<\/p>\n","protected":false},"author":897,"featured_media":0,"parent":0,"menu_order":0,"comment_status":"open","ping_status":"open","template":"","meta":{"footnotes":""},"class_list":["post-20","page","type-page","status-publish","hentry"],"_links":{"self":[{"href":"https:\/\/blogs.ua.es\/elprudente\/wp-json\/wp\/v2\/pages\/20","targetHints":{"allow":["GET"]}}],"collection":[{"href":"https:\/\/blogs.ua.es\/elprudente\/wp-json\/wp\/v2\/pages"}],"about":[{"href":"https:\/\/blogs.ua.es\/elprudente\/wp-json\/wp\/v2\/types\/page"}],"author":[{"embeddable":true,"href":"https:\/\/blogs.ua.es\/elprudente\/wp-json\/wp\/v2\/users\/897"}],"replies":[{"embeddable":true,"href":"https:\/\/blogs.ua.es\/elprudente\/wp-json\/wp\/v2\/comments?post=20"}],"version-history":[{"count":18,"href":"https:\/\/blogs.ua.es\/elprudente\/wp-json\/wp\/v2\/pages\/20\/revisions"}],"predecessor-version":[{"id":31,"href":"https:\/\/blogs.ua.es\/elprudente\/wp-json\/wp\/v2\/pages\/20\/revisions\/31"}],"wp:attachment":[{"href":"https:\/\/blogs.ua.es\/elprudente\/wp-json\/wp\/v2\/media?parent=20"}],"curies":[{"name":"wp","href":"https:\/\/api.w.org\/{rel}","templated":true}]}}