{"id":36,"date":"2008-10-23T19:53:45","date_gmt":"2008-10-23T17:53:45","guid":{"rendered":"https:\/\/blogs.ua.es\/elprudente\/?page_id=36"},"modified":"2008-12-27T14:31:24","modified_gmt":"2008-12-27T12:31:24","slug":"ascendientes","status":"publish","type":"page","link":"https:\/\/blogs.ua.es\/elprudente\/ascendientes\/","title":{"rendered":"ASCENDIENTES"},"content":{"rendered":"<p><strong><span style=\"text-decoration: underline\">EL PADRE DE FELIPE II<a href=\"https:\/\/blogs.ua.es\/elprudente\/files\/2008\/10\/carlos-i.jpg\"><img loading=\"lazy\" decoding=\"async\" class=\"alignleft size-medium wp-image-41\" src=\"https:\/\/blogs.ua.es\/elprudente\/files\/2008\/10\/carlos-i.jpg\" alt=\"\" width=\"117\" height=\"142\" \/><\/a><\/span><\/strong><\/p>\n<p style=\"text-align: justify\">El padre de Felipe II fue <a href=\"https:\/\/blogs.ua.es\/carlitoselprim\/\" target=\"_blank\">Carlos de Austria o de Habsburgo<\/a><span style=\"color: #000000\"><strong>,<\/strong><\/span> conocido como \u00a0Carlos I (V del Sacro Imperio Romano), rey de Espa\u00f1a (1516-1556) y, como Carlos V, emperador del Sacro Imperio Romano Germ\u00e1nico (1519-1558)<\/p>\n<p style=\"text-align: justify\">Hijo de Felipe de Habsburgo (el Hermoso) y de <a href=\"https:\/\/blogs.ua.es\/juanalaloca\/\" target=\"_blank\">Juana de Castilla (la Loca<\/a>). Durante la celebraci\u00f3n de un gran baile en el palacio Casa del Pr\u00edncipe, la archiduquesa, Juana sinti\u00f3 los primeros dolores de parto. A las pocas horas, las tres de la madrugada del d\u00eda 24 de febrero del a\u00f1o 1500, la hija de los <a href=\"https:\/\/blogs.ua.es\/rrcc\/\" target=\"_blank\">Reyes Cat\u00f3licos<\/a>, dio a luz al segundo de sus hijos, el que habr\u00eda de ser heredero de las coronas de Castilla y Arag\u00f3n, de las <a href=\"http:\/\/es.wikipedia.org\/wiki\/Casa_de_Austria\" target=\"_blank\">Casas de Austria<\/a> y Borgo\u00f1a y del Sacro Imperio Romano Germ\u00e1nico.<\/p>\n<p style=\"text-align: justify\">Fue bautizado con el nombre de &#8220;Carlos&#8221; en memoria de su bisabuelo Carlos el Temerario (1433-1477), \u00faltimo Duque de Borgo\u00f1a.<\/p>\n<p style=\"text-align: justify\">Su abuelo Maximiliano le dej\u00f3 los territorios centroeuropeos de Austria y los derechos al Imperio, de su abuela Mar\u00eda hered\u00f3 de Borgo\u00f1a los Pa\u00edses Bajos, de Fernando el Cat\u00f3lico consigui\u00f3 los reinos de la Corona de Arag\u00f3n, adem\u00e1s de Sicilia y N\u00e1poles, y de su abuela Isabel I la Corona de Castilla, Canarias y todo el Nuevo Mundo descubierto y por descubrir.<\/p>\n<p style=\"text-align: justify\">\u00a0Su infancia trascurri\u00f3 en la corte flamenca. Fue educado por Adriano de Utrecht. Lu\u00eds de Vaca fue encargado, de ense\u00f1arle castellano. A\u00f1os despu\u00e9s, solo hablaba franc\u00e9s, desconoc\u00eda el flamenco, chapurreaba el castellano e ignoraba el lat\u00edn, aunque fue aprendi\u00e9ndolos m\u00e1s adelante.<\/p>\n<p style=\"text-align: justify\">\u00a0En 1515 se hizo cargo del gobierno de los Pa\u00edses Bajos, que durante alg\u00fan tiempo pas\u00f3 a Guillermo de Cro\u00ff, se\u00f1or de Chi\u00e8vres. Cuando en 1516 su abuelo Fernando falleci\u00f3, se convirti\u00f3 en rey de Espa\u00f1a. En 1519 se convirti\u00f3 en emperador.<\/p>\n<p style=\"text-align: justify\">\u00a0Tras su llegada a Espa\u00f1a se producen una serie de reivindicaciones pol\u00edticas, dando lugar al levantamiento de las Comunidades (1520-1521). Las principales ciudades castellanas se unieron en una revuelta. El memorial de agravios (Constituci\u00f3n de \u00c1vila) dirigido al rey, recog\u00eda las aspiraciones de los comuneros. \u00c9stos fueron derrotados en la batalla de Villalar (1521) que signific\u00f3 la sumisi\u00f3n de Castilla.<\/p>\n<p style=\"text-align: justify\">\u00a0Casi al mismo tiempo, tuvieron lugar en Valencia los alzamientos de las German\u00edas o hermandades cristianas que reflejaban la protesta contra el poder de la nobleza y sus vasallos moriscos. Su destrucci\u00f3n (1521-1524) constituy\u00f3 otra victoria. El conflicto con Francia se endurecer\u00e1 al sentirse los franceses cercados por los dominios imperiales, adem\u00e1s de tener en cuenta las reivindicaciones territoriales de Francisco I sobre Navarra y el Rosell\u00f3n y de Carlos sobre Borgo\u00f1a y Mil\u00e1n.<\/p>\n<p style=\"text-align: justify\">\u00a0En 1521 Espa\u00f1a se hac\u00eda con el poder de Navarra. Francisco I ocup\u00f3 personalmente el Milanesado, al ser derrotado y hecho prisionero en Pav\u00eda, prometi\u00f3 entregar Borgo\u00f1a y retirarse de Mil\u00e1n. Al no llevar a cabo sus propuestas se reanudaron las luchas hasta la Paz de Cr\u00e9py (1544), que confirm\u00f3 pr\u00e1cticamente las cl\u00e1usulas de Cambrai (1529), en las que Francisco I reconoc\u00eda la soberan\u00eda de Carlos V sobre Artois y Flandes y retiraba sus pretensiones sobre Mil\u00e1n y N\u00e1poles, mientras que Carlos I abandonaba Borgo\u00f1a.<\/p>\n<p style=\"text-align: justify\">\u00a0En centroeuropa intentaban contener los ataques turcos sin pasar a la contraofensiva. Carlos tuvo que luchar por el Mediterr\u00e1neo occidental y penetrar en el oriental consiguiendo la conquista de T\u00fanez (1535), aunque su fracaso en Argel (1541) afianz\u00f3 las posiciones berberiscas. Su fracaso definitivo lleg\u00f3 tras la aparici\u00f3n del protestantismo en Alemania que, adem\u00e1s de conectar con las inquietudes espirituales, aglutin\u00f3 intereses econ\u00f3micos y pol\u00edticos opuestos a los programas imperiales y dividi\u00f3 el Imperio en cat\u00f3licos y reformados.<\/p>\n<p style=\"text-align: justify\">Carlos I decidi\u00f3 actuar con la fuerza contra los protestantes, que hab\u00edan formado la Liga de Esmalcalda. Obtuvo la victoria en la batalla de M\u00fchlberg (1547), aunque no logr\u00f3 ni la unidad pol\u00edtica ni la religiosa. Conserv\u00f3 hasta el 12 de septiembre de 1556 su t\u00edtulo imperial, pero cedi\u00f3 a su hijo Felipe- el futuro Felipe II- los Pa\u00edses Bajos (1555), Espa\u00f1a (1556) y se retir\u00f3 al monasterio de Yuste, donde muri\u00f3 en 1558.<\/p>\n<p>\u00a0<\/p>\n<p><strong><span style=\"text-decoration: underline\">LA MADRE DE FELIPE II<\/span><\/strong><\/p>\n<p style=\"text-align: justify\"><a href=\"https:\/\/blogs.ua.es\/elprudente\/files\/2008\/10\/isabel.jpg\"><img loading=\"lazy\" decoding=\"async\" class=\"alignleft size-medium wp-image-42\" src=\"https:\/\/blogs.ua.es\/elprudente\/files\/2008\/10\/isabel.jpg\" alt=\"\" width=\"95\" height=\"116\" \/><\/a>La madre de Felipe II fue <a href=\"http:\/\/es.wikipedia.org\/wiki\/Isabel_de_Avis_y_Trast%C3%A1mara\" target=\"_blank\">Isabel de Avis y Trast\u00e1mara<\/a> (Lisboa, 24 de octubre de 1503 &#8211; Toledo, 1 de mayo de 1539), tambi\u00e9n conocida como Isabel de Portugal, fue una infanta de Portugal, reina de Espa\u00f1a y emperatriz del Sacro Imperio fue esposa del rey Carlos I de Espa\u00f1a (emperador Carlos V). Isabel era la segunda hija del rey Manuel I el Afortunado y de su segunda esposa Mar\u00eda de Arag\u00f3n y Castilla (1482-1517).<\/p>\n<p style=\"text-align: justify\">En 1521 Manuel I muere y le sucede su hijo Juan III el Piadoso. Las negociaciones entre los dos pa\u00edses de la Pen\u00ednsula Ib\u00e9rica dieron como resultado una doble uni\u00f3n hispano-lusa. En 1522 se acord\u00f3 el matrimonio entre Juan III y Catalina de Austria, hermana menor de Carlos V. Tres a\u00f1os despu\u00e9s, en 1525, es su hermana Isabel la que se unir\u00eda a Carlos I de Espa\u00f1a y V de Alemania. Este acuerdo fue muy importante desde el punto de vista econ\u00f3mico para la monarqu\u00eda hisp\u00e1nica, ya que la dote que Isabel aport\u00f3 fue cuantiosa. Esta dote fue una de las mayores en su tiempo.<\/p>\n<p style=\"text-align: justify\">El 11 de marzo de 1526, Isabel se cas\u00f3 con Carlos I, teniendo ella 23 a\u00f1os de edad y \u00e9l 26. La boda se celebr\u00f3 en el Alc\u00e1zar de Sevilla, en el actual Sal\u00f3n de Embajadores. A pesar de que el matrimonio se realiz\u00f3 por motivos pol\u00edticos, se dice que fue una pareja feliz, y tras la muerte de Isabel, Carlos no volvi\u00f3 a contraer matrimonio. Tuvieron cinco hijos, siendo el futuro Felipe II de Espa\u00f1a, el mayor, el \u00fanico var\u00f3n en sobrevivir a la ni\u00f1ez.<\/p>\n<p style=\"text-align: justify\">A la muerte de Isabel, Carlos I se retirar\u00e1 al monasterio de Santa Mar\u00eda de la Sisla y encargar\u00e1 a su hijo Felipe la presidencia de la comitiva que trasladar\u00e1 el cad\u00e1ver de la Emperatriz desde Toledo a Granada, para ser enterrada en la Capilla Real. Dirigi\u00f3 la comitiva Francisco de Borja como caballerizo de la Emperatriz. A la llegada a Granada, donde se deb\u00eda depositar el cad\u00e1ver, Francisco deb\u00eda abrir el f\u00e9retro para dar fe del hecho al entregarlo a los monjes que deb\u00edan enterrarlo. En ese momento y al contemplar el descompuesto cuerpo de Isabel, Borja pronunci\u00f3 la frase \u00abNo puedo jurar que \u00e9sta sea la Emperatriz, pero s\u00ed juro que fue su cad\u00e1ver el que aqu\u00ed se puso\u00bb. Tras esto, decidi\u00f3 optar por la vida religiosa y al enviudar de Eleanor de Castro, dama portuguesa de la Emperatriz, ingres\u00f3 en la Compa\u00f1\u00eda de Jes\u00fas.<\/p>\n<p style=\"text-align: justify\">\u00a0<\/p>\n<p style=\"text-align: justify\">\u00a0<\/p>\n","protected":false},"excerpt":{"rendered":"<p>EL PADRE DE FELIPE II El padre de Felipe II fue Carlos de Austria o de Habsburgo, conocido como \u00a0Carlos I (V del Sacro Imperio Romano), rey de Espa\u00f1a (1516-1556) y, como Carlos V, emperador del Sacro Imperio Romano Germ\u00e1nico (1519-1558) Hijo de Felipe de Habsburgo (el Hermoso) y de Juana de Castilla (la Loca). [&hellip;]<\/p>\n","protected":false},"author":1022,"featured_media":0,"parent":0,"menu_order":0,"comment_status":"open","ping_status":"open","template":"","meta":{"footnotes":""},"class_list":["post-36","page","type-page","status-publish","hentry"],"_links":{"self":[{"href":"https:\/\/blogs.ua.es\/elprudente\/wp-json\/wp\/v2\/pages\/36","targetHints":{"allow":["GET"]}}],"collection":[{"href":"https:\/\/blogs.ua.es\/elprudente\/wp-json\/wp\/v2\/pages"}],"about":[{"href":"https:\/\/blogs.ua.es\/elprudente\/wp-json\/wp\/v2\/types\/page"}],"author":[{"embeddable":true,"href":"https:\/\/blogs.ua.es\/elprudente\/wp-json\/wp\/v2\/users\/1022"}],"replies":[{"embeddable":true,"href":"https:\/\/blogs.ua.es\/elprudente\/wp-json\/wp\/v2\/comments?post=36"}],"version-history":[{"count":9,"href":"https:\/\/blogs.ua.es\/elprudente\/wp-json\/wp\/v2\/pages\/36\/revisions"}],"predecessor-version":[{"id":47,"href":"https:\/\/blogs.ua.es\/elprudente\/wp-json\/wp\/v2\/pages\/36\/revisions\/47"}],"wp:attachment":[{"href":"https:\/\/blogs.ua.es\/elprudente\/wp-json\/wp\/v2\/media?parent=36"}],"curies":[{"name":"wp","href":"https:\/\/api.w.org\/{rel}","templated":true}]}}