{"id":4,"date":"2008-10-15T18:17:57","date_gmt":"2008-10-15T16:17:57","guid":{"rendered":"https:\/\/blogs.ua.es\/elprudente\/?page_id=4"},"modified":"2008-11-26T18:57:16","modified_gmt":"2008-11-26T16:57:16","slug":"presentacion","status":"publish","type":"page","link":"https:\/\/blogs.ua.es\/elprudente\/presentacion\/","title":{"rendered":"PRESENTACI\u00d3N"},"content":{"rendered":"<p align=\"justify\">Hola compa\u00f1eros amantes de la Historia de la Espa\u00f1a Moderna!<\/p>\n<p align=\"justify\">Ante todo nos vamos a presentar, somos dos alumnas de la <a href=\"http:\/\/www.ua.es\/centros\/facu.lletres\/estudios\/28.html\" target=\"_blank\">Licenciatura de Humanidades <\/a>y esto es un proyecto de Blog para la asignatura que se\u00a0oferta en cuarto curso: <a href=\"http:\/\/cv1.cpd.ua.es\/consplanesestudio\/cvFichaAsi.asp?wCodEst=28&amp;wcodasi=6873&amp;wLengua=C&amp;scaca=2008-09\" target=\"_blank\">Historia Moderna de Espa\u00f1a<\/a>, impartida por\u00a0Don\u00a0<a href=\"http:\/\/webs.ono.com\/antonio.carrasco\/\" target=\"_blank\">Antonio Carrasco<\/a>\u00a0Rodr\u00edguez,\u00a0Doctor en Historia Moderna.<\/p>\n<p align=\"justify\">El proyecto \u2013 Blog consiste en escoger a unos de los Reyes del periodo de referencia, nosotras nos hemos decidido como has podido comprobar por FELIPE II!!!<\/p>\n<p align=\"justify\">Quiz\u00e1s te preguntaras\u00a0 \u00bfpor qu\u00e9 Felipe II de Espa\u00f1a? , o \u00bfpor qu\u00e9 Felipe I de Portugal? o en definitiva \u00bfpor qu\u00e9 el Rey\u00a0que ha tenido el Imperio m\u00e1s vasto de todos los tiempos?.<br \/>\nPues te aconsejamos que si quieres saber el motivo, navegues por nuestro Blog y descubrir\u00e1s todos los aspectos que nos fascinaron sobre este monarca.<\/p>\n<p align=\"justify\">A lo largo de tu navegaci\u00f3n te dar\u00e1s cuenta que el motivo de este Blog es un recorrido tur\u00edstico por los lugares donde vivi\u00f3 y rein\u00f3 este monarca, conocido en la Historia con el sobrenombre de Felipe El Prudente.<\/p>\n<p align=\"justify\">Esperemos que disfrutes en este recorrido de la Historia, y te animamos, a que nos hagas part\u00edcipe de tus conocimientos y experiencias de estos lugares, que nosotros iremos introduciendo en nuestro Blog, que pertenecieron al Imperio de El Prudente.<\/p>\n","protected":false},"excerpt":{"rendered":"<p>Hola compa\u00f1eros amantes de la Historia de la Espa\u00f1a Moderna! Ante todo nos vamos a presentar, somos dos alumnas de la Licenciatura de Humanidades y esto es un proyecto de Blog para la asignatura que se\u00a0oferta en cuarto curso: Historia Moderna de Espa\u00f1a, impartida por\u00a0Don\u00a0Antonio Carrasco\u00a0Rodr\u00edguez,\u00a0Doctor en Historia Moderna. El proyecto \u2013 Blog consiste en [&hellip;]<\/p>\n","protected":false},"author":897,"featured_media":0,"parent":0,"menu_order":0,"comment_status":"open","ping_status":"open","template":"","meta":{"footnotes":""},"class_list":["post-4","page","type-page","status-publish","hentry"],"_links":{"self":[{"href":"https:\/\/blogs.ua.es\/elprudente\/wp-json\/wp\/v2\/pages\/4","targetHints":{"allow":["GET"]}}],"collection":[{"href":"https:\/\/blogs.ua.es\/elprudente\/wp-json\/wp\/v2\/pages"}],"about":[{"href":"https:\/\/blogs.ua.es\/elprudente\/wp-json\/wp\/v2\/types\/page"}],"author":[{"embeddable":true,"href":"https:\/\/blogs.ua.es\/elprudente\/wp-json\/wp\/v2\/users\/897"}],"replies":[{"embeddable":true,"href":"https:\/\/blogs.ua.es\/elprudente\/wp-json\/wp\/v2\/comments?post=4"}],"version-history":[{"count":9,"href":"https:\/\/blogs.ua.es\/elprudente\/wp-json\/wp\/v2\/pages\/4\/revisions"}],"predecessor-version":[{"id":6,"href":"https:\/\/blogs.ua.es\/elprudente\/wp-json\/wp\/v2\/pages\/4\/revisions\/6"}],"wp:attachment":[{"href":"https:\/\/blogs.ua.es\/elprudente\/wp-json\/wp\/v2\/media?parent=4"}],"curies":[{"name":"wp","href":"https:\/\/api.w.org\/{rel}","templated":true}]}}