{"id":2,"date":"2014-11-17T09:06:00","date_gmt":"2014-11-17T09:06:00","guid":{"rendered":"https:\/\/blogs.ua.es\/elsalvador\/?page_id=2"},"modified":"2015-08-07T00:15:01","modified_gmt":"2015-08-07T00:15:01","slug":"responsable","status":"publish","type":"page","link":"https:\/\/blogs.ua.es\/elsalvador\/responsable\/","title":{"rendered":"Responsable del blog."},"content":{"rendered":"<p><a href=\"https:\/\/blogs.ua.es\/elsalvador\/files\/2014\/11\/NqenzELG6.jpg\"><img loading=\"lazy\" decoding=\"async\" src=\"https:\/\/blogs.ua.es\/elsalvador\/files\/2014\/11\/NqenzELG6-290x290.jpg\" alt=\"NqenzELG\" width=\"290\" height=\"290\" class=\"alignleft size-thumbnail wp-image-55\" srcset=\"https:\/\/blogs.ua.es\/elsalvador\/files\/2014\/11\/NqenzELG6-290x290.jpg 290w, https:\/\/blogs.ua.es\/elsalvador\/files\/2014\/11\/NqenzELG6-300x300.jpg 300w, https:\/\/blogs.ua.es\/elsalvador\/files\/2014\/11\/NqenzELG6.jpg 512w\" sizes=\"auto, (max-width: 290px) 100vw, 290px\" \/><\/a><br \/>\n<strong>Efra\u00edn Mauricio Ar\u00e9valo Mojica<\/strong> (<a href=\"https:\/\/twitter.com\/efrain23arevalo\">@efrain23arevalo<\/a>)<\/p>\n<p style=\"text-align: justify\">Abogado y notario. Licenciado en Derecho por la Universidad de Sonsonate (El Salvador), con Maestr\u00eda en Argumentaci\u00f3n Jur\u00eddica por la Universidad de Alicante (Espa\u00f1a). Graduado del Programa de Formaci\u00f3n Inicial para Jueces (PFI) impartido por la Escuela de Capacitaci\u00f3n Judicial del Consejo Nacional de la Judicatura. Colaborador Jur\u00eddico de la Sala de lo Constitucional de la CSJ de El Salvador. Catedr\u00e1tico de Derecho Constitucional en la Universidad Dr. Jos\u00e9 Mat\u00edas Delgado. Capacitador en Derecho Constitucional en la Escuela de Capacitaci\u00f3n Judicial del  Consejo Nacional de la Judicatura de El Salvador. Miembro del Instituto Iberoamericano de Derecho Constitucional, secci\u00f3n El Salvador. Candidato a m\u00e1ster y doctor en Filosof\u00eda Iberoamericana en la Universidad Centroamericana Jos\u00e9 Sime\u00f3n Ca\u00f1as (El Salvador).<\/p>\n","protected":false},"excerpt":{"rendered":"<p>Efra\u00edn Mauricio Ar\u00e9valo Mojica (@efrain23arevalo) Abogado y notario. Licenciado en Derecho por la Universidad de Sonsonate (El Salvador), con Maestr\u00eda en Argumentaci\u00f3n Jur\u00eddica por la Universidad de Alicante (Espa\u00f1a). Graduado del Programa de Formaci\u00f3n Inicial para Jueces (PFI) impartido por la Escuela de Capacitaci\u00f3n Judicial del Consejo Nacional de la Judicatura. Colaborador Jur\u00eddico de la [&hellip;]<\/p>\n","protected":false},"author":3600,"featured_media":0,"parent":0,"menu_order":0,"comment_status":"closed","ping_status":"closed","template":"","meta":{"footnotes":""},"class_list":["post-2","page","type-page","status-publish","hentry"],"_links":{"self":[{"href":"https:\/\/blogs.ua.es\/elsalvador\/wp-json\/wp\/v2\/pages\/2","targetHints":{"allow":["GET"]}}],"collection":[{"href":"https:\/\/blogs.ua.es\/elsalvador\/wp-json\/wp\/v2\/pages"}],"about":[{"href":"https:\/\/blogs.ua.es\/elsalvador\/wp-json\/wp\/v2\/types\/page"}],"author":[{"embeddable":true,"href":"https:\/\/blogs.ua.es\/elsalvador\/wp-json\/wp\/v2\/users\/3600"}],"replies":[{"embeddable":true,"href":"https:\/\/blogs.ua.es\/elsalvador\/wp-json\/wp\/v2\/comments?post=2"}],"version-history":[{"count":15,"href":"https:\/\/blogs.ua.es\/elsalvador\/wp-json\/wp\/v2\/pages\/2\/revisions"}],"predecessor-version":[{"id":34,"href":"https:\/\/blogs.ua.es\/elsalvador\/wp-json\/wp\/v2\/pages\/2\/revisions\/34"}],"wp:attachment":[{"href":"https:\/\/blogs.ua.es\/elsalvador\/wp-json\/wp\/v2\/media?parent=2"}],"curies":[{"name":"wp","href":"https:\/\/api.w.org\/{rel}","templated":true}]}}