{"id":10,"date":"2013-12-03T15:25:39","date_gmt":"2013-12-03T15:25:39","guid":{"rendered":"https:\/\/blogs.ua.es\/elvergelyondara\/?page_id=10"},"modified":"2014-01-13T00:22:01","modified_gmt":"2014-01-13T00:22:01","slug":"valoracion","status":"publish","type":"page","link":"https:\/\/blogs.ua.es\/elvergelyondara\/valoracion\/","title":{"rendered":"Valoraci\u00f3n"},"content":{"rendered":"<p>Este trabajo de las escrituras expuestas del Vergel y Ondara ha sido bastante divertido, en donde me he dado cuenta que en ambos pueblos hab\u00eda m\u00e1s escrituras expuestas que las que pensaba que encontrar\u00eda.<\/p>\n<p>Espero \u00a0que todo el mundo que acceda a \u00e9l y mire un poco las im\u00e1genes pueda llevarse una visi\u00f3n general de como son cada uno de los pueblos. Aunque parezcan peque\u00f1os y no sean muy nombrados se puede ver que tambi\u00e9n tienen su parte de historia, de comercios, de grafitis, de escrituras en general.<\/p>\n<p>Por lo que espero que \u00a0a todo el mundo le guste y pueda de este modo conocer a nivel tur\u00edstico ambos pueblos. Y si se animan venir alg\u00fan d\u00eda a visitarlos.<\/p>\n","protected":false},"excerpt":{"rendered":"<p>Este trabajo de las escrituras expuestas del Vergel y Ondara ha sido bastante divertido, en donde me he dado cuenta que en ambos pueblos hab\u00eda m\u00e1s escrituras expuestas que las que pensaba que encontrar\u00eda. Espero \u00a0que todo el mundo que &hellip; <a href=\"https:\/\/blogs.ua.es\/elvergelyondara\/valoracion\/\">Continue reading <span class=\"meta-nav\">&rarr;<\/span><\/a><\/p>\n","protected":false},"author":3015,"featured_media":0,"parent":0,"menu_order":2,"comment_status":"open","ping_status":"open","template":"","meta":{"footnotes":""},"class_list":["post-10","page","type-page","status-publish","hentry"],"_links":{"self":[{"href":"https:\/\/blogs.ua.es\/elvergelyondara\/wp-json\/wp\/v2\/pages\/10","targetHints":{"allow":["GET"]}}],"collection":[{"href":"https:\/\/blogs.ua.es\/elvergelyondara\/wp-json\/wp\/v2\/pages"}],"about":[{"href":"https:\/\/blogs.ua.es\/elvergelyondara\/wp-json\/wp\/v2\/types\/page"}],"author":[{"embeddable":true,"href":"https:\/\/blogs.ua.es\/elvergelyondara\/wp-json\/wp\/v2\/users\/3015"}],"replies":[{"embeddable":true,"href":"https:\/\/blogs.ua.es\/elvergelyondara\/wp-json\/wp\/v2\/comments?post=10"}],"version-history":[{"count":3,"href":"https:\/\/blogs.ua.es\/elvergelyondara\/wp-json\/wp\/v2\/pages\/10\/revisions"}],"predecessor-version":[{"id":586,"href":"https:\/\/blogs.ua.es\/elvergelyondara\/wp-json\/wp\/v2\/pages\/10\/revisions\/586"}],"wp:attachment":[{"href":"https:\/\/blogs.ua.es\/elvergelyondara\/wp-json\/wp\/v2\/media?parent=10"}],"curies":[{"name":"wp","href":"https:\/\/api.w.org\/{rel}","templated":true}]}}