{"id":8,"date":"2013-12-03T15:25:25","date_gmt":"2013-12-03T15:25:25","guid":{"rendered":"https:\/\/blogs.ua.es\/elvergelyondara\/?page_id=8"},"modified":"2014-01-13T00:23:11","modified_gmt":"2014-01-13T00:23:11","slug":"explicacion","status":"publish","type":"page","link":"https:\/\/blogs.ua.es\/elvergelyondara\/explicacion\/","title":{"rendered":"Explicaci\u00f3n"},"content":{"rendered":"<p style=\"text-align: justify\">El Vergel al igual que Ondara, son dos municipios de la Comunidad Valencia, que forman parte de la provincia de Alicante. La distancia entre ambos pueblos es de 2 kil\u00f3metros por carretera nacional, mientras que a trav\u00e9s de caminos secundarios la distancia se reduce a 1 kil\u00f3metro y medio. A dem\u00e1s se encuentran cerca de ellos los pueblos de: Benimeli, D\u00e9nia, Beniarbeig, etc. Comparten una misma estructura monta\u00f1osa que es la Seg\u00e1ria, una monta\u00f1a totalmente basada en el cultivo de la naranja, que desde siempre ha sido un punto fuerte en la econom\u00eda de los municipios. Aunque hoy en d\u00eda el sector servicios es el que tiene el mayor peso y se han ido perdiendo las econom\u00edas tradicionales propias del clima mediterr\u00e1neo.<\/p>\n<p style=\"text-align: justify\">A continuaci\u00f3n \u00a0comentar\u00e9 un poco la historia de ambos pueblos para poder tener un poco de conocimiento sobre los acontecimientos ocurridos en ellos y que representan sus nombres y sus puntos fuertes de turismo que se pueden visitar.<\/p>\n<p style=\"text-align: justify\">Por un lado con respecto a la historia del pueblo \u00a0del Vergel se tienen muy poca informaci\u00f3n. Se sabe que desde \u00e9poca musulmana, perteneci\u00f3 a un importante musulm\u00e1n de D\u00e9nia. Tras la conquista de Valencia por Jaime I de Arag\u00f3n en el siglo XIII, concretamente en el a\u00f1o 1238, \u00a0la alquer\u00eda del Vergel pas\u00f3 a formar parte de un marquesado de D\u00e9nia.<\/p>\n<p style=\"text-align: justify\">En el a\u00f1o 1245, Jaime I entreg\u00f3 el Vergel como privilegio a Pere Eiximend Carr\u00f2s, manteniendo a\u00fan la poblaci\u00f3n musulmana. Desde un primer momento se mantuvo la libertad de culto a los musulmanes pero tras la conversi\u00f3n al cristianismo, se convirtieron en moriscos. Muchos de ellos tras esta imposici\u00f3n, la aceptaron para no ser desterrados aunque algunos a\u00fan continuaron con sus creencias. Al estar este pueblo poblado pr\u00e1cticamente por moriscos, se tem\u00eda que \u00e9stos se sublevaran y el se\u00f1or del Vergel, Joan Jeroni Vives \u00a0prosigui\u00f3 a su desarmamento para de este modo evitar cualquier rebeli\u00f3n. Pero no fue hasta 1609 cuando se prosigui\u00f3 la expulsi\u00f3n de los moriscos en toda la Marina Alta. En este momento el entonces se\u00f1or del Vergel Francisco G\u00f3mez de Sandoval y Rojas, Marqu\u00e9s de D\u00e9nia y primer duque de Lerma, apoy\u00f3 la expulsi\u00f3n de los moriscos de este municipio. \u00a0A partir de la expulsi\u00f3n el Vergel qued\u00f3 totalmente despoblado y no consigui\u00f3 aumentar su poblaci\u00f3n hasta bien pasado el siglo XVIII , pobl\u00e1ndolo principalmente gente procedente de D\u00e9nia y J\u00e1vea.<\/p>\n<p style=\"text-align: justify\">Por otro lado, Ondara,\u00a0como todos los pueblos de la comunidad valenciana, se encontraba en manos de los musulmanes hasta la conquista en el a\u00f1o 1244 de Jaime I. Durante la dominaci\u00f3n \u00e1rabe, bajo el gobierno de Tarik, recibi\u00f3 en nombre de ONDIA. Pero la importancia de Ondara la tendr\u00e1 durante el siglo XI cuando en este territorio se produjeron constantes enfrentamientos entre los musulmanes y los viejos cristianos, que la situar\u00edan como campo de guerra. Pero en 1244 como ya he nombrado antes, se produce la conquista de esta ciudad pasando a formar parte al t\u00e9rmino general de D\u00e9nia. Cuando mur\u00edo el rey Jaime I, pas\u00f3 a manos de su hijo Pedro II, el cual mediante donaciones iba dando el municipio a diferentes se\u00f1ores. Pasando durante el siglo XVI a manos de la familia de los Cardonas, de la Casa de Arag\u00f3n, marqueses de Guadalest. Finalmente durante los reinados de Carlos V y posteriormente de Felipe V, Ondara empez\u00f3 a gozar de toda una serie de \u00a0privilegios.<\/p>\n<p style=\"text-align: justify\">En definitiva, ambos pueblos tienen su parte de historia que aunque sea escasa, tambi\u00e9n han formado parte de los acontecimiento ocurridos en Espa\u00f1a.<\/p>\n<p style=\"text-align: justify\">Miralles, Robert. Historia de Ondara. <em>Ondara en la Hist\u00f3ria<\/em> [en l\u00ednea] 21 febrero 2001 [consulta: 26 diciembre 2013] Disponible en:\u00a0<a href=\"http:\/\/www.ondara.cat\/arxius\/Ondara-article-1949-Atienza.pdf\">http:\/\/www.ondara.cat\/arxius\/Ondara-article-1949-Atienza.pdf<\/a><\/p>\n<p style=\"text-align: justify\">El Vergel.<em> Wikipedia: la Enciclopedia<\/em> libre [en l\u00ednea] 13 septiembre 2013, 15:13. [consulta: 26 diciembre 2013] Disponible en:\u00a0<a href=\"http:\/\/es.wikipedia.org\/wiki\/Vergel\">http:\/\/es.wikipedia.org\/wiki\/Vergel<\/a><\/p>\n","protected":false},"excerpt":{"rendered":"<p>El Vergel al igual que Ondara, son dos municipios de la Comunidad Valencia, que forman parte de la provincia de Alicante. La distancia entre ambos pueblos es de 2 kil\u00f3metros por carretera nacional, mientras que a trav\u00e9s de caminos secundarios &hellip; <a href=\"https:\/\/blogs.ua.es\/elvergelyondara\/explicacion\/\">Continue reading <span class=\"meta-nav\">&rarr;<\/span><\/a><\/p>\n","protected":false},"author":3015,"featured_media":0,"parent":0,"menu_order":1,"comment_status":"open","ping_status":"open","template":"","meta":{"footnotes":""},"class_list":["post-8","page","type-page","status-publish","hentry"],"_links":{"self":[{"href":"https:\/\/blogs.ua.es\/elvergelyondara\/wp-json\/wp\/v2\/pages\/8","targetHints":{"allow":["GET"]}}],"collection":[{"href":"https:\/\/blogs.ua.es\/elvergelyondara\/wp-json\/wp\/v2\/pages"}],"about":[{"href":"https:\/\/blogs.ua.es\/elvergelyondara\/wp-json\/wp\/v2\/types\/page"}],"author":[{"embeddable":true,"href":"https:\/\/blogs.ua.es\/elvergelyondara\/wp-json\/wp\/v2\/users\/3015"}],"replies":[{"embeddable":true,"href":"https:\/\/blogs.ua.es\/elvergelyondara\/wp-json\/wp\/v2\/comments?post=8"}],"version-history":[{"count":9,"href":"https:\/\/blogs.ua.es\/elvergelyondara\/wp-json\/wp\/v2\/pages\/8\/revisions"}],"predecessor-version":[{"id":594,"href":"https:\/\/blogs.ua.es\/elvergelyondara\/wp-json\/wp\/v2\/pages\/8\/revisions\/594"}],"wp:attachment":[{"href":"https:\/\/blogs.ua.es\/elvergelyondara\/wp-json\/wp\/v2\/media?parent=8"}],"curies":[{"name":"wp","href":"https:\/\/api.w.org\/{rel}","templated":true}]}}