{"id":6,"date":"2013-12-13T09:02:45","date_gmt":"2013-12-13T09:02:45","guid":{"rendered":"https:\/\/blogs.ua.es\/elx2\/?page_id=6"},"modified":"2013-12-23T17:32:41","modified_gmt":"2013-12-23T16:32:41","slug":"introduccio","status":"publish","type":"page","link":"https:\/\/blogs.ua.es\/elx2\/introduccio\/","title":{"rendered":"Introducci\u00f3"},"content":{"rendered":"<p>El blog funciona de la manera seg\u00fcent: Cadascuna de les entrades fa refer\u00e8ncia a un exemple de qualsevol de les dues categories assignades (&#8220;Graffitis Iconogr\u00e0fics&#8221;, o &#8220;Inscripcions i plaques a recints religiosos&#8221;), el post constar\u00e0 b\u00e0sicament d&#8217;una imatge (o m\u00e9s si fos necessari) amb una descripci\u00f3 general i suficientment aclaridora del sentit de la mateixa. Totes les imatges enlla\u00e7aran amb la xarxa social &#8220;<a href=\"http:\/\/www.flickr.com\/photos\/111391982@N04\/\" target=\"_blank\">Flickr<\/a>&#8221; on hem habilitat un compte per a compartir de manera lliure totes les imatges del blog, i poder-les emmagatzemar i veure en alta resoluci\u00f3 sempre que vulguem.<\/p>\n<p>Tamb\u00e9 hem habilitat l&#8217;opci\u00f3 de compartir amb les xarxes socials per a que els visitants pugueu difondre i &#8220;moure&#8221; els continguts que m\u00e9s us hagen agradat.<\/p>\n<p>Per \u00faltim, voldr\u00edem animar tothom a participar al blog deixant-nos un comentari o compartint els posts, ja que un blog no \u00e9s unidireccional, sin\u00f3 que tamb\u00e9 podem aprendre i disfrutar molt de la interacci\u00f3 amb els lectors.<\/p>\n<p>Moltes gr\u00e0cies!<\/p>\n<p style=\"text-align: right\">L&#8217;equip de redacci\u00f3 &#8220;Elx2&#8221;<\/p>\n","protected":false},"excerpt":{"rendered":"<p>El blog funciona de la manera seg\u00fcent: Cadascuna de les entrades fa refer\u00e8ncia a un exemple de qualsevol de les dues categories assignades (&#8220;Graffitis Iconogr\u00e0fics&#8221;, o &#8220;Inscripcions i plaques a recints religiosos&#8221;), el post constar\u00e0 b\u00e0sicament d&#8217;una imatge (o m\u00e9s &hellip; <a href=\"https:\/\/blogs.ua.es\/elx2\/introduccio\/\">Continue reading <span class=\"meta-nav\">&rarr;<\/span><\/a><\/p>\n","protected":false},"author":3458,"featured_media":0,"parent":0,"menu_order":1,"comment_status":"open","ping_status":"open","template":"","meta":{"footnotes":""},"class_list":["post-6","page","type-page","status-publish","hentry"],"_links":{"self":[{"href":"https:\/\/blogs.ua.es\/elx2\/wp-json\/wp\/v2\/pages\/6","targetHints":{"allow":["GET"]}}],"collection":[{"href":"https:\/\/blogs.ua.es\/elx2\/wp-json\/wp\/v2\/pages"}],"about":[{"href":"https:\/\/blogs.ua.es\/elx2\/wp-json\/wp\/v2\/types\/page"}],"author":[{"embeddable":true,"href":"https:\/\/blogs.ua.es\/elx2\/wp-json\/wp\/v2\/users\/3458"}],"replies":[{"embeddable":true,"href":"https:\/\/blogs.ua.es\/elx2\/wp-json\/wp\/v2\/comments?post=6"}],"version-history":[{"count":3,"href":"https:\/\/blogs.ua.es\/elx2\/wp-json\/wp\/v2\/pages\/6\/revisions"}],"predecessor-version":[{"id":158,"href":"https:\/\/blogs.ua.es\/elx2\/wp-json\/wp\/v2\/pages\/6\/revisions\/158"}],"wp:attachment":[{"href":"https:\/\/blogs.ua.es\/elx2\/wp-json\/wp\/v2\/media?parent=6"}],"curies":[{"name":"wp","href":"https:\/\/api.w.org\/{rel}","templated":true}]}}