{"id":38,"date":"2013-01-18T00:52:59","date_gmt":"2013-01-18T00:52:59","guid":{"rendered":"https:\/\/blogs.ua.es\/embajadoressigloxvi\/?page_id=38"},"modified":"2013-01-18T01:54:17","modified_gmt":"2013-01-18T01:54:17","slug":"las-comunicaciones-culturales","status":"publish","type":"page","link":"https:\/\/blogs.ua.es\/embajadoressigloxvi\/las-comunicaciones-culturales\/","title":{"rendered":"Los jesuitas en Asia"},"content":{"rendered":"<blockquote><p>La Compa\u00f1\u00eda de Jes\u00fas, la mayor orden religiosa cat\u00f3lica romana, cuyos miembros se llaman los jesuitas, fue fundada por San Ignacio de Loyola. Y los jesuitas que fueron a Asia tuvieron papel muy importante en cuanto a las comunicaciones culturales entre Europa y Asia.<\/p>\n<p>Los jesuitas llegaron a China en los \u00faltimos a\u00f1os del siglo XVI. La labor de la Compa\u00f1\u00eda de Jes\u00fas en el Reino del Centro puede ser considerada como un ejemplo de acomodaci\u00f3n de los misioneros a una cultura muy diferente, la cual tuvo lugar en varios \u00e1mbitos: filos\u00f3fico, teol\u00f3gico y cient\u00edfico.<\/p>\n<p>Entre muchos jesuitas, se destacaron unos, Francisco Javier, Matteo Ricci, etc. Y unos personajes chinos como Xu Guangqi, quien tuvo gran amistad con Matteo Ricci, tambi\u00e9n hizo una contribuci\u00f3n importante.<\/p><\/blockquote>\n<p><a href=\"https:\/\/blogs.ua.es\/embajadoressigloxvi\/files\/2013\/01\/Jesuites_en_chine.jpg\"><img loading=\"lazy\" decoding=\"async\" class=\"aligncenter size-medium wp-image-43\" src=\"https:\/\/blogs.ua.es\/embajadoressigloxvi\/files\/2013\/01\/Jesuites_en_chine-300x266.jpg\" alt=\"\" width=\"300\" height=\"266\" srcset=\"https:\/\/blogs.ua.es\/embajadoressigloxvi\/files\/2013\/01\/Jesuites_en_chine-300x266.jpg 300w, https:\/\/blogs.ua.es\/embajadoressigloxvi\/files\/2013\/01\/Jesuites_en_chine.jpg 450w\" sizes=\"auto, (max-width: 300px) 100vw, 300px\" \/><\/a>Los jesuitas en China<\/p>\n<p>&nbsp;<\/p>\n","protected":false},"excerpt":{"rendered":"<p>La Compa\u00f1\u00eda de Jes\u00fas, la mayor orden religiosa cat\u00f3lica romana, cuyos miembros se llaman los jesuitas, fue fundada por San Ignacio de Loyola. Y los jesuitas que fueron a Asia tuvieron papel muy importante en cuanto a las comunicaciones culturales &hellip; <a href=\"https:\/\/blogs.ua.es\/embajadoressigloxvi\/las-comunicaciones-culturales\/\">Continue reading <span class=\"meta-nav\">&rarr;<\/span><\/a><\/p>\n","protected":false},"author":2736,"featured_media":0,"parent":0,"menu_order":0,"comment_status":"open","ping_status":"open","template":"","meta":{"footnotes":""},"class_list":["post-38","page","type-page","status-publish","hentry"],"_links":{"self":[{"href":"https:\/\/blogs.ua.es\/embajadoressigloxvi\/wp-json\/wp\/v2\/pages\/38","targetHints":{"allow":["GET"]}}],"collection":[{"href":"https:\/\/blogs.ua.es\/embajadoressigloxvi\/wp-json\/wp\/v2\/pages"}],"about":[{"href":"https:\/\/blogs.ua.es\/embajadoressigloxvi\/wp-json\/wp\/v2\/types\/page"}],"author":[{"embeddable":true,"href":"https:\/\/blogs.ua.es\/embajadoressigloxvi\/wp-json\/wp\/v2\/users\/2736"}],"replies":[{"embeddable":true,"href":"https:\/\/blogs.ua.es\/embajadoressigloxvi\/wp-json\/wp\/v2\/comments?post=38"}],"version-history":[{"count":6,"href":"https:\/\/blogs.ua.es\/embajadoressigloxvi\/wp-json\/wp\/v2\/pages\/38\/revisions"}],"predecessor-version":[{"id":49,"href":"https:\/\/blogs.ua.es\/embajadoressigloxvi\/wp-json\/wp\/v2\/pages\/38\/revisions\/49"}],"wp:attachment":[{"href":"https:\/\/blogs.ua.es\/embajadoressigloxvi\/wp-json\/wp\/v2\/media?parent=38"}],"curies":[{"name":"wp","href":"https:\/\/api.w.org\/{rel}","templated":true}]}}