{"id":20,"date":"2012-01-11T11:52:34","date_gmt":"2012-01-11T11:52:34","guid":{"rendered":"https:\/\/blogs.ua.es\/emigracionespanyasigloxx\/?page_id=20"},"modified":"2012-01-11T11:52:34","modified_gmt":"2012-01-11T11:52:34","slug":"presentacion-del-blog","status":"publish","type":"page","link":"https:\/\/blogs.ua.es\/emigracionespanyasigloxx\/presentacion-del-blog\/","title":{"rendered":"Presentaci\u00f3n del blog"},"content":{"rendered":"<p>\u00a1Bienvenidos a nuestro blog!<\/p>\n<p>Si est\u00e1is leyendo esto, es que os interesa qui\u00e9n est\u00e1 detr\u00e1s de todo esto, y eso es halagador. Somos Carlos Javier Coloma Lloret y Jos\u00e9 Manuel Rodr\u00edguez G\u00f3mez, estudiantes del Grado de Historia en la Universidad de Alicante. Este blog ha sido creado para la parte pr\u00e1ctica de la asignatura de Fuentes y Documentos para la Historia, impartida por los profesores Fernando Prados y Antonio Couto(aunque a qui\u00e9n le interesar\u00e1 esto es al profesor Couto, si el profesor Prados se quiere pasar est\u00e1 invitado, por supuesto). El objetivo de este trabajo es aplicar y mejorar nuestros conocimientos y recursos sobre documentaci\u00f3n, adem\u00e1s de entender un poco mejor como ha pasado Espa\u00f1a de ser un pa\u00eds de emigrantes a serlo de inmigrantes y qu\u00e9 eventos han hecho posible ese cambio.<\/p>\n<p>En nuestro blog ten\u00e9is disponible toda la informaci\u00f3n de como hemos llevado a cabo la investigaci\u00f3n, referencias bibliogr\u00e1ficas, etc.<\/p>\n<p>Muchas gracias por vuestra visita y estamos abiertos a cr\u00edticas, dudas y sugerencias, as\u00ed que si ten\u00e9is alguna pregunta o comentario, no teng\u00e1is miedo de hacerlo.<\/p>\n","protected":false},"excerpt":{"rendered":"<p>\u00a1Bienvenidos a nuestro blog! Si est\u00e1is leyendo esto, es que os interesa qui\u00e9n est\u00e1 detr\u00e1s de todo esto, y eso es halagador. Somos Carlos Javier Coloma Lloret y Jos\u00e9 Manuel Rodr\u00edguez G\u00f3mez, estudiantes del Grado de Historia en la Universidad de Alicante. Este blog ha sido creado para la parte pr\u00e1ctica de la asignatura de [&hellip;]<\/p>\n","protected":false},"author":2526,"featured_media":0,"parent":0,"menu_order":0,"comment_status":"open","ping_status":"open","template":"","meta":{"footnotes":""},"class_list":["post-20","page","type-page","status-publish","hentry"],"_links":{"self":[{"href":"https:\/\/blogs.ua.es\/emigracionespanyasigloxx\/wp-json\/wp\/v2\/pages\/20","targetHints":{"allow":["GET"]}}],"collection":[{"href":"https:\/\/blogs.ua.es\/emigracionespanyasigloxx\/wp-json\/wp\/v2\/pages"}],"about":[{"href":"https:\/\/blogs.ua.es\/emigracionespanyasigloxx\/wp-json\/wp\/v2\/types\/page"}],"author":[{"embeddable":true,"href":"https:\/\/blogs.ua.es\/emigracionespanyasigloxx\/wp-json\/wp\/v2\/users\/2526"}],"replies":[{"embeddable":true,"href":"https:\/\/blogs.ua.es\/emigracionespanyasigloxx\/wp-json\/wp\/v2\/comments?post=20"}],"version-history":[{"count":2,"href":"https:\/\/blogs.ua.es\/emigracionespanyasigloxx\/wp-json\/wp\/v2\/pages\/20\/revisions"}],"predecessor-version":[{"id":22,"href":"https:\/\/blogs.ua.es\/emigracionespanyasigloxx\/wp-json\/wp\/v2\/pages\/20\/revisions\/22"}],"wp:attachment":[{"href":"https:\/\/blogs.ua.es\/emigracionespanyasigloxx\/wp-json\/wp\/v2\/media?parent=20"}],"curies":[{"name":"wp","href":"https:\/\/api.w.org\/{rel}","templated":true}]}}