{"id":58,"date":"2012-01-18T11:51:22","date_gmt":"2012-01-18T11:51:22","guid":{"rendered":"https:\/\/blogs.ua.es\/emigracionespanyasigloxx\/?page_id=58"},"modified":"2012-01-18T21:24:24","modified_gmt":"2012-01-18T21:24:24","slug":"valoracion-general","status":"publish","type":"page","link":"https:\/\/blogs.ua.es\/emigracionespanyasigloxx\/valoracion-general\/","title":{"rendered":"Valoraci\u00f3n"},"content":{"rendered":"<p style=\"text-align: justify\">A mi compa\u00f1ero de blog y a mi nos ha entusiasmado el tema tratado aunque no estuviese en nuestro campo de estudio. Consideramos un tema muy interesante ya que mucha gente tiene parientes en el extranjero y es bonito conocer por qu\u00e9 tuvieron que irse y la\u00a0situaci\u00f3n\u00a0en la que se viv\u00eda. Hemos descubierto un gran n\u00famero de\u00a0art\u00edculos\u00a0relacionados con el tema e investigando un poco se descubren cosas muy interesantes , como la creaci\u00f3n de la OSE, una organizaci\u00f3n sindical, en la Espa\u00f1a del r\u00e9gimen franquista. Hay un gran n\u00famero de\u00a0art\u00edculos\u00a0de revista que nos hace pensar que es un tema de inter\u00e9s social y de estudio, sin embargo, no hemos podido encontrar una gran variedad de autores a este respecto, dado que es un espacio temporal muy limitado.<\/p>\n","protected":false},"excerpt":{"rendered":"<p>A mi compa\u00f1ero de blog y a mi nos ha entusiasmado el tema tratado aunque no estuviese en nuestro campo de estudio. Consideramos un tema muy interesante ya que mucha gente tiene parientes en el extranjero y es bonito conocer por qu\u00e9 tuvieron que irse y la\u00a0situaci\u00f3n\u00a0en la que se viv\u00eda. Hemos descubierto un gran [&hellip;]<\/p>\n","protected":false},"author":2512,"featured_media":0,"parent":0,"menu_order":0,"comment_status":"open","ping_status":"open","template":"","meta":{"footnotes":""},"class_list":["post-58","page","type-page","status-publish","hentry"],"_links":{"self":[{"href":"https:\/\/blogs.ua.es\/emigracionespanyasigloxx\/wp-json\/wp\/v2\/pages\/58","targetHints":{"allow":["GET"]}}],"collection":[{"href":"https:\/\/blogs.ua.es\/emigracionespanyasigloxx\/wp-json\/wp\/v2\/pages"}],"about":[{"href":"https:\/\/blogs.ua.es\/emigracionespanyasigloxx\/wp-json\/wp\/v2\/types\/page"}],"author":[{"embeddable":true,"href":"https:\/\/blogs.ua.es\/emigracionespanyasigloxx\/wp-json\/wp\/v2\/users\/2512"}],"replies":[{"embeddable":true,"href":"https:\/\/blogs.ua.es\/emigracionespanyasigloxx\/wp-json\/wp\/v2\/comments?post=58"}],"version-history":[{"count":4,"href":"https:\/\/blogs.ua.es\/emigracionespanyasigloxx\/wp-json\/wp\/v2\/pages\/58\/revisions"}],"predecessor-version":[{"id":84,"href":"https:\/\/blogs.ua.es\/emigracionespanyasigloxx\/wp-json\/wp\/v2\/pages\/58\/revisions\/84"}],"wp:attachment":[{"href":"https:\/\/blogs.ua.es\/emigracionespanyasigloxx\/wp-json\/wp\/v2\/media?parent=58"}],"curies":[{"name":"wp","href":"https:\/\/api.w.org\/{rel}","templated":true}]}}