{"id":62,"date":"2012-01-18T13:24:39","date_gmt":"2012-01-18T13:24:39","guid":{"rendered":"https:\/\/blogs.ua.es\/emigracionespanyasigloxx\/?page_id=62"},"modified":"2012-01-18T13:24:39","modified_gmt":"2012-01-18T13:24:39","slug":"recursos-de-informacion","status":"publish","type":"page","link":"https:\/\/blogs.ua.es\/emigracionespanyasigloxx\/recursos-de-informacion\/","title":{"rendered":"Recursos de informaci\u00f3n"},"content":{"rendered":"<p>Los recursos que hemos utilizado en nuestra investigaci\u00f3n se encuentran, pr\u00e1cticamente en su totalidad, en la red de redes. Sin embargo, nuestra primera aproximaci\u00f3n fue por una vertiente completamente distinta y mucho m\u00e1s sencilla: dado que el tema se sale un poco de nuestro grado(ambos somos estudiantes de historia, y el tema de las migraciones pertenece m\u00e1s bien a Geograf\u00eda), pedimos consejo a nuestros profesores de Geograf\u00eda Humana, Jos\u00e9 Ramon Valero y Juan David Sempere(a los que desde aqu\u00ed agradecemos su ayuda), que nos proporcionaron bibliograf\u00eda referente al tema, y que estaba disponible en la biblioteca de la Universidad. Adem\u00e1s, el profesor Valero tambi\u00e9n nos proporcion\u00f3 un par de p\u00e1ginas web especialmente \u00fatiles.<\/p>\n<p>&nbsp;<\/p>\n<p>Ya en lo que a recursos electr\u00f3nicos se refiere, encontramos nuestro salvavidas en Dialnet. El buscador de la Universidad de la Rioja nos proporcion\u00f3 una gran cantidad de informaci\u00f3n, en especial art\u00edculos de revistas. Google libros tambi\u00e9n hizo su papel para que pudi\u00e9ramos localizar y obtener informaci\u00f3n sobre ciertas monograf\u00edas, pero lu utilizamos de forma m\u00e1s limitada.<\/p>\n","protected":false},"excerpt":{"rendered":"<p>Los recursos que hemos utilizado en nuestra investigaci\u00f3n se encuentran, pr\u00e1cticamente en su totalidad, en la red de redes. Sin embargo, nuestra primera aproximaci\u00f3n fue por una vertiente completamente distinta y mucho m\u00e1s sencilla: dado que el tema se sale un poco de nuestro grado(ambos somos estudiantes de historia, y el tema de las migraciones [&hellip;]<\/p>\n","protected":false},"author":2526,"featured_media":0,"parent":0,"menu_order":0,"comment_status":"open","ping_status":"open","template":"","meta":{"footnotes":""},"class_list":["post-62","page","type-page","status-publish","hentry"],"_links":{"self":[{"href":"https:\/\/blogs.ua.es\/emigracionespanyasigloxx\/wp-json\/wp\/v2\/pages\/62","targetHints":{"allow":["GET"]}}],"collection":[{"href":"https:\/\/blogs.ua.es\/emigracionespanyasigloxx\/wp-json\/wp\/v2\/pages"}],"about":[{"href":"https:\/\/blogs.ua.es\/emigracionespanyasigloxx\/wp-json\/wp\/v2\/types\/page"}],"author":[{"embeddable":true,"href":"https:\/\/blogs.ua.es\/emigracionespanyasigloxx\/wp-json\/wp\/v2\/users\/2526"}],"replies":[{"embeddable":true,"href":"https:\/\/blogs.ua.es\/emigracionespanyasigloxx\/wp-json\/wp\/v2\/comments?post=62"}],"version-history":[{"count":1,"href":"https:\/\/blogs.ua.es\/emigracionespanyasigloxx\/wp-json\/wp\/v2\/pages\/62\/revisions"}],"predecessor-version":[{"id":66,"href":"https:\/\/blogs.ua.es\/emigracionespanyasigloxx\/wp-json\/wp\/v2\/pages\/62\/revisions\/66"}],"wp:attachment":[{"href":"https:\/\/blogs.ua.es\/emigracionespanyasigloxx\/wp-json\/wp\/v2\/media?parent=62"}],"curies":[{"name":"wp","href":"https:\/\/api.w.org\/{rel}","templated":true}]}}