{"id":69,"date":"2012-01-18T16:15:42","date_gmt":"2012-01-18T16:15:42","guid":{"rendered":"https:\/\/blogs.ua.es\/emigracionespanyasigloxx\/?page_id=69"},"modified":"2012-01-18T16:15:42","modified_gmt":"2012-01-18T16:15:42","slug":"metodologia","status":"publish","type":"page","link":"https:\/\/blogs.ua.es\/emigracionespanyasigloxx\/metodologia\/","title":{"rendered":"Metodolog\u00eda"},"content":{"rendered":"<p style=\"text-align: justify\">Nuestra forma de trabajar este blog ha sido con un trabajo repartido y con alguna que otra sesi\u00f3n para poner puntos en com\u00fan sobre que y de que manera buscarlo, por esa raz\u00f3n la comunicaci\u00f3n entre los compa\u00f1eros ha sido importante.<\/p>\n<p style=\"text-align: justify\">Otro de los aspectos importantes de cara a realizar el blog son los lugares en los que buscar la informaci\u00f3n, nosotros hemos encontrado la\u00a0mayor\u00eda\u00a0de la informaci\u00f3n en la red pero claro esta como sucede en estos casos hemos tenido que leer y constatar la informaci\u00f3n hallada y observar con lupa el contenido de la misma.<\/p>\n<p style=\"text-align: justify\">Uno de los problemas que se nos plante\u00f3 a la hora de realizar el blog era con nuestro tema ya que la emigraci\u00f3n en Espa\u00f1a durante la segunda mitad del siglo XX teniamos que decidir si ah\u00ed entraban los movimientos migratorios dentro del pa\u00eds.<\/p>\n","protected":false},"excerpt":{"rendered":"<p>Nuestra forma de trabajar este blog ha sido con un trabajo repartido y con alguna que otra sesi\u00f3n para poner puntos en com\u00fan sobre que y de que manera buscarlo, por esa raz\u00f3n la comunicaci\u00f3n entre los compa\u00f1eros ha sido importante. Otro de los aspectos importantes de cara a realizar el blog son los lugares [&hellip;]<\/p>\n","protected":false},"author":2512,"featured_media":0,"parent":0,"menu_order":0,"comment_status":"open","ping_status":"open","template":"","meta":{"footnotes":""},"class_list":["post-69","page","type-page","status-publish","hentry"],"_links":{"self":[{"href":"https:\/\/blogs.ua.es\/emigracionespanyasigloxx\/wp-json\/wp\/v2\/pages\/69","targetHints":{"allow":["GET"]}}],"collection":[{"href":"https:\/\/blogs.ua.es\/emigracionespanyasigloxx\/wp-json\/wp\/v2\/pages"}],"about":[{"href":"https:\/\/blogs.ua.es\/emigracionespanyasigloxx\/wp-json\/wp\/v2\/types\/page"}],"author":[{"embeddable":true,"href":"https:\/\/blogs.ua.es\/emigracionespanyasigloxx\/wp-json\/wp\/v2\/users\/2512"}],"replies":[{"embeddable":true,"href":"https:\/\/blogs.ua.es\/emigracionespanyasigloxx\/wp-json\/wp\/v2\/comments?post=69"}],"version-history":[{"count":1,"href":"https:\/\/blogs.ua.es\/emigracionespanyasigloxx\/wp-json\/wp\/v2\/pages\/69\/revisions"}],"predecessor-version":[{"id":70,"href":"https:\/\/blogs.ua.es\/emigracionespanyasigloxx\/wp-json\/wp\/v2\/pages\/69\/revisions\/70"}],"wp:attachment":[{"href":"https:\/\/blogs.ua.es\/emigracionespanyasigloxx\/wp-json\/wp\/v2\/media?parent=69"}],"curies":[{"name":"wp","href":"https:\/\/api.w.org\/{rel}","templated":true}]}}