{"id":10,"date":"2012-12-07T09:26:03","date_gmt":"2012-12-07T09:26:03","guid":{"rendered":"https:\/\/blogs.ua.es\/enriquellobregat\/?page_id=10"},"modified":"2013-01-25T16:11:37","modified_gmt":"2013-01-25T16:11:37","slug":"presentacion","status":"publish","type":"page","link":"https:\/\/blogs.ua.es\/enriquellobregat\/presentacion\/","title":{"rendered":"Presentaci\u00f3n"},"content":{"rendered":"<p style=\"text-align: justify\">Hola, somos <strong>Natalia Garis Puerto<\/strong> y <strong>Palmira Colomar Esteban<\/strong>, alumnas de primero de grado en Historia de la Universidad de Alicante. Nos encontramos en la asignatura de Fuentes y Documentos para la Historia donde procederemos a la realizaci\u00f3n de un blog. \u00c9ste tratar\u00e1 sobre Enrique Llobregat Conesa, considerado como el padre de la arqueolog\u00eda moderna alicantina.<\/p>\n<p style=\"text-align: justify\"><a href=\"https:\/\/blogs.ua.es\/enriquellobregat\/files\/2012\/12\/logo-ua.png\"><img loading=\"lazy\" decoding=\"async\" class=\"alignleft size-full wp-image-13\" src=\"https:\/\/blogs.ua.es\/enriquellobregat\/files\/2012\/12\/logo-ua.png\" alt=\"Logo de la Universidad de Alicante\" width=\"263\" height=\"45\" \/><\/a><\/p>\n<p style=\"text-align: justify\">\n<p style=\"text-align: justify\">\n<p style=\"text-align: justify\">\n","protected":false},"excerpt":{"rendered":"<p>Hola, somos Natalia Garis Puerto y Palmira Colomar Esteban, alumnas de primero de grado en Historia de la Universidad de Alicante. Nos encontramos en la asignatura de Fuentes y Documentos para la Historia donde procederemos a la realizaci\u00f3n de un &hellip; <a href=\"https:\/\/blogs.ua.es\/enriquellobregat\/presentacion\/\">Continue reading <span class=\"meta-nav\">&rarr;<\/span><\/a><\/p>\n","protected":false},"author":2949,"featured_media":0,"parent":0,"menu_order":1,"comment_status":"open","ping_status":"open","template":"","meta":{"footnotes":""},"class_list":["post-10","page","type-page","status-publish","hentry"],"_links":{"self":[{"href":"https:\/\/blogs.ua.es\/enriquellobregat\/wp-json\/wp\/v2\/pages\/10","targetHints":{"allow":["GET"]}}],"collection":[{"href":"https:\/\/blogs.ua.es\/enriquellobregat\/wp-json\/wp\/v2\/pages"}],"about":[{"href":"https:\/\/blogs.ua.es\/enriquellobregat\/wp-json\/wp\/v2\/types\/page"}],"author":[{"embeddable":true,"href":"https:\/\/blogs.ua.es\/enriquellobregat\/wp-json\/wp\/v2\/users\/2949"}],"replies":[{"embeddable":true,"href":"https:\/\/blogs.ua.es\/enriquellobregat\/wp-json\/wp\/v2\/comments?post=10"}],"version-history":[{"count":14,"href":"https:\/\/blogs.ua.es\/enriquellobregat\/wp-json\/wp\/v2\/pages\/10\/revisions"}],"predecessor-version":[{"id":199,"href":"https:\/\/blogs.ua.es\/enriquellobregat\/wp-json\/wp\/v2\/pages\/10\/revisions\/199"}],"wp:attachment":[{"href":"https:\/\/blogs.ua.es\/enriquellobregat\/wp-json\/wp\/v2\/media?parent=10"}],"curies":[{"name":"wp","href":"https:\/\/api.w.org\/{rel}","templated":true}]}}