{"id":178,"date":"2013-01-25T13:26:06","date_gmt":"2013-01-25T13:26:06","guid":{"rendered":"https:\/\/blogs.ua.es\/enriquellobregat\/?page_id=178"},"modified":"2013-01-25T16:00:48","modified_gmt":"2013-01-25T16:00:48","slug":"metodologia","status":"publish","type":"page","link":"https:\/\/blogs.ua.es\/enriquellobregat\/metodologia\/","title":{"rendered":"Metodolog\u00eda"},"content":{"rendered":"<p style=\"text-align: justify\">En esta p\u00e1gina, aclararemos c\u00f3mo hemos realizado el trabajo y los pasos que hemos seguido para la publicaci\u00f3n de las entradas expuestas.<\/p>\n<p style=\"text-align: justify\">En primer lugar, nos reunimos y consultamos mediante internet las obras de Enrique Llobregat que se encontraban en la <strong>Universidad de Alicante<\/strong>. Aqu\u00ed encontramos un buen n\u00famero de obras que nos ayudaron en la elaboraci\u00f3n de las primeras entradas.<\/p>\n<p style=\"text-align: justify\">Posteriormente, nos volvimos a reunir y visitamos el <strong>Archivo de la Diputaci\u00f3n de Alicante<\/strong>, d\u00f3nde consultamos unas pocas obras y qui\u00e9nes nos facilitaron las im\u00e1genes de las portadas de <em>La Festa d&#8217;Elx<\/em> y <em>Joanet i el cavaller somiat.<\/em><\/p>\n<p style=\"text-align: justify\">Despu\u00e9s, visitamos la biblioteca del <strong>Museo Arqueol\u00f3gico de Alicante (MARQ)<\/strong>, seguras de que encontrar\u00edamos mucha informaci\u00f3n, ya que \u00e9sta dispon\u00eda del Fondo Llobregat. Fue aqu\u00ed donde encontramos muchas de las obras que aparecen en este blog, adem\u00e1s conocimos a la que fue alumna de Enrique Llobregat en la Universidad de Alicante y qui\u00e9n nos proporcion\u00f3 una lista con todas las obras disponibles de nuestro autor.<\/p>\n<p style=\"text-align: justify\">Tambi\u00e9n, hay una entrada elaborada del <strong>Repositorio de la Universidad de Alicante (RUA)<\/strong>, d\u00f3nde hay algunos art\u00edculos de nuestro autor.<\/p>\n<p style=\"text-align: justify\">Con las obras, recogimos la bibliograf\u00eda, hicimos un peque\u00f1o resumen de su contenido, y con las pertinentes correciones elaboramos nuestras entradas siguiendo de modelo para la bibliograf\u00eda la NORMA ISO 690:2010 y haciendo un breve comentario sobre la obra.<\/p>\n","protected":false},"excerpt":{"rendered":"<p>En esta p\u00e1gina, aclararemos c\u00f3mo hemos realizado el trabajo y los pasos que hemos seguido para la publicaci\u00f3n de las entradas expuestas. En primer lugar, nos reunimos y consultamos mediante internet las obras de Enrique Llobregat que se encontraban en &hellip; <a href=\"https:\/\/blogs.ua.es\/enriquellobregat\/metodologia\/\">Continue reading <span class=\"meta-nav\">&rarr;<\/span><\/a><\/p>\n","protected":false},"author":2949,"featured_media":0,"parent":0,"menu_order":4,"comment_status":"open","ping_status":"open","template":"","meta":{"footnotes":""},"class_list":["post-178","page","type-page","status-publish","hentry"],"_links":{"self":[{"href":"https:\/\/blogs.ua.es\/enriquellobregat\/wp-json\/wp\/v2\/pages\/178","targetHints":{"allow":["GET"]}}],"collection":[{"href":"https:\/\/blogs.ua.es\/enriquellobregat\/wp-json\/wp\/v2\/pages"}],"about":[{"href":"https:\/\/blogs.ua.es\/enriquellobregat\/wp-json\/wp\/v2\/types\/page"}],"author":[{"embeddable":true,"href":"https:\/\/blogs.ua.es\/enriquellobregat\/wp-json\/wp\/v2\/users\/2949"}],"replies":[{"embeddable":true,"href":"https:\/\/blogs.ua.es\/enriquellobregat\/wp-json\/wp\/v2\/comments?post=178"}],"version-history":[{"count":2,"href":"https:\/\/blogs.ua.es\/enriquellobregat\/wp-json\/wp\/v2\/pages\/178\/revisions"}],"predecessor-version":[{"id":195,"href":"https:\/\/blogs.ua.es\/enriquellobregat\/wp-json\/wp\/v2\/pages\/178\/revisions\/195"}],"wp:attachment":[{"href":"https:\/\/blogs.ua.es\/enriquellobregat\/wp-json\/wp\/v2\/media?parent=178"}],"curies":[{"name":"wp","href":"https:\/\/api.w.org\/{rel}","templated":true}]}}