{"id":180,"date":"2013-01-25T13:32:00","date_gmt":"2013-01-25T13:32:00","guid":{"rendered":"https:\/\/blogs.ua.es\/enriquellobregat\/?page_id=180"},"modified":"2013-01-27T15:21:33","modified_gmt":"2013-01-27T15:21:33","slug":"valoracion","status":"publish","type":"page","link":"https:\/\/blogs.ua.es\/enriquellobregat\/valoracion\/","title":{"rendered":"Valoraci\u00f3n"},"content":{"rendered":"<p style=\"text-align: justify\">En cuanto a la valoraci\u00f3n de los recursos encontrados, podemos se\u00f1alar que nos ha sido relativamente f\u00e1cil encontrar y conseguir las obras de este autor, ya que Enrique Llobregat fue un personaje muy importante en la provincia, siendo el director del Museo de Arqueolog\u00eda de Alicante durante muchos a\u00f1os.<\/p>\n<p style=\"text-align: justify\">Con la investigaci\u00f3n de sus obras, hemos podido determinar que nuestro autor fue una persona muy influyente en el \u00e1mbito de la Historia y la Arqueolog\u00eda, debido a su gran aporte en estos dos campos.<\/p>\n<p style=\"text-align: justify\">Queremos agradecer en esta p\u00e1gina la ayuda del personal del Archivo de la Diputaci\u00f3n de Alicante y del MARQ, quienes se ofrecieron para ayudarnos en la b\u00fasqueda. Como tambi\u00e9n a nuestro profesor que nos ha aclarado todas las dudas aparecidas durante la preparaci\u00f3n del trabajo.<\/p>\n<p style=\"text-align: justify\">Para concluir esta p\u00e1gina, queremos a\u00f1adir que esperamos que la consulta de nuestro blog sea \u00fatil y un buen punto de partida para el investigador que quiera adentrarse en las obras y colaboraciones m\u00e1s importantes de Enrique Llobregat.<\/p>\n","protected":false},"excerpt":{"rendered":"<p>En cuanto a la valoraci\u00f3n de los recursos encontrados, podemos se\u00f1alar que nos ha sido relativamente f\u00e1cil encontrar y conseguir las obras de este autor, ya que Enrique Llobregat fue un personaje muy importante en la provincia, siendo el director &hellip; <a href=\"https:\/\/blogs.ua.es\/enriquellobregat\/valoracion\/\">Continue reading <span class=\"meta-nav\">&rarr;<\/span><\/a><\/p>\n","protected":false},"author":2949,"featured_media":0,"parent":0,"menu_order":5,"comment_status":"open","ping_status":"open","template":"","meta":{"footnotes":""},"class_list":["post-180","page","type-page","status-publish","hentry"],"_links":{"self":[{"href":"https:\/\/blogs.ua.es\/enriquellobregat\/wp-json\/wp\/v2\/pages\/180","targetHints":{"allow":["GET"]}}],"collection":[{"href":"https:\/\/blogs.ua.es\/enriquellobregat\/wp-json\/wp\/v2\/pages"}],"about":[{"href":"https:\/\/blogs.ua.es\/enriquellobregat\/wp-json\/wp\/v2\/types\/page"}],"author":[{"embeddable":true,"href":"https:\/\/blogs.ua.es\/enriquellobregat\/wp-json\/wp\/v2\/users\/2949"}],"replies":[{"embeddable":true,"href":"https:\/\/blogs.ua.es\/enriquellobregat\/wp-json\/wp\/v2\/comments?post=180"}],"version-history":[{"count":13,"href":"https:\/\/blogs.ua.es\/enriquellobregat\/wp-json\/wp\/v2\/pages\/180\/revisions"}],"predecessor-version":[{"id":214,"href":"https:\/\/blogs.ua.es\/enriquellobregat\/wp-json\/wp\/v2\/pages\/180\/revisions\/214"}],"wp:attachment":[{"href":"https:\/\/blogs.ua.es\/enriquellobregat\/wp-json\/wp\/v2\/media?parent=180"}],"curies":[{"name":"wp","href":"https:\/\/api.w.org\/{rel}","templated":true}]}}