{"id":182,"date":"2013-01-25T13:32:23","date_gmt":"2013-01-25T13:32:23","guid":{"rendered":"https:\/\/blogs.ua.es\/enriquellobregat\/?page_id=182"},"modified":"2013-01-26T12:18:27","modified_gmt":"2013-01-26T12:18:27","slug":"fuentes","status":"publish","type":"page","link":"https:\/\/blogs.ua.es\/enriquellobregat\/fuentes\/","title":{"rendered":"Fuentes"},"content":{"rendered":"<p style=\"text-align: justify\">En cuanto a las fuentes o recursos consultados, destaca la utilizaci\u00f3n en la mayor\u00eda de las entradas de fuentes textuales y del soporte papel. Las categor\u00edas de fuentes responden a libros, cap\u00edtulos de libros y art\u00edculos de revistas.<\/p>\n<p style=\"text-align: justify\">Para obtener los recursos utilizamos la b\u00fasqueda avanzada del cat\u00e1logo de la biblioteca de la Universidad de Alicante, la base de datos del Archivo de la Diputaci\u00f3n de Alicante y un listado de recursos que nos ofrecieron en la biblioteca del Museo Arqueol\u00f3gico de Alicante. Tambi\u00e9n utilizamos la b\u00fasqueda avanzada del Repositorio de la Universidad de Alicante.<\/p>\n<p style=\"text-align: justify\">En la base de datos del Archivo de la Diputaci\u00f3n nos encontramos que la mayor\u00eda de obras de nuestro autor se encontraban en el Museo Arqueol\u00f3gico de Alicante, y fue aqu\u00ed d\u00f3nde encontramos la mayor\u00eda del material utilizado en las entradas del blog.<\/p>\n","protected":false},"excerpt":{"rendered":"<p>En cuanto a las fuentes o recursos consultados, destaca la utilizaci\u00f3n en la mayor\u00eda de las entradas de fuentes textuales y del soporte papel. Las categor\u00edas de fuentes responden a libros, cap\u00edtulos de libros y art\u00edculos de revistas. Para obtener &hellip; <a href=\"https:\/\/blogs.ua.es\/enriquellobregat\/fuentes\/\">Continue reading <span class=\"meta-nav\">&rarr;<\/span><\/a><\/p>\n","protected":false},"author":2949,"featured_media":0,"parent":0,"menu_order":3,"comment_status":"open","ping_status":"open","template":"","meta":{"footnotes":""},"class_list":["post-182","page","type-page","status-publish","hentry"],"_links":{"self":[{"href":"https:\/\/blogs.ua.es\/enriquellobregat\/wp-json\/wp\/v2\/pages\/182","targetHints":{"allow":["GET"]}}],"collection":[{"href":"https:\/\/blogs.ua.es\/enriquellobregat\/wp-json\/wp\/v2\/pages"}],"about":[{"href":"https:\/\/blogs.ua.es\/enriquellobregat\/wp-json\/wp\/v2\/types\/page"}],"author":[{"embeddable":true,"href":"https:\/\/blogs.ua.es\/enriquellobregat\/wp-json\/wp\/v2\/users\/2949"}],"replies":[{"embeddable":true,"href":"https:\/\/blogs.ua.es\/enriquellobregat\/wp-json\/wp\/v2\/comments?post=182"}],"version-history":[{"count":7,"href":"https:\/\/blogs.ua.es\/enriquellobregat\/wp-json\/wp\/v2\/pages\/182\/revisions"}],"predecessor-version":[{"id":201,"href":"https:\/\/blogs.ua.es\/enriquellobregat\/wp-json\/wp\/v2\/pages\/182\/revisions\/201"}],"wp:attachment":[{"href":"https:\/\/blogs.ua.es\/enriquellobregat\/wp-json\/wp\/v2\/media?parent=182"}],"curies":[{"name":"wp","href":"https:\/\/api.w.org\/{rel}","templated":true}]}}