{"id":100,"date":"2012-12-09T23:22:21","date_gmt":"2012-12-09T22:22:21","guid":{"rendered":"https:\/\/blogs.ua.es\/epidemiasalicante\/?page_id=100"},"modified":"2013-01-28T20:11:44","modified_gmt":"2013-01-28T19:11:44","slug":"metodologia","status":"publish","type":"page","link":"https:\/\/blogs.ua.es\/epidemiasalicante\/metodologia\/","title":{"rendered":"Metodolog\u00eda"},"content":{"rendered":"<p style=\"text-align: justify\">La metodolog\u00eda que he utilizado ha sido poniendo en pr\u00e1ctica aquellos conocimientos adquiridos en la asignatura durante el curso. A trav\u00e9s de las estrategias de busqueda en los diferentes y numerosos canales que encontramos a trav\u00e9s de las nuevas tecnolog\u00edas. Internet es una herramienta fundamental a la hora de desarrollar trabajos de este tipo porque sin moverte del escritorio se puede acceder de infinidad de bibliograf\u00eda, bien sean libros, revistas, im\u00e1genes, videos e incluso archivos sonoros. Cada vez m\u00e1s son los archivos que est\u00e1n digitalizando documentos anteriores a la era de la inform\u00e1tica cuando todo eran manuscritos o libros impresos y no cabia la posibilidad de conocer sus contenidos digitalizados. Afortunadamente hoy por hoy ya podemos contar con una amplia informaci\u00f3n en soporte inform\u00e1tico y de todas las materias que tengamos la necesidad de obtener informaci\u00f3n.<\/p>\n<p style=\"text-align: justify\">Una vez conseguida esa informaci\u00f3n es importante dejar constancia de donde ha sido extraida o consultada la informaci\u00f3n que hemos utilizado, para ello se ha implantado una serie de normas recogidas en <strong>ISO 690-2010<\/strong> que contemplan como se deben de llevar a cabo las citas de las referencias bibliogr\u00e1ficas utilizadas.<\/p>\n","protected":false},"excerpt":{"rendered":"<p>La metodolog\u00eda que he utilizado ha sido poniendo en pr\u00e1ctica aquellos conocimientos adquiridos en la asignatura durante el curso. A trav\u00e9s de las estrategias de busqueda en los diferentes y numerosos canales que encontramos a trav\u00e9s de las nuevas tecnolog\u00edas. Internet es una herramienta fundamental a la hora de desarrollar trabajos de este tipo porque [&hellip;]<\/p>\n","protected":false},"author":2977,"featured_media":0,"parent":0,"menu_order":3,"comment_status":"open","ping_status":"open","template":"","meta":{"footnotes":""},"class_list":["post-100","page","type-page","status-publish","hentry"],"_links":{"self":[{"href":"https:\/\/blogs.ua.es\/epidemiasalicante\/wp-json\/wp\/v2\/pages\/100","targetHints":{"allow":["GET"]}}],"collection":[{"href":"https:\/\/blogs.ua.es\/epidemiasalicante\/wp-json\/wp\/v2\/pages"}],"about":[{"href":"https:\/\/blogs.ua.es\/epidemiasalicante\/wp-json\/wp\/v2\/types\/page"}],"author":[{"embeddable":true,"href":"https:\/\/blogs.ua.es\/epidemiasalicante\/wp-json\/wp\/v2\/users\/2977"}],"replies":[{"embeddable":true,"href":"https:\/\/blogs.ua.es\/epidemiasalicante\/wp-json\/wp\/v2\/comments?post=100"}],"version-history":[{"count":5,"href":"https:\/\/blogs.ua.es\/epidemiasalicante\/wp-json\/wp\/v2\/pages\/100\/revisions"}],"predecessor-version":[{"id":245,"href":"https:\/\/blogs.ua.es\/epidemiasalicante\/wp-json\/wp\/v2\/pages\/100\/revisions\/245"}],"wp:attachment":[{"href":"https:\/\/blogs.ua.es\/epidemiasalicante\/wp-json\/wp\/v2\/media?parent=100"}],"curies":[{"name":"wp","href":"https:\/\/api.w.org\/{rel}","templated":true}]}}