{"id":102,"date":"2012-12-09T23:24:11","date_gmt":"2012-12-09T22:24:11","guid":{"rendered":"https:\/\/blogs.ua.es\/epidemiasalicante\/?page_id=102"},"modified":"2013-01-28T22:07:18","modified_gmt":"2013-01-28T21:07:18","slug":"recursos-bibliograficoselectronicos","status":"publish","type":"page","link":"https:\/\/blogs.ua.es\/epidemiasalicante\/recursos-bibliograficoselectronicos\/","title":{"rendered":"Fuentes"},"content":{"rendered":"<p>Las fuentes que aparecen en el blog no son todas aquellas que he conseguido consultar sino aquellas que he considerado interesantes a aportar en referencia a tema del trabajo.<\/p>\n<p>A continuaci\u00f3n citar\u00e9 algunas de las p\u00e1ginas de busqueda que he utilizado, no siempre con los resultados deseados.<\/p>\n<p><strong>google acad\u00e9mico <\/strong><a href=\"http:\/\/scholar.google.es\/\">http:\/\/scholar.google.es\/<\/a>, Google Acad\u00e9mico te permite buscar bibliograf\u00eda especializada de una manera sencilla. Desde un solo sitio se pueden realizar b\u00fasquedas en un gran n\u00famero disciplinas y fuentes como, por ejemplo, estudios revisados por especialistas, tesis, libros, res\u00famenes y art\u00edculos de fuentes como editoriales acad\u00e9micas, sociedades profesionales, dep\u00f3sitos de impresiones preliminares, universidades y otras organizaciones acad\u00e9micas. Google Acad\u00e9mico te ayuda a encontrar el material m\u00e1s relevante dentro del mundo de la investigaci\u00f3n acad\u00e9mica. Ordena los resultados de tu b\u00fasqueda por orden de relevancia As\u00ed, al igual que sucede con las b\u00fasquedas web en Google, las referencias m\u00e1s \u00fatiles aparecer\u00e1n al inicio de la p\u00e1gina. La tecnolog\u00eda de ranking de Google toma en consideraci\u00f3n el texto completo de cada art\u00edculo, as\u00ed como el autor, d\u00f3nde fue publicado y con qu\u00e9 asiduidad ha sido citado en otras fuentes especializadas.<\/p>\n<p>Permite: <strong>Buscar<\/strong> en diversas fuentes desde un solo sitio<strong> Encontrar<\/strong> documentos acad\u00e9micos, res\u00famenes y citas<strong> Localizar<\/strong> documentos acad\u00e9micos completos a trav\u00e9s de tu biblioteca o en la red<strong> Obtener informaci\u00f3n<\/strong> acerca de documentos acad\u00e9micos clave en un campo de investigaci\u00f3n.<\/p>\n<p>&nbsp;<\/p>\n<p><strong>google libros <\/strong><a href=\"http:\/\/www.books.google.es\/\"><cite>books.google.es\/<\/cite><\/a>,\u00a0<span>La B\u00fasqueda de libros de Google funciona igual que una b\u00fasqueda web.\u00a0<span>Si el libro est\u00e1 descatalogado o si el editor ha dado permiso, podr\u00e1 ver una vista preliminar del libro y, en algunos casos, el texto completo. Si es de dominio p\u00fablico, se podr\u00e1 descargar una copia en PDF.\u00a0 <span>Se han creado p\u00e1ginas de referencia para cada libro para que pueda encontrar r\u00e1pidamente todo tipo de informaci\u00f3n relevante: cr\u00edticas, referencias web, mapas, y mucho m\u00e1s.<span> Si se encuentra el libro que se busca, se hace clic en los enlaces &#8220;Comprar este libro&#8221; y &#8220;Tomar prestado este libro&#8221; para ver d\u00f3nde se puede comprar o tomarlo prestado.<\/span>\u00a0<span>Actualmente, conectamos a los lectores con los libros de dos formas: el redirigiendo al vendedores asociados y el<\/span><\/span><\/span><\/span> direccionamiento a bibliotecas.<\/p>\n<p>&nbsp;<\/p>\n<p><strong>Consejo Superior de Investigaciones Cient\u00edficas-CSIC <\/strong><a href=\"http:\/\/www.csic.es\/\">www.csic.es\/<\/a>, a trav\u00e9s de su p\u00e1gina web se puede acceder a la <strong>Biblioteca Virtual del CSIC<\/strong> La biblioteca virtual es el punto \u00fanico de acceso a los recursos electr\u00f3nicos del CSIC (bases de datos, revistas y libros electr\u00f3nicos, portales, cat\u00e1logos, etc.)<strong> Cat\u00e1logo Bibliogr\u00e1fico<\/strong> Se trata de uno de los mayores cat\u00e1logos colectivos automatizados de Espa\u00f1a. El cat\u00e1logo incluye todas las monograf\u00edas y revistas que albergan las bibliotecas de la red, as\u00ed como un creciente n\u00famero de mapas, archivos, autoridades bibliogr\u00e1ficas y revistas electr\u00f3nicas.<strong>Todas las bibliotecas del CSIC<\/strong> El CSIC cuenta con 78 bibliotecas especializadas ubicadas en sus centros e institutos de investigaci\u00f3n.<strong> Servicios de la Red de Bibliotecas<\/strong> La Red de Bibliotecas y Archivos del CSIC ofrece servicios de acceso a recursos de informaci\u00f3n electr\u00f3nica y servicios de la biblioteca a disposici\u00f3n de los usuarios.<strong> Archivos del CSIC<\/strong>El usuario puede acceder a los registros que describen cada uno de los documentos y en muchos casos visualizar el documento a texto completo.<\/p>\n<p>Adem\u00e1s de acceso a la edici\u00f3n electr\u00f3nica de acceso abierto de las 34 revistas cient\u00edficas publicadas por el CSIC, entre otras cosas.<\/p>\n<p>&nbsp;<\/p>\n<p><strong>Dialnet<\/strong> <a href=\"http:\/\/dialnet.unirioja.es\/\">http:\/\/dialnet.unirioja.es\/<\/a> se construye en un amplio y activo marco de cooperaci\u00f3n bibliotecaria. Es una cooperaci\u00f3n abierta que apuesta por crear productos y servicios electr\u00f3nicos que satisfagan de la mejor manera posible las necesidades de los usuarios.<\/p>\n<p>El Proyecto se inici\u00f3 en el a\u00f1o 2001 en la Universidad de La Rioja, y en estos momentos participan unas 15\u00a0 Instituciones y Bibliotecas Especializadas.<\/p>\n<p>Permite: Buscar documentos, tesis doctorales, revistas. Adem\u00e1s te da acceso al cat\u00e1logo de Bibliotecas P\u00fablicas y a conocer los libros publicados recientemente.<\/p>\n<p><a href=\"http:\/\/vimeo.com\/\">http:\/\/vimeo.com\/ <\/a>, El lugar donde encontrar el video que quiz\u00e1s estes buscando para el trabajo.<\/p>\n<div><em><strong>Otras p\u00e1ginas en las que he buscado<\/strong><\/em>:<a href=\"http:\/\/gaudi.ua.es\/\">http:\/\/gaudi.ua.es\/<\/a> , (Universidad de Alicante), <a href=\"http:\/\/www.recolecta.net\/buscador\/\">http:\/\/www.recolecta.net\/buscador\/ <\/a>(Recolector de Ciencia Abierta), <a href=\"http:\/\/bv2.gva.es\/\">http:\/\/bv2.gva.es\/<\/a> (Biblioteca Valenciana Digital),<a href=\"http:\/\/pares.mcu.es\/\">http:\/\/pares.mcu.es\/ <\/a>(Portal de Archivos Espa\u00f1oles) <a href=\"http:\/\/pares.mcu.es\/\">http:\/\/xlpv.cult.gva.es\/<\/a> (Red electr\u00f3nica de lectura p\u00fablica valenciana), <a href=\"http:\/\/www.cervantesvirtual.com\/\"><cite>www.cervantesvirtual.com\/<\/cite><\/a> (Biblioteca Nacional, Biblioteca Virtual Miguel de\u00a0 Cervantes),<a href=\"http:\/\/www.mcu.es\/bibliotecas\/index.html\">\u00a0http:\/\/www.mcu.es\/bibliotecas\/index.html <\/a>(Biblioteca del Ministerio de Cultura), <a href=\"http:\/\/www.cbuc.cat\/\">http:\/\/www.cbuc.cat\/<\/a> (Consorci de Biblioteques Universit\u00e0ries de Catalunya) , <a href=\"http:\/\/www.raco.cat\/index.php\/raco\">http:\/\/www.raco.cat\/index.php\/raco<\/a> (<span style=\"font-family: arial,sans-serif\">Revistes Catalanes amb Acc\u00e9s Obert<\/span>),\u00a0<a href=\"http:\/\/ccuc.cbuc.cat\/\">http:\/\/ccuc.cbuc.cat\/<\/a> (<span>Cat\u00e0leg Col\u00b7lectiu de les Universitats de Catalunya<\/span>)<\/div>\n<p>&nbsp;<\/p>\n<p>&nbsp;<\/p>\n<p>&nbsp;<\/p>\n","protected":false},"excerpt":{"rendered":"<p>Las fuentes que aparecen en el blog no son todas aquellas que he conseguido consultar sino aquellas que he considerado interesantes a aportar en referencia a tema del trabajo. A continuaci\u00f3n citar\u00e9 algunas de las p\u00e1ginas de busqueda que he utilizado, no siempre con los resultados deseados. google acad\u00e9mico http:\/\/scholar.google.es\/, Google Acad\u00e9mico te permite buscar [&hellip;]<\/p>\n","protected":false},"author":2977,"featured_media":0,"parent":0,"menu_order":4,"comment_status":"open","ping_status":"open","template":"","meta":{"footnotes":""},"class_list":["post-102","page","type-page","status-publish","hentry"],"_links":{"self":[{"href":"https:\/\/blogs.ua.es\/epidemiasalicante\/wp-json\/wp\/v2\/pages\/102","targetHints":{"allow":["GET"]}}],"collection":[{"href":"https:\/\/blogs.ua.es\/epidemiasalicante\/wp-json\/wp\/v2\/pages"}],"about":[{"href":"https:\/\/blogs.ua.es\/epidemiasalicante\/wp-json\/wp\/v2\/types\/page"}],"author":[{"embeddable":true,"href":"https:\/\/blogs.ua.es\/epidemiasalicante\/wp-json\/wp\/v2\/users\/2977"}],"replies":[{"embeddable":true,"href":"https:\/\/blogs.ua.es\/epidemiasalicante\/wp-json\/wp\/v2\/comments?post=102"}],"version-history":[{"count":19,"href":"https:\/\/blogs.ua.es\/epidemiasalicante\/wp-json\/wp\/v2\/pages\/102\/revisions"}],"predecessor-version":[{"id":145,"href":"https:\/\/blogs.ua.es\/epidemiasalicante\/wp-json\/wp\/v2\/pages\/102\/revisions\/145"}],"wp:attachment":[{"href":"https:\/\/blogs.ua.es\/epidemiasalicante\/wp-json\/wp\/v2\/media?parent=102"}],"curies":[{"name":"wp","href":"https:\/\/api.w.org\/{rel}","templated":true}]}}