{"id":103,"date":"2012-12-09T23:23:43","date_gmt":"2012-12-09T22:23:43","guid":{"rendered":"https:\/\/blogs.ua.es\/epidemiasalicante\/?page_id=103"},"modified":"2013-01-28T21:59:11","modified_gmt":"2013-01-28T20:59:11","slug":"opinion-sobre-los-recursos","status":"publish","type":"page","link":"https:\/\/blogs.ua.es\/epidemiasalicante\/opinion-sobre-los-recursos\/","title":{"rendered":"Valoraci\u00f3n"},"content":{"rendered":"<p style=\"text-align: justify\">Sobre la valoraci\u00f3n de las fuentes utilizadas he de decir que me ha servido para conocer el alcance que puede tener en la b\u00fasqueda de cualquier tema, bien sea a nivel investigaci\u00f3n hist\u00f3rica, antropol\u00f3gica, sociol\u00f3gica, demogr\u00e1fica, etc&#8230; siempre vas a encontrar material interesante para el trabajo o bien para el estudio de cualquier materia.<\/p>\n<p style=\"text-align: justify\">He de destacar, que me ha servido para adentrarme dentro del mundo de la busqueda activa de informaci\u00f3n y me ha hecho recorrer los m\u00e1s desconocidos caminos laber\u00ednticos que hay dentro de este mundo tecnol\u00f3gico que conocemos como internet. Por otra parte dir\u00e9 que en mi trabajo tan espec\u00edfico y centrado en tan solo la provincia de Alicante me ha resultado un poco complicado el encontrar informaci\u00f3n v\u00e1ilida para el tema concreto de <em>Epidemias y Salud P\u00fablica en el Alicante del siglo XIX<\/em>, he de reconocer que ha sido como matar moscas a ca\u00f1onazos, es decir mucha herramienta para un tema tan acotado. Pero Siempre hay que mirar desde el punto de vista m\u00e1s positivo y la verdad que lo he encontrado muy positiva la experiencia de hacer un blog para poner en marcha la maquinaria del conocimiento. Muchas gracias a los profesores Mercedes y Antonio.<\/p>\n<p>&nbsp;<\/p>\n","protected":false},"excerpt":{"rendered":"<p>Sobre la valoraci\u00f3n de las fuentes utilizadas he de decir que me ha servido para conocer el alcance que puede tener en la b\u00fasqueda de cualquier tema, bien sea a nivel investigaci\u00f3n hist\u00f3rica, antropol\u00f3gica, sociol\u00f3gica, demogr\u00e1fica, etc&#8230; siempre vas a encontrar material interesante para el trabajo o bien para el estudio de cualquier materia. He [&hellip;]<\/p>\n","protected":false},"author":2977,"featured_media":0,"parent":0,"menu_order":5,"comment_status":"open","ping_status":"open","template":"","meta":{"footnotes":""},"class_list":["post-103","page","type-page","status-publish","hentry"],"_links":{"self":[{"href":"https:\/\/blogs.ua.es\/epidemiasalicante\/wp-json\/wp\/v2\/pages\/103","targetHints":{"allow":["GET"]}}],"collection":[{"href":"https:\/\/blogs.ua.es\/epidemiasalicante\/wp-json\/wp\/v2\/pages"}],"about":[{"href":"https:\/\/blogs.ua.es\/epidemiasalicante\/wp-json\/wp\/v2\/types\/page"}],"author":[{"embeddable":true,"href":"https:\/\/blogs.ua.es\/epidemiasalicante\/wp-json\/wp\/v2\/users\/2977"}],"replies":[{"embeddable":true,"href":"https:\/\/blogs.ua.es\/epidemiasalicante\/wp-json\/wp\/v2\/comments?post=103"}],"version-history":[{"count":6,"href":"https:\/\/blogs.ua.es\/epidemiasalicante\/wp-json\/wp\/v2\/pages\/103\/revisions"}],"predecessor-version":[{"id":250,"href":"https:\/\/blogs.ua.es\/epidemiasalicante\/wp-json\/wp\/v2\/pages\/103\/revisions\/250"}],"wp:attachment":[{"href":"https:\/\/blogs.ua.es\/epidemiasalicante\/wp-json\/wp\/v2\/media?parent=103"}],"curies":[{"name":"wp","href":"https:\/\/api.w.org\/{rel}","templated":true}]}}