{"id":94,"date":"2012-12-09T22:53:28","date_gmt":"2012-12-09T21:53:28","guid":{"rendered":"https:\/\/blogs.ua.es\/epidemiasalicante\/?page_id=94"},"modified":"2013-01-28T20:01:27","modified_gmt":"2013-01-28T19:01:27","slug":"introduccion","status":"publish","type":"page","link":"https:\/\/blogs.ua.es\/epidemiasalicante\/introduccion\/","title":{"rendered":"Introducci\u00f3n"},"content":{"rendered":"<p style=\"text-align: justify\">El tema elegido para el blog es la situaci\u00f3n epidem\u00edologica y la respuesta de las instituciones en materia de Salud P\u00fablica, en Alicante, durante el siglo XIX. Adem\u00e1s tambi\u00e9n encontrar\u00e9is informaci\u00f3n de la situaci\u00f3n de Espa\u00f1a durante ese periodo y cual era la problem\u00e1tica en cuesti\u00f3n de medidas higienico-sanitarias en nuestro pa\u00eds.<\/p>\n<p style=\"text-align: justify\">Se pretende el acercamiento a esta situaci\u00f3n durante dicho periodo,\u00a0 con el objeto de conocer un poco m\u00e1s la historia de nuestra tierra y tambi\u00e9n\u00a0 poder tener informaci\u00f3n recogida de publicaciones y documentos de la \u00e9poca adem\u00e1s de las nuevas investigaciones llevadas a cabo por historiadores.<\/p>\n<p style=\"text-align: justify\">Sirva tambi\u00e9n como homenaje al Doctor Balmis, un ilustre alicantino que con su dedicaci\u00f3n a la ciencia de la medicina y logr\u00f3 salvar muchas vidas que gracias a su tenacidad y valent\u00eda logr\u00f3 salvar la vida de mucha v\u00edctimas de la viruela. Y para que se conozca y valore m\u00e1s su figura os an\u00edmo a que visit\u00e9is el video que ha realizado Taller Digital de la Universidad de Alicante y que os ser\u00e1 f\u00e1cil de encontrar en el recorrido por el blog pues forma parte de unas de sus entradas.<\/p>\n<p style=\"text-align: justify\">\n","protected":false},"excerpt":{"rendered":"<p>El tema elegido para el blog es la situaci\u00f3n epidem\u00edologica y la respuesta de las instituciones en materia de Salud P\u00fablica, en Alicante, durante el siglo XIX. Adem\u00e1s tambi\u00e9n encontrar\u00e9is informaci\u00f3n de la situaci\u00f3n de Espa\u00f1a durante ese periodo y cual era la problem\u00e1tica en cuesti\u00f3n de medidas higienico-sanitarias en nuestro pa\u00eds. Se pretende el [&hellip;]<\/p>\n","protected":false},"author":2977,"featured_media":0,"parent":0,"menu_order":2,"comment_status":"open","ping_status":"open","template":"","meta":{"footnotes":""},"class_list":["post-94","page","type-page","status-publish","hentry"],"_links":{"self":[{"href":"https:\/\/blogs.ua.es\/epidemiasalicante\/wp-json\/wp\/v2\/pages\/94","targetHints":{"allow":["GET"]}}],"collection":[{"href":"https:\/\/blogs.ua.es\/epidemiasalicante\/wp-json\/wp\/v2\/pages"}],"about":[{"href":"https:\/\/blogs.ua.es\/epidemiasalicante\/wp-json\/wp\/v2\/types\/page"}],"author":[{"embeddable":true,"href":"https:\/\/blogs.ua.es\/epidemiasalicante\/wp-json\/wp\/v2\/users\/2977"}],"replies":[{"embeddable":true,"href":"https:\/\/blogs.ua.es\/epidemiasalicante\/wp-json\/wp\/v2\/comments?post=94"}],"version-history":[{"count":10,"href":"https:\/\/blogs.ua.es\/epidemiasalicante\/wp-json\/wp\/v2\/pages\/94\/revisions"}],"predecessor-version":[{"id":244,"href":"https:\/\/blogs.ua.es\/epidemiasalicante\/wp-json\/wp\/v2\/pages\/94\/revisions\/244"}],"wp:attachment":[{"href":"https:\/\/blogs.ua.es\/epidemiasalicante\/wp-json\/wp\/v2\/media?parent=94"}],"curies":[{"name":"wp","href":"https:\/\/api.w.org\/{rel}","templated":true}]}}