{"id":10,"date":"2010-03-04T14:38:15","date_gmt":"2010-03-04T14:38:15","guid":{"rendered":"https:\/\/blogs.ua.es\/erasmoderotterdam\/?page_id=10"},"modified":"2010-07-02T15:37:00","modified_gmt":"2010-07-02T15:37:00","slug":"bibliografia","status":"publish","type":"page","link":"https:\/\/blogs.ua.es\/erasmoderotterdam\/bibliografia\/","title":{"rendered":"Biograf\u00eda"},"content":{"rendered":"<p style=\"text-align: center\">\u00a0<\/p>\n<p style=\"text-align: justify\"><strong>\u00a0\u00a0\u00a0\u00a0\u00a0\u00a0\u00a0\u00a0\u00a0\u00a0\u00a0\u00a0\u00a0\u00a0\u00a0\u00a0\u00a0\u00a0\u00a0\u00a0\u00a0\u00a0\u00a0\u00a0\u00a0\u00a0\u00a0\u00a0\u00a0\u00a0\u00a0\u00a0\u00a0 <a href=\"https:\/\/blogs.ua.es\/erasmoderotterdam\/files\/2010\/03\/retrato_pintado_por_Hans_holbein_en_1523_se_encuentra_en_la_National_Gallery.jpg\"><img loading=\"lazy\" decoding=\"async\" class=\"aligncenter size-thumbnail wp-image-386\" title=\"retrato_pintado_por_Hans_holbein_en_1523_se_encuentra_en_la_National_Gallery\" src=\"https:\/\/blogs.ua.es\/erasmoderotterdam\/files\/2010\/03\/retrato_pintado_por_Hans_holbein_en_1523_se_encuentra_en_la_National_Gallery-150x150.jpg\" alt=\"\" width=\"150\" height=\"150\" \/><\/a>\u00a0\u00a0<\/strong><\/p>\n<p style=\"text-align: justify\"><strong>Imagen obtenida de:<\/strong><\/p>\n<p style=\"text-align: justify\"><a href=\"http:\/\/ultraje-textual.blogspot.com\/2008\/01\/la-lengua-es-del-pueblo-y-es-callejera.html\"><strong>http:\/\/ultraje-textual.blogspot.com\/2008\/01\/la-lengua-es-del-pueblo-y-es-callejera.html<\/strong><\/a><\/p>\n<p style=\"text-align: justify\"><strong>\u00a0\u00a0\u00a0\u00a0\u00a0 En este famoso retrato de Holbein el Joven, un escritor moderno, sumergido en un mundo dif\u00edcil, agitado y hura\u00f1o, admira, sobre todo, dos cosas: lo recoleto y lo sosegado de este gabinete que se adivina aislado del exterior por una suntuosa cortina, y esa mano peque\u00f1a, fina, serena, posada sobre el papel con dulce firmeza, que va trazando menudos y pulcros rasgos con tanta seguridad y tantos arrestos, que parece incansable e incoercible. Se trata de Erasmo de Rotterdam, una de las figuras de la historia literaria que han ganado m\u00e1s honra y provecho con la pluma. Merced a ella remontar\u00e1 la adversa corriente de su nacimiento natural a la que le lanza su padre, el eclesi\u00e1stico Gerardo de Prael, unido il\u00edcitamente con una joven de procedencia burguesa de la que ya ten\u00eda otro hijo.\u00a0\u00a0\u00a0<\/strong><\/p>\n<p style=\"text-align: justify\"><strong>\u00a0\u00a0\u00a0\u00a0 As\u00ed pues, en torno a 1467, nace en Gouda (cerca de Rotterdam) con el nombre de Geert Geertsz el hombre que m\u00e1s tarde ser\u00e1 conocido como Desiderio Erasmo de Rotterdam. Muy susceptible a la ilegitimidad de su origen, toda su vida procurar\u00e1 ocultar esta mancha, que nunca dejar\u00e1 de pesar sobre \u00e9l.<\/strong><\/p>\n<p style=\"text-align: justify\"><strong>\u00a0\u00a0\u00a0\u00a0 Junto con su hermano mayor es enviado con s\u00f3lo cuatro a\u00f1os a la escuela de Gouda. A los nueve, su padre le manda a Deventer, donde prosigue sus estudios entre 1475 y 1484. En los \u00faltimos tiempos de su estancia all\u00ed, preside la escuela Alejandro Hegius, continuador de la obra de Rodolfo Agr\u00edcola, al cual tiene ocasi\u00f3n de o\u00edr en un discurso pronunciado en la Escuela agr\u00edcola, que deja una honda impresi\u00f3n en el esp\u00edritu del joven.<\/strong><\/p>\n<p style=\"text-align: justify\"><strong>\u00a0\u00a0\u00a0\u00a0 La muerte de su madre como consecuencia de la peste pone fin a su estancia en Deventer. Su padre morir\u00e1 poco despu\u00e9s. Erasmo y su hermano quedan bajo el cuidado hostil de tres tutores, que les persuaden de entrar en un monasterio con el fin de librarse de esta tarea y poder repartirse su patrimonio familiar.\u00a0<\/strong><\/p>\n<p style=\"text-align: justify\"><strong>\u00a0\u00a0\u00a0\u00a0 A los veinte a\u00f1os (en 1487) entra en el monasterio de Steyn contra su voluntad. Pese a la repulsi\u00f3n que le produce la vida monacal profesa en la orden agustina en 1492 y pasa al a\u00f1o siguiente a trabajar como secretario del obispo de Cambrai, que necesita un buen latinista. Con \u00e9ste recorre los Pa\u00edses Bajos. M\u00e1s tarde, en 1495, le autoriza a marchar a Par\u00eds para estudiar en la Sorbona, la universidad m\u00e1s famosa de la \u00e9poca, en la cual reina una gran efervescencia debido al enfrentamiento entre tradicionalistas y reformistas. All\u00ed se forma en teolog\u00eda y comienza a sentir un hondo rechazo hacia el escolasticismo.<\/strong><\/p>\n<p style=\"text-align: justify\"><strong>\u00a0\u00a0\u00a0 Pero en 1496, enfermo, deja Par\u00eds y marcha a Holanda. Meses m\u00e1s tarde volver\u00e1 a la capital francesa, donde vivir\u00e1 dando lecciones a j\u00f3venes ricos. En 1499 marcha a Inglaterra. En Oxford descubre la m\u00e1s libre y atrevida concepci\u00f3n de la teolog\u00eda. Al mismo tiempo, la importancia que va adquiriendo en el mundo del pensamiento hace que los mejores esp\u00edritus se conviertan en amigos y protectores suyos: John Colet, Tom\u00e1s Moro, John Fisher\u2026<\/strong><\/p>\n<p style=\"text-align: justify\"><strong>\u00a0\u00a0\u00a0\u00a0 En septiembre de 1506, Erasmo est\u00e1 en Tur\u00edn, donde toma el grado de doctor en teolog\u00eda. Recorre a partir de entonces algunas de las principales ciudades italianas estudiando y trabajando sin cesar. \u00c9sta es una de las etapas m\u00e1s fruct\u00edferas de su vida. Pero Italia no le satisface, y regresa a Inglaterra al tiempo que sube al trono Enrique VIII. Poco despu\u00e9s, en 1516, es nombrado en Basilea consejero del emperador Carlos V.<\/strong><\/p>\n<p style=\"text-align: justify\"><strong>\u00a0 \u00a0\u00a0\u00a0En 1517, despu\u00e9s de negarse a regresar al monasterio, el papa Le\u00f3n X le dispensa de llevar el h\u00e1bito. Su fama alcanza en estos a\u00f1os su m\u00e1ximo esplendor. Pero desde que en 1519 Lutero intenta atraerle a su lado ambos se convierten en el centro de todas las miradas. \u00a0<\/strong><\/p>\n<p style=\"text-align: justify\"><strong>\u00a0\u00a0\u00a0\u00a0 A partir de 1521 Erasmo fija su residencia en Basilea. Sin embargo, en 1530, ya al final de su vida, se instala en Friburgo. En estos \u00faltimos a\u00f1os rechaza el capelo cardenalicio que le ofrece el papa. Finalmente, la muerte le sorprende el 12 de julio de 1536.<\/strong><\/p>\n<p style=\"text-align: justify\"><strong>\u00a0\u00a0\u00a0\u00a0 Fuentes:<\/strong><\/p>\n<p style=\"text-align: justify\"><strong>-DE ROTTERDAM, Erasmo, <em>Elogio de la locura o encomio de la estulticia<\/em>, edici\u00f3n y traducci\u00f3n a cargo de Pedro Voltes, introducci\u00f3n de Juan Antonio MarinaMadrid, Espasa Calpe, colecci\u00f3n Austral, 2008, 16\u00aa ed.<\/strong><\/p>\n<p style=\"text-align: justify\"><strong>-DE ROTTERDAM, Erasmo, <em>Elogio de la locura<\/em>, edici\u00f3n a cargo de Teresa Suero Roca, Barcelona, Bruguera, 1974.<\/strong><\/p>\n<p style=\"text-align: justify\"><strong>&#8211;<\/strong><a href=\"http:\/\/www.cibernous.com\/autores\/erasmo\/teoria\/semblanza.html\" target=\"_blank\"><strong>http:\/\/www.cibernous.com\/autores\/erasmo\/teoria\/semblanza.html<\/strong><\/a><\/p>\n<p style=\"text-align: justify\"><strong>\u00a0&#8211;<\/strong><a href=\"http:\/\/www.trazegnies.arrakis.es\/bioerasm.html\" target=\"_blank\"><strong>http:\/\/www.trazegnies.arrakis.es\/bioerasm.html<\/strong><\/a><\/p>\n<p><code>[kml_flashembed movie=\"http:\/\/www.youtube.com\/v\/fATQOl3fQSI\" width=\"425\" height=\"350\" wmode=\"transparent\" \/]<\/code><\/p>\n","protected":false},"excerpt":{"rendered":"<p>\u00a0 \u00a0\u00a0\u00a0\u00a0\u00a0\u00a0\u00a0\u00a0\u00a0\u00a0\u00a0\u00a0\u00a0\u00a0\u00a0\u00a0\u00a0\u00a0\u00a0\u00a0\u00a0\u00a0\u00a0\u00a0\u00a0\u00a0\u00a0\u00a0\u00a0\u00a0\u00a0\u00a0\u00a0 \u00a0\u00a0 Imagen obtenida de: http:\/\/ultraje-textual.blogspot.com\/2008\/01\/la-lengua-es-del-pueblo-y-es-callejera.html \u00a0\u00a0\u00a0\u00a0\u00a0 En este famoso retrato de Holbein el Joven, un escritor moderno, sumergido en un mundo dif\u00edcil, agitado y hura\u00f1o, admira, sobre todo, dos cosas: lo recoleto y lo sosegado de este gabinete que se adivina aislado del exterior por una suntuosa cortina, y esa mano peque\u00f1a, fina, [&hellip;]<\/p>\n","protected":false},"author":1672,"featured_media":0,"parent":0,"menu_order":1,"comment_status":"open","ping_status":"open","template":"","meta":{"footnotes":""},"class_list":["post-10","page","type-page","status-publish","hentry"],"_links":{"self":[{"href":"https:\/\/blogs.ua.es\/erasmoderotterdam\/wp-json\/wp\/v2\/pages\/10","targetHints":{"allow":["GET"]}}],"collection":[{"href":"https:\/\/blogs.ua.es\/erasmoderotterdam\/wp-json\/wp\/v2\/pages"}],"about":[{"href":"https:\/\/blogs.ua.es\/erasmoderotterdam\/wp-json\/wp\/v2\/types\/page"}],"author":[{"embeddable":true,"href":"https:\/\/blogs.ua.es\/erasmoderotterdam\/wp-json\/wp\/v2\/users\/1672"}],"replies":[{"embeddable":true,"href":"https:\/\/blogs.ua.es\/erasmoderotterdam\/wp-json\/wp\/v2\/comments?post=10"}],"version-history":[{"count":21,"href":"https:\/\/blogs.ua.es\/erasmoderotterdam\/wp-json\/wp\/v2\/pages\/10\/revisions"}],"predecessor-version":[{"id":12,"href":"https:\/\/blogs.ua.es\/erasmoderotterdam\/wp-json\/wp\/v2\/pages\/10\/revisions\/12"}],"wp:attachment":[{"href":"https:\/\/blogs.ua.es\/erasmoderotterdam\/wp-json\/wp\/v2\/media?parent=10"}],"curies":[{"name":"wp","href":"https:\/\/api.w.org\/{rel}","templated":true}]}}