{"id":2,"date":"2010-03-04T13:40:07","date_gmt":"2010-03-04T13:40:07","guid":{"rendered":""},"modified":"2010-06-04T17:43:28","modified_gmt":"2010-06-04T17:43:28","slug":"informacion","status":"publish","type":"page","link":"https:\/\/blogs.ua.es\/erasmoderotterdam\/informacion\/","title":{"rendered":"Informaci\u00f3n"},"content":{"rendered":"<p style=\"text-align: justify\">\u00a0\u00a0\u00a0\u00a0 <strong>Este blog, que en estos momentos apenas estoy comenzando, tiene como objeto el an\u00e1lisis de una de las obras m\u00e1s conocidas de Erasmo de Rotterdam,\u00a0su <em>Elogio de la locura o encomio de la estulticia. <\/em>Para ello, me he propuesto comenzar conociendo los aspectos externos que la rodean y\u00a0 de los cuales, al fin y al cabo, es fruto (la \u00e9poca en la que se escribe, la vida del hombre que la redacta,\u00a0la forma de pensar\u00a0de dicho hombre&#8230;) para m\u00e1s tarde intentar analizarla, siempre desde un punto de vista personal y adaptado a nuestros d\u00edas. Como pod\u00e9is ver se trata de un gran reto, y todav\u00eda no s\u00e9 c\u00f3mo acabar\u00e1 (precisamente en el an\u00e1lisis de una obra de estas caracter\u00edsticas lo dif\u00edcil es decidir cuando poner punto y final).<\/strong><\/p>\n<p style=\"text-align: justify\"><strong>\u00a0\u00a0\u00a0\u00a0 Por otra parte, debo decir que la idea de\u00a0iniciar este proyecto\u00a0no ha sido m\u00eda. Soy estudiante de cuarto curso de la <a href=\"http:\/\/cv1.cpd.ua.es\/consplanesestudio\/cvAsignaturas.asp?wCodEst=B002&amp;Lengua=C\" target=\"_blank\">Licenciatura de Historia <\/a>en la <a href=\"http:\/\/www.ua.es\/\" target=\"_blank\">Universidad de Alicante <\/a>y realizar un blog sobre un pensador moderno es la parte pr\u00e1ctica de una de las optativas que he elegido para este a\u00f1o: <a href=\"http:\/\/\" target=\"_blank\">Ideas y\u00a0<\/a><\/strong><strong><a href=\"http:\/\/\" target=\"_blank\">movimientos sociales y\u00a0 pol\u00edticos en la Edad Moderna<\/a>. De entre todos los autores propuestos para ello escog\u00ed a Erasmo y a esta conocida obra suya. \u00bfPor qu\u00e9 lo hice? Creo que es dif\u00edcil permanecer impasible ante una figura de este tipo, aunque esto es algo que se podr\u00eda aplicar a la mayor\u00eda de los pensadores que se propon\u00edan. Tal vez por eso no pueda evitar referirme en determinados momentos a algunos de ellos, pues, adem\u00e1s, muchos de ellos compartieron tiempo, espacio y algunas ideas con Erasmo.<\/strong><\/p>\n","protected":false},"excerpt":{"rendered":"<p>\u00a0\u00a0\u00a0\u00a0 Este blog, que en estos momentos apenas estoy comenzando, tiene como objeto el an\u00e1lisis de una de las obras m\u00e1s conocidas de Erasmo de Rotterdam,\u00a0su Elogio de la locura o encomio de la estulticia. Para ello, me he propuesto comenzar conociendo los aspectos externos que la rodean y\u00a0 de los cuales, al fin y [&hellip;]<\/p>\n","protected":false},"author":1672,"featured_media":0,"parent":0,"menu_order":5,"comment_status":"open","ping_status":"open","template":"","meta":{"footnotes":""},"class_list":["post-2","page","type-page","status-publish","hentry"],"_links":{"self":[{"href":"https:\/\/blogs.ua.es\/erasmoderotterdam\/wp-json\/wp\/v2\/pages\/2","targetHints":{"allow":["GET"]}}],"collection":[{"href":"https:\/\/blogs.ua.es\/erasmoderotterdam\/wp-json\/wp\/v2\/pages"}],"about":[{"href":"https:\/\/blogs.ua.es\/erasmoderotterdam\/wp-json\/wp\/v2\/types\/page"}],"author":[{"embeddable":true,"href":"https:\/\/blogs.ua.es\/erasmoderotterdam\/wp-json\/wp\/v2\/users\/1672"}],"replies":[{"embeddable":true,"href":"https:\/\/blogs.ua.es\/erasmoderotterdam\/wp-json\/wp\/v2\/comments?post=2"}],"version-history":[{"count":5,"href":"https:\/\/blogs.ua.es\/erasmoderotterdam\/wp-json\/wp\/v2\/pages\/2\/revisions"}],"predecessor-version":[{"id":326,"href":"https:\/\/blogs.ua.es\/erasmoderotterdam\/wp-json\/wp\/v2\/pages\/2\/revisions\/326"}],"wp:attachment":[{"href":"https:\/\/blogs.ua.es\/erasmoderotterdam\/wp-json\/wp\/v2\/media?parent=2"}],"curies":[{"name":"wp","href":"https:\/\/api.w.org\/{rel}","templated":true}]}}